{"id":9794,"date":"2021-02-25T01:45:33","date_gmt":"2021-02-25T04:45:33","guid":{"rendered":"https:\/\/laylascrapearts.com.br\/?post_type=product&#038;p=9794"},"modified":"2021-02-25T03:37:27","modified_gmt":"2021-02-25T06:37:27","slug":"carimbo-viva-seu-momento-alfabeto","status":"publish","type":"product","link":"https:\/\/laylascrapearts.com.br\/wp\/produto\/carimbo-viva-seu-momento-alfabeto\/","title":{"rendered":"Cartela de Carimbos Viva Seu Momento ALFABETO"},"content":{"rendered":"<p>Cartela Clear Stamps de carimbos de silicone &#8211; tamanho da cartela 12x10cm com letras na altura de 2,5cm,<\/p>\n<p>alfabeto completo mais acentua\u00e7\u00e3o e \u00c7<\/p>\n<p>Para us\u00e1-lo, \u00e9 necess\u00e1rio retirar da pel\u00edcula transparente e aplicar em base para carimbos <a href=\"https:\/\/laylascrapearts.com.br\/categoria-produto\/ferramentas\/bases-de-precisao\/\">https:\/\/laylascrapearts.com.br\/categoria-produto\/ferramentas\/bases-de-precisao\/<\/a><\/p>\n","protected":false},"excerpt":{"rendered":"<p>PRODUTO: Cartela de Carimbos<br \/>\nCOLE\u00c7\u00c3O: Viva Seu Momento<br \/>\nTEMA: Alfabeto<br \/>\nMATERIAL: Silicone [&#8230;]<\/p>\n<p><a class=\"btn btn-secondary understrap-read-more-link\" href=\"https:\/\/laylascrapearts.com.br\/wp\/produto\/carimbo-viva-seu-momento-alfabeto\/\">Leia mais&#8230;<\/a><\/p>\n","protected":false},"featured_media":9764,"comment_status":"open","ping_status":"closed","template":"","meta":[],"product_brand":[],"product_cat":[154,228],"product_tag":[359,230,1036,1185],"class_list":{"0":"post-9794","1":"product","2":"type-product","3":"status-publish","4":"has-post-thumbnail","6":"product_cat-carimbos","7":"product_cat-scrap-goodies-carimbos","8":"product_tag-alfabeto","9":"product_tag-scrap-goodies","10":"product_tag-titulo","11":"product_tag-viva-seu-momento","13":"first","14":"instock","15":"taxable","16":"shipping-taxable","17":"purchasable","18":"product-type-simple"},"_links":{"self":[{"href":"https:\/\/laylascrapearts.com.br\/wp\/wp-json\/wp\/v2\/product\/9794","targetHints":{"allow":["GET"]}}],"collection":[{"href":"https:\/\/laylascrapearts.com.br\/wp\/wp-json\/wp\/v2\/product"}],"about":[{"href":"https:\/\/laylascrapearts.com.br\/wp\/wp-json\/wp\/v2\/types\/product"}],"replies":[{"embeddable":true,"href":"https:\/\/laylascrapearts.com.br\/wp\/wp-json\/wp\/v2\/comments?post=9794"}],"wp:featuredmedia":[{"embeddable":true,"href":"https:\/\/laylascrapearts.com.br\/wp\/wp-json\/wp\/v2\/media\/9764"}],"wp:attachment":[{"href":"https:\/\/laylascrapearts.com.br\/wp\/wp-json\/wp\/v2\/media?parent=9794"}],"wp:term":[{"taxonomy":"product_brand","embeddable":true,"href":"https:\/\/laylascrapearts.com.br\/wp\/wp-json\/wp\/v2\/product_brand?post=9794"},{"taxonomy":"product_cat","embeddable":true,"href":"https:\/\/laylascrapearts.com.br\/wp\/wp-json\/wp\/v2\/product_cat?post=9794"},{"taxonomy":"product_tag","embeddable":true,"href":"https:\/\/laylascrapearts.com.br\/wp\/wp-json\/wp\/v2\/product_tag?post=9794"}],"curies":[{"name":"wp","href":"https:\/\/api.w.org\/{rel}","templated":true}]}}