{"id":9560,"date":"2021-02-06T20:38:46","date_gmt":"2021-02-06T23:38:46","guid":{"rendered":"https:\/\/laylascrapearts.com.br\/?post_type=product&#038;p=9560"},"modified":"2024-02-14T00:26:28","modified_gmt":"2024-02-14T03:26:28","slug":"caderno-scrap-minuto-correio-do-amor-2","status":"publish","type":"product","link":"https:\/\/laylascrapearts.com.br\/wp\/produto\/caderno-scrap-minuto-correio-do-amor-2\/","title":{"rendered":"Caderno Scrap Minuto PLANNER CORREIO DO AMOR"},"content":{"rendered":"<p>Caderno de capa fofa e personalizada para usar para anota\u00e7\u00f5es, scrapbook, bullet, sketchbook, travel notebook ou como preferir.<br \/>\nMiolo PLANNER<\/p>\n<p>Voc\u00ea pode juntar 4 cadernos para fazer o seu Scrap Minuto;<\/p>\n<ul>\n<li>Miolo com 24 folhas (48 p\u00e1ginas);<\/li>\n<li>Miolo em papel offset (branco) 120g\/m\u00b2, gramatura \u00f3tima para usar qualquer tipo de caneta e n\u00e3o marcar do outro lado<\/li>\n<li>Dimens\u00f5es do bloco: 19,6 cm x 13,6 cm<\/li>\n<li>Capa personalizada com os designs da JuJu Scrapbook<\/li>\n<\/ul>\n","protected":false},"excerpt":{"rendered":"<p>PRODUTO: Caderno para Scrap Minuto<\/p>\n<p>MARCA: Juju ScrapBook<\/p>\n<p>TEMA: Correio do Amor<\/p>\n<p>COLE\u00c7\u00c3O: Cartas Para Voc\u00ea<\/p>\n<p>EMBALAGEM COM 01 unidade<\/p>\n<p>MIOLO PLANNER [&#8230;]<\/p>\n<p><a class=\"btn btn-secondary understrap-read-more-link\" href=\"https:\/\/laylascrapearts.com.br\/wp\/produto\/caderno-scrap-minuto-correio-do-amor-2\/\">Leia mais&#8230;<\/a><\/p>\n","protected":false},"featured_media":8563,"comment_status":"open","ping_status":"closed","template":"","meta":[],"product_brand":[],"product_cat":[25,1140,1141],"product_tag":[1142,354],"class_list":{"0":"post-9560","1":"product","2":"type-product","3":"status-publish","4":"has-post-thumbnail","6":"product_cat-agendas","7":"product_cat-outlet","8":"product_cat-scrap-minuto","9":"product_tag-cartas-para-voce","10":"product_tag-juju-scrapbook","12":"first","13":"instock","14":"sale","15":"taxable","16":"shipping-taxable","17":"purchasable","18":"product-type-simple"},"_links":{"self":[{"href":"https:\/\/laylascrapearts.com.br\/wp\/wp-json\/wp\/v2\/product\/9560","targetHints":{"allow":["GET"]}}],"collection":[{"href":"https:\/\/laylascrapearts.com.br\/wp\/wp-json\/wp\/v2\/product"}],"about":[{"href":"https:\/\/laylascrapearts.com.br\/wp\/wp-json\/wp\/v2\/types\/product"}],"replies":[{"embeddable":true,"href":"https:\/\/laylascrapearts.com.br\/wp\/wp-json\/wp\/v2\/comments?post=9560"}],"wp:featuredmedia":[{"embeddable":true,"href":"https:\/\/laylascrapearts.com.br\/wp\/wp-json\/wp\/v2\/media\/8563"}],"wp:attachment":[{"href":"https:\/\/laylascrapearts.com.br\/wp\/wp-json\/wp\/v2\/media?parent=9560"}],"wp:term":[{"taxonomy":"product_brand","embeddable":true,"href":"https:\/\/laylascrapearts.com.br\/wp\/wp-json\/wp\/v2\/product_brand?post=9560"},{"taxonomy":"product_cat","embeddable":true,"href":"https:\/\/laylascrapearts.com.br\/wp\/wp-json\/wp\/v2\/product_cat?post=9560"},{"taxonomy":"product_tag","embeddable":true,"href":"https:\/\/laylascrapearts.com.br\/wp\/wp-json\/wp\/v2\/product_tag?post=9560"}],"curies":[{"name":"wp","href":"https:\/\/api.w.org\/{rel}","templated":true}]}}