{"id":9300,"date":"2020-12-25T23:54:25","date_gmt":"2020-12-26T02:54:25","guid":{"rendered":"https:\/\/laylascrapearts.com.br\/?post_type=product&#038;p=9300"},"modified":"2024-03-02T02:39:44","modified_gmt":"2024-03-02T05:39:44","slug":"aplique-em-camada-de-chipboard-xoxo","status":"publish","type":"product","link":"https:\/\/laylascrapearts.com.br\/wp\/produto\/aplique-em-camada-de-chipboard-xoxo\/","title":{"rendered":"Aplique em Camada de Chipboard &#8211; XOXO"},"content":{"rendered":"<p>Aplique em CAMADA Chipboard<\/p>\n<p>Medida Aproximada: 7,2cm x 5,2cm<\/p>\n<p>Embalagem cont\u00e9m 03 pe\u00e7as = 01 t\u00edtulo<\/p>\n<p>N\u00c3O \u00c9 COLORIDO!<\/p>\n<p>Voc\u00ea pode colorir com carimbeiras, tintas spray, glitter, emboss e muito mais, para combinar com o seu projeto!<\/p>\n<p>&nbsp;<\/p>\n","protected":false},"excerpt":{"rendered":"<p>PRODUTO: T\u00edtulo em CAMADA de Chipboard<br \/>\nTEMA: XOXO<\/p>\n<p>MEDIDA APROXIMADA: 7,2cm x 5,2cm<\/p>\n<p>MATERIAL: Chipboard<\/p>\n<p>Embalagem com 03 pe\u00e7as = 01 t\u00edtulo [&#8230;]<\/p>\n<p><a class=\"btn btn-secondary understrap-read-more-link\" href=\"https:\/\/laylascrapearts.com.br\/wp\/produto\/aplique-em-camada-de-chipboard-xoxo\/\">Leia mais&#8230;<\/a><\/p>\n","protected":false},"featured_media":9282,"comment_status":"open","ping_status":"closed","template":"","meta":[],"product_brand":[],"product_cat":[24,165],"product_tag":[1036],"class_list":{"0":"post-9300","1":"product","2":"type-product","3":"status-publish","4":"has-post-thumbnail","6":"product_cat-acessorios","7":"product_cat-chipboard-apliques","8":"product_tag-titulo","10":"first","11":"instock","12":"taxable","13":"shipping-taxable","14":"purchasable","15":"product-type-simple"},"_links":{"self":[{"href":"https:\/\/laylascrapearts.com.br\/wp\/wp-json\/wp\/v2\/product\/9300","targetHints":{"allow":["GET"]}}],"collection":[{"href":"https:\/\/laylascrapearts.com.br\/wp\/wp-json\/wp\/v2\/product"}],"about":[{"href":"https:\/\/laylascrapearts.com.br\/wp\/wp-json\/wp\/v2\/types\/product"}],"replies":[{"embeddable":true,"href":"https:\/\/laylascrapearts.com.br\/wp\/wp-json\/wp\/v2\/comments?post=9300"}],"wp:featuredmedia":[{"embeddable":true,"href":"https:\/\/laylascrapearts.com.br\/wp\/wp-json\/wp\/v2\/media\/9282"}],"wp:attachment":[{"href":"https:\/\/laylascrapearts.com.br\/wp\/wp-json\/wp\/v2\/media?parent=9300"}],"wp:term":[{"taxonomy":"product_brand","embeddable":true,"href":"https:\/\/laylascrapearts.com.br\/wp\/wp-json\/wp\/v2\/product_brand?post=9300"},{"taxonomy":"product_cat","embeddable":true,"href":"https:\/\/laylascrapearts.com.br\/wp\/wp-json\/wp\/v2\/product_cat?post=9300"},{"taxonomy":"product_tag","embeddable":true,"href":"https:\/\/laylascrapearts.com.br\/wp\/wp-json\/wp\/v2\/product_tag?post=9300"}],"curies":[{"name":"wp","href":"https:\/\/api.w.org\/{rel}","templated":true}]}}