{"id":9239,"date":"2020-12-23T10:03:15","date_gmt":"2020-12-23T13:03:15","guid":{"rendered":"https:\/\/laylascrapearts.com.br\/?post_type=product&#038;p=9239"},"modified":"2026-04-16T15:59:31","modified_gmt":"2026-04-16T18:59:31","slug":"decortela-perolado-steigleder-rosa-cha","status":"publish","type":"product","link":"https:\/\/laylascrapearts.com.br\/wp\/produto\/decortela-perolado-steigleder-rosa-cha\/","title":{"rendered":"Decortela Perolado Steigleder ROSA CH\u00c1"},"content":{"rendered":"<p>Decortela \u00e9 uma trama t\u00eaxtil, tamb\u00e9m conhecida como tela esc\u00f3cia, feita com fio de algod\u00e3o!<\/p>\n<p>Tem uma apar\u00eancia fina, delicada, engomada, prontinha para voc\u00ea cortar, costurar, vincar e\/ ou modelar, com diversas finalidades no artesanato em geral!<\/p>\n<p>S\u00e3o 20 op\u00e7\u00f5es de cores, metalizado e perolado, medindo 30,5 x 30,5! A medida certa!<\/p>\n<p>Vem sendo muito utilizada em projetos de scrapbooking! \u00c9 mais um material incr\u00edvel pra voc\u00ea fazer um layout diferent\u00e3o!<\/p>\n<p>&nbsp;<\/p>\n<p>Algumas id\u00e9ias para voc\u00ea usar a Decortela:<\/p>\n<p>-projetos de scrapbooking<\/p>\n<p>-flores decorativas<\/p>\n<p>-convites<\/p>\n<p>-embalagens<\/p>\n<p>-decora\u00e7\u00e3o de festas<\/p>\n<p>-la\u00e7os<\/p>\n<p>-lembran\u00e7as<\/p>\n<p>-mimos de luxo<\/p>\n<p>-forminhas para doces<\/p>\n<p>-artesanatos em geral<\/p>\n","protected":false},"excerpt":{"rendered":"<p>PRODUTO: Trama Decortela<br \/>\nCOR: Rosa Ch\u00e1 Perolado<br \/>\nMARCA: Steigleder Textil<\/p>\n<p>Cont\u00e9m 01 unidade 30,5cm x 30,5cm [&#8230;]<\/p>\n<p><a class=\"btn btn-secondary understrap-read-more-link\" href=\"https:\/\/laylascrapearts.com.br\/wp\/produto\/decortela-perolado-steigleder-rosa-cha\/\">Leia mais&#8230;<\/a><\/p>\n","protected":false},"featured_media":9224,"comment_status":"open","ping_status":"closed","template":"","meta":[],"product_brand":[],"product_cat":[24,1163],"product_tag":[],"class_list":{"0":"post-9239","1":"product","2":"type-product","3":"status-publish","4":"has-post-thumbnail","6":"product_cat-acessorios","7":"product_cat-decortela","9":"first","10":"instock","11":"taxable","12":"shipping-taxable","13":"purchasable","14":"product-type-simple"},"_links":{"self":[{"href":"https:\/\/laylascrapearts.com.br\/wp\/wp-json\/wp\/v2\/product\/9239","targetHints":{"allow":["GET"]}}],"collection":[{"href":"https:\/\/laylascrapearts.com.br\/wp\/wp-json\/wp\/v2\/product"}],"about":[{"href":"https:\/\/laylascrapearts.com.br\/wp\/wp-json\/wp\/v2\/types\/product"}],"replies":[{"embeddable":true,"href":"https:\/\/laylascrapearts.com.br\/wp\/wp-json\/wp\/v2\/comments?post=9239"}],"wp:featuredmedia":[{"embeddable":true,"href":"https:\/\/laylascrapearts.com.br\/wp\/wp-json\/wp\/v2\/media\/9224"}],"wp:attachment":[{"href":"https:\/\/laylascrapearts.com.br\/wp\/wp-json\/wp\/v2\/media?parent=9239"}],"wp:term":[{"taxonomy":"product_brand","embeddable":true,"href":"https:\/\/laylascrapearts.com.br\/wp\/wp-json\/wp\/v2\/product_brand?post=9239"},{"taxonomy":"product_cat","embeddable":true,"href":"https:\/\/laylascrapearts.com.br\/wp\/wp-json\/wp\/v2\/product_cat?post=9239"},{"taxonomy":"product_tag","embeddable":true,"href":"https:\/\/laylascrapearts.com.br\/wp\/wp-json\/wp\/v2\/product_tag?post=9239"}],"curies":[{"name":"wp","href":"https:\/\/api.w.org\/{rel}","templated":true}]}}