{"id":9098,"date":"2020-12-08T17:11:15","date_gmt":"2020-12-08T20:11:15","guid":{"rendered":"https:\/\/laylascrapearts.com.br\/?post_type=product&#038;p=9098"},"modified":"2025-08-15T21:20:58","modified_gmt":"2025-08-16T00:20:58","slug":"cartela-de-carimbos-meu-coracao-e-seu-coracao-de-la","status":"publish","type":"product","link":"https:\/\/laylascrapearts.com.br\/wp\/produto\/cartela-de-carimbos-meu-coracao-e-seu-coracao-de-la\/","title":{"rendered":"Cartela de Carimbos Meu Cora\u00e7\u00e3o \u00e9 Seu CORA\u00c7\u00c3O DE L\u00c3"},"content":{"rendered":"<p><span lang=\"PT-BR\">-Produto especialmente indicado para projetos de SCRAPBOOK, SCRAP DECOR e ARTES EM GERAL;<\/span><\/p>\n<p><span lang=\"PT-BR\">-Para um melhor resultado no uso deste produto, utilize Bases Acr\u00edlicas ou de Precis\u00e3o como Precision Press, Stamp Press e etc:\u00a0<a href=\"https:\/\/laylascrapearts.com.br\/categoria-produto\/ferramentas\/bases-de-precisao\/\">https:\/\/laylascrapearts.com.br\/categoria-produto\/ferramentas\/bases-de-precisao\/<\/a><\/span><\/p>\n<p>-N\u00e3o guarde o carimbo antes de limp\u00e1-lo! Para uma maior durabilidade do produto, utilize len\u00e7o umedecido, \u00e1gua corrente ou limpa carimbos;<\/p>\n","protected":false},"excerpt":{"rendered":"<p>PRODUTO: Cartela de Carimbos<br \/>\nCOLE\u00c7\u00c3O: MEU CORA\u00c7\u00c3O \u00c9 SEU<br \/>\nTEMA: Cora\u00e7\u00e3o de L\u00e3<br \/>\nMATERIAL: Silicone [&#8230;]<\/p>\n<p><a class=\"btn btn-secondary understrap-read-more-link\" href=\"https:\/\/laylascrapearts.com.br\/wp\/produto\/cartela-de-carimbos-meu-coracao-e-seu-coracao-de-la\/\">Leia mais&#8230;<\/a><\/p>\n","protected":false},"featured_media":9086,"comment_status":"open","ping_status":"closed","template":"","meta":[],"product_brand":[],"product_cat":[154,155],"product_tag":[527,724,333,723,354,363],"class_list":{"0":"post-9098","1":"product","2":"type-product","3":"status-publish","4":"has-post-thumbnail","6":"product_cat-carimbos","7":"product_cat-juju-scrapbook-carimbos","8":"product_tag-baby","9":"product_tag-boy","10":"product_tag-coracao","11":"product_tag-girl","12":"product_tag-juju-scrapbook","13":"product_tag-meu-coracao-e-seu","15":"first","16":"instock","17":"taxable","18":"shipping-taxable","19":"purchasable","20":"product-type-simple"},"_links":{"self":[{"href":"https:\/\/laylascrapearts.com.br\/wp\/wp-json\/wp\/v2\/product\/9098","targetHints":{"allow":["GET"]}}],"collection":[{"href":"https:\/\/laylascrapearts.com.br\/wp\/wp-json\/wp\/v2\/product"}],"about":[{"href":"https:\/\/laylascrapearts.com.br\/wp\/wp-json\/wp\/v2\/types\/product"}],"replies":[{"embeddable":true,"href":"https:\/\/laylascrapearts.com.br\/wp\/wp-json\/wp\/v2\/comments?post=9098"}],"wp:featuredmedia":[{"embeddable":true,"href":"https:\/\/laylascrapearts.com.br\/wp\/wp-json\/wp\/v2\/media\/9086"}],"wp:attachment":[{"href":"https:\/\/laylascrapearts.com.br\/wp\/wp-json\/wp\/v2\/media?parent=9098"}],"wp:term":[{"taxonomy":"product_brand","embeddable":true,"href":"https:\/\/laylascrapearts.com.br\/wp\/wp-json\/wp\/v2\/product_brand?post=9098"},{"taxonomy":"product_cat","embeddable":true,"href":"https:\/\/laylascrapearts.com.br\/wp\/wp-json\/wp\/v2\/product_cat?post=9098"},{"taxonomy":"product_tag","embeddable":true,"href":"https:\/\/laylascrapearts.com.br\/wp\/wp-json\/wp\/v2\/product_tag?post=9098"}],"curies":[{"name":"wp","href":"https:\/\/api.w.org\/{rel}","templated":true}]}}