{"id":9047,"date":"2020-12-05T23:53:29","date_gmt":"2020-12-06T02:53:29","guid":{"rendered":"https:\/\/laylascrapearts.com.br\/?post_type=product&#038;p=9047"},"modified":"2023-04-29T22:26:58","modified_gmt":"2023-04-30T01:26:58","slug":"cartela-de-adesivos-pequenas-desbravadoras","status":"publish","type":"product","link":"https:\/\/laylascrapearts.com.br\/wp\/produto\/cartela-de-adesivos-pequenas-desbravadoras\/","title":{"rendered":"Cartela de Adesivos PEQUENAS DESBRAVADORAS"},"content":{"rendered":"<p>J\u00e1 pensou em um adesivo que n\u00e3o rasga, que, quando aplicado em seus trabalhos resulta em um acabamento perfeito (d\u00e1 at\u00e9 a impress\u00e3o de que foi pintado diretamente na sua superf\u00edcie).<\/p>\n<p>E se ele for livre de \u00e1cido, \u00e0 pova d&#8217;\u00e1gua e com corte milimetricamente desenhado no entorno do desenho?<\/p>\n<p>Pois este adesivo existe e tem estas estampas fofas da imagem, para trazer efeitos lindos em suas cria\u00e7\u00f5es!<\/p>\n<p>&nbsp;<\/p>\n<p>Material: vinil adesivo com recorte;<\/p>\n<p>Med. 9,5 x 15cm<\/p>\n<p>&nbsp;<\/p>\n","protected":false},"excerpt":{"rendered":"<p>PRODUTO: Cartela de Adesivos<br \/>\nCOLE\u00c7\u00c3O: PEQUENAS DESBRAVADORAS<br \/>\nTEMA: Pequenas Desbravadoras<br \/>\nMedida: DIVERSAS<br \/>\nMaterial: VINIL<\/p>\n<p>Cont\u00e9m 02 Cartelas [&#8230;]<\/p>\n<p><a class=\"btn btn-secondary understrap-read-more-link\" href=\"https:\/\/laylascrapearts.com.br\/wp\/produto\/cartela-de-adesivos-pequenas-desbravadoras\/\">Leia mais&#8230;<\/a><\/p>\n","protected":false},"featured_media":8976,"comment_status":"open","ping_status":"closed","template":"","meta":[],"product_brand":[],"product_cat":[24,168],"product_tag":[527,201,723,1160,1036],"class_list":{"0":"post-9047","1":"product","2":"type-product","3":"status-publish","4":"has-post-thumbnail","6":"product_cat-acessorios","7":"product_cat-adesivos","8":"product_tag-baby","9":"product_tag-dany-peres","10":"product_tag-girl","11":"product_tag-pequenas-desbravadoras","12":"product_tag-titulo","14":"first","15":"instock","16":"taxable","17":"shipping-taxable","18":"purchasable","19":"product-type-simple"},"_links":{"self":[{"href":"https:\/\/laylascrapearts.com.br\/wp\/wp-json\/wp\/v2\/product\/9047","targetHints":{"allow":["GET"]}}],"collection":[{"href":"https:\/\/laylascrapearts.com.br\/wp\/wp-json\/wp\/v2\/product"}],"about":[{"href":"https:\/\/laylascrapearts.com.br\/wp\/wp-json\/wp\/v2\/types\/product"}],"replies":[{"embeddable":true,"href":"https:\/\/laylascrapearts.com.br\/wp\/wp-json\/wp\/v2\/comments?post=9047"}],"wp:featuredmedia":[{"embeddable":true,"href":"https:\/\/laylascrapearts.com.br\/wp\/wp-json\/wp\/v2\/media\/8976"}],"wp:attachment":[{"href":"https:\/\/laylascrapearts.com.br\/wp\/wp-json\/wp\/v2\/media?parent=9047"}],"wp:term":[{"taxonomy":"product_brand","embeddable":true,"href":"https:\/\/laylascrapearts.com.br\/wp\/wp-json\/wp\/v2\/product_brand?post=9047"},{"taxonomy":"product_cat","embeddable":true,"href":"https:\/\/laylascrapearts.com.br\/wp\/wp-json\/wp\/v2\/product_cat?post=9047"},{"taxonomy":"product_tag","embeddable":true,"href":"https:\/\/laylascrapearts.com.br\/wp\/wp-json\/wp\/v2\/product_tag?post=9047"}],"curies":[{"name":"wp","href":"https:\/\/api.w.org\/{rel}","templated":true}]}}