{"id":8906,"date":"2020-11-16T10:14:55","date_gmt":"2020-11-16T13:14:55","guid":{"rendered":"https:\/\/laylascrapearts.com.br\/?post_type=product&#038;p=8906"},"modified":"2025-08-15T21:20:58","modified_gmt":"2025-08-16T00:20:58","slug":"cartela-de-carimbos-cartas-para-voce-correio-do-amor","status":"publish","type":"product","link":"https:\/\/laylascrapearts.com.br\/wp\/produto\/cartela-de-carimbos-cartas-para-voce-correio-do-amor\/","title":{"rendered":"Cartela de Carimbos Cartas Para Voc\u00ea CORREIO DO AMOR"},"content":{"rendered":"<p><span lang=\"PT-BR\">-Produto especialmente indicado para projetos de SCRAPBOOK, SCRAP DECOR e ARTES EM GERAL;<\/span><\/p>\n<p><span lang=\"PT-BR\">-Para um melhor resultado no uso deste produto, utilize Bases Acr\u00edlicas ou de Precis\u00e3o como Precision Press, Stamp Press e etc.<\/span><\/p>\n<p>-N\u00e3o guarde o carimbo antes de limp\u00e1-lo! Para uma maior durabilidade do produto, utilize len\u00e7o umedecido, \u00e1gua corrente ou limpa carimbos:\u00a0<a href=\"https:\/\/laylascrapearts.com.br\/produto\/limpa-carimbos-60ml\/\">https:\/\/laylascrapearts.com.br\/produto\/limpa-carimbos-60ml\/<\/a><\/p>\n","protected":false},"excerpt":{"rendered":"<p>PRODUTO: Cartela de Carimbos<br \/>\nCOLE\u00c7\u00c3O: CARTAS PARA VOC\u00ca<br \/>\nTEMA: Correio do Amor<br \/>\nMATERIAL: Silicone<\/p>\n<p>&nbsp;<\/p>\n<p>&nbsp; [&#8230;]<\/p>\n<p><a class=\"btn btn-secondary understrap-read-more-link\" href=\"https:\/\/laylascrapearts.com.br\/wp\/produto\/cartela-de-carimbos-cartas-para-voce-correio-do-amor\/\">Leia mais&#8230;<\/a><\/p>\n","protected":false},"featured_media":8860,"comment_status":"open","ping_status":"closed","template":"","meta":[],"product_brand":[],"product_cat":[154,155],"product_tag":[1142,354],"class_list":{"0":"post-8906","1":"product","2":"type-product","3":"status-publish","4":"has-post-thumbnail","6":"product_cat-carimbos","7":"product_cat-juju-scrapbook-carimbos","8":"product_tag-cartas-para-voce","9":"product_tag-juju-scrapbook","11":"first","12":"instock","13":"taxable","14":"shipping-taxable","15":"purchasable","16":"product-type-simple"},"_links":{"self":[{"href":"https:\/\/laylascrapearts.com.br\/wp\/wp-json\/wp\/v2\/product\/8906","targetHints":{"allow":["GET"]}}],"collection":[{"href":"https:\/\/laylascrapearts.com.br\/wp\/wp-json\/wp\/v2\/product"}],"about":[{"href":"https:\/\/laylascrapearts.com.br\/wp\/wp-json\/wp\/v2\/types\/product"}],"replies":[{"embeddable":true,"href":"https:\/\/laylascrapearts.com.br\/wp\/wp-json\/wp\/v2\/comments?post=8906"}],"wp:featuredmedia":[{"embeddable":true,"href":"https:\/\/laylascrapearts.com.br\/wp\/wp-json\/wp\/v2\/media\/8860"}],"wp:attachment":[{"href":"https:\/\/laylascrapearts.com.br\/wp\/wp-json\/wp\/v2\/media?parent=8906"}],"wp:term":[{"taxonomy":"product_brand","embeddable":true,"href":"https:\/\/laylascrapearts.com.br\/wp\/wp-json\/wp\/v2\/product_brand?post=8906"},{"taxonomy":"product_cat","embeddable":true,"href":"https:\/\/laylascrapearts.com.br\/wp\/wp-json\/wp\/v2\/product_cat?post=8906"},{"taxonomy":"product_tag","embeddable":true,"href":"https:\/\/laylascrapearts.com.br\/wp\/wp-json\/wp\/v2\/product_tag?post=8906"}],"curies":[{"name":"wp","href":"https:\/\/api.w.org\/{rel}","templated":true}]}}