{"id":8720,"date":"2020-11-13T21:47:22","date_gmt":"2020-11-14T00:47:22","guid":{"rendered":"https:\/\/laylascrapearts.com.br\/?post_type=product&#038;p=8720"},"modified":"2021-05-16T23:58:32","modified_gmt":"2021-05-17T02:58:32","slug":"transparencia-gratidao-e-deus","status":"publish","type":"product","link":"https:\/\/laylascrapearts.com.br\/wp\/produto\/transparencia-gratidao-e-deus\/","title":{"rendered":"Transpar\u00eancia GRATID\u00c3O E DEUS"},"content":{"rendered":"<p><span lang=\"PT-BR\">-Produto especialmente indicado para projetos de SCRAPBOOK, SCRAP DECOR e ARTES EM GERAL;<\/span><\/p>\n<p><span lang=\"PT-BR\">-Folha de Transpar\u00eancia 15CM x 30CM;<\/span><\/p>\n","protected":false},"excerpt":{"rendered":"<p>PRODUTO: Transpar\u00eancia<br \/>\nCOLE\u00c7\u00c3O: GRATID\u00c3O E DEUS<br \/>\nTEMA: Gratid\u00e3o e Deus<br \/>\nMedida: 15CM x 30CM [&#8230;]<\/p>\n<p><a class=\"btn btn-secondary understrap-read-more-link\" href=\"https:\/\/laylascrapearts.com.br\/wp\/produto\/transparencia-gratidao-e-deus\/\">Leia mais&#8230;<\/a><\/p>\n","protected":false},"featured_media":8689,"comment_status":"open","ping_status":"closed","template":"","meta":[],"product_brand":[],"product_cat":[24,224],"product_tag":[1084,1146,230],"class_list":{"0":"post-8720","1":"product","2":"type-product","3":"status-publish","4":"has-post-thumbnail","6":"product_cat-acessorios","7":"product_cat-transparencia","8":"product_tag-bible-journaling","9":"product_tag-gratidao-e-deus","10":"product_tag-scrap-goodies","12":"first","13":"instock","14":"taxable","15":"shipping-taxable","16":"purchasable","17":"product-type-simple"},"_links":{"self":[{"href":"https:\/\/laylascrapearts.com.br\/wp\/wp-json\/wp\/v2\/product\/8720","targetHints":{"allow":["GET"]}}],"collection":[{"href":"https:\/\/laylascrapearts.com.br\/wp\/wp-json\/wp\/v2\/product"}],"about":[{"href":"https:\/\/laylascrapearts.com.br\/wp\/wp-json\/wp\/v2\/types\/product"}],"replies":[{"embeddable":true,"href":"https:\/\/laylascrapearts.com.br\/wp\/wp-json\/wp\/v2\/comments?post=8720"}],"wp:featuredmedia":[{"embeddable":true,"href":"https:\/\/laylascrapearts.com.br\/wp\/wp-json\/wp\/v2\/media\/8689"}],"wp:attachment":[{"href":"https:\/\/laylascrapearts.com.br\/wp\/wp-json\/wp\/v2\/media?parent=8720"}],"wp:term":[{"taxonomy":"product_brand","embeddable":true,"href":"https:\/\/laylascrapearts.com.br\/wp\/wp-json\/wp\/v2\/product_brand?post=8720"},{"taxonomy":"product_cat","embeddable":true,"href":"https:\/\/laylascrapearts.com.br\/wp\/wp-json\/wp\/v2\/product_cat?post=8720"},{"taxonomy":"product_tag","embeddable":true,"href":"https:\/\/laylascrapearts.com.br\/wp\/wp-json\/wp\/v2\/product_tag?post=8720"}],"curies":[{"name":"wp","href":"https:\/\/api.w.org\/{rel}","templated":true}]}}