{"id":8569,"date":"2020-10-30T20:42:38","date_gmt":"2020-10-30T23:42:38","guid":{"rendered":"https:\/\/laylascrapearts.com.br\/?post_type=product&#038;p=8569"},"modified":"2024-02-14T00:49:25","modified_gmt":"2024-02-14T03:49:25","slug":"scrap-minuto-capa-classica","status":"publish","type":"product","link":"https:\/\/laylascrapearts.com.br\/wp\/produto\/scrap-minuto-capa-classica\/","title":{"rendered":"Capa Scrap Minuto CL\u00c1SSICA"},"content":{"rendered":"<p>Capa planificada ideal para colocar 4 cadernos de Scrap Minuto, vem com 4 el\u00e1sticos para prender at\u00e9 quatro cadernos.<\/p>\n<p>Medida: 16,8\u00d723,5<\/p>\n","protected":false},"excerpt":{"rendered":"<p>PRODUTO: Capa para Scrap Minuto<\/p>\n<p>MARCA: Juju ScrapBook<\/p>\n<p>TEMA: Cl\u00e1ssica<\/p>\n<p>EMBALAGEM COM 01 unidade [&#8230;]<\/p>\n<p><a class=\"btn btn-secondary understrap-read-more-link\" href=\"https:\/\/laylascrapearts.com.br\/wp\/produto\/scrap-minuto-capa-classica\/\">Leia mais&#8230;<\/a><\/p>\n","protected":false},"featured_media":8558,"comment_status":"open","ping_status":"closed","template":"","meta":[],"product_brand":[],"product_cat":[25,1140,1141],"product_tag":[354],"class_list":{"0":"post-8569","1":"product","2":"type-product","3":"status-publish","4":"has-post-thumbnail","6":"product_cat-agendas","7":"product_cat-outlet","8":"product_cat-scrap-minuto","9":"product_tag-juju-scrapbook","11":"first","12":"instock","13":"sale","14":"taxable","15":"shipping-taxable","16":"purchasable","17":"product-type-simple"},"_links":{"self":[{"href":"https:\/\/laylascrapearts.com.br\/wp\/wp-json\/wp\/v2\/product\/8569","targetHints":{"allow":["GET"]}}],"collection":[{"href":"https:\/\/laylascrapearts.com.br\/wp\/wp-json\/wp\/v2\/product"}],"about":[{"href":"https:\/\/laylascrapearts.com.br\/wp\/wp-json\/wp\/v2\/types\/product"}],"replies":[{"embeddable":true,"href":"https:\/\/laylascrapearts.com.br\/wp\/wp-json\/wp\/v2\/comments?post=8569"}],"wp:featuredmedia":[{"embeddable":true,"href":"https:\/\/laylascrapearts.com.br\/wp\/wp-json\/wp\/v2\/media\/8558"}],"wp:attachment":[{"href":"https:\/\/laylascrapearts.com.br\/wp\/wp-json\/wp\/v2\/media?parent=8569"}],"wp:term":[{"taxonomy":"product_brand","embeddable":true,"href":"https:\/\/laylascrapearts.com.br\/wp\/wp-json\/wp\/v2\/product_brand?post=8569"},{"taxonomy":"product_cat","embeddable":true,"href":"https:\/\/laylascrapearts.com.br\/wp\/wp-json\/wp\/v2\/product_cat?post=8569"},{"taxonomy":"product_tag","embeddable":true,"href":"https:\/\/laylascrapearts.com.br\/wp\/wp-json\/wp\/v2\/product_tag?post=8569"}],"curies":[{"name":"wp","href":"https:\/\/api.w.org\/{rel}","templated":true}]}}