{"id":6922,"date":"2020-07-06T12:37:56","date_gmt":"2020-07-06T15:37:56","guid":{"rendered":"https:\/\/laylascrapearts.com.br\/?post_type=product&#038;p=6922"},"modified":"2025-08-15T21:21:01","modified_gmt":"2025-08-16T00:21:01","slug":"base-acrilica-para-carimbos-7cm-x-7cm","status":"publish","type":"product","link":"https:\/\/laylascrapearts.com.br\/wp\/produto\/base-acrilica-para-carimbos-7cm-x-7cm\/","title":{"rendered":"Base Acr\u00edlica Para Carimbos 7cm x 7cm"},"content":{"rendered":"<p>-Base em acr\u00edlico com espessura de 6mm que d\u00e1 maior firmeza na fixa\u00e7\u00e3o do carimbo;<\/p>\n<p>-Acr\u00edlico transparente, com marca\u00e7\u00e3o em cent\u00edmetros que facilita visibilidade e posicionamento do carimbo na \u00e1rea a ser carimbada;<\/p>\n<p>-Ideal para carimbos de silicone;<\/p>\n","protected":false},"excerpt":{"rendered":"<p>PRODUTO: Base Acr\u00edlica<br \/>\nMATERIAL: Acr\u00edlico Transparente<\/p>\n<p>MEDIDA: 7cm x 7cm [&#8230;]<\/p>\n<p><a class=\"btn btn-secondary understrap-read-more-link\" href=\"https:\/\/laylascrapearts.com.br\/wp\/produto\/base-acrilica-para-carimbos-7cm-x-7cm\/\">Leia mais&#8230;<\/a><\/p>\n","protected":false},"featured_media":6923,"comment_status":"open","ping_status":"closed","template":"","meta":[],"product_brand":[],"product_cat":[649,255],"product_tag":[],"class_list":{"0":"post-6922","1":"product","2":"type-product","3":"status-publish","4":"has-post-thumbnail","6":"product_cat-bases-de-precisao","7":"product_cat-ferramentas","9":"first","10":"instock","11":"taxable","12":"shipping-taxable","13":"purchasable","14":"product-type-simple"},"_links":{"self":[{"href":"https:\/\/laylascrapearts.com.br\/wp\/wp-json\/wp\/v2\/product\/6922","targetHints":{"allow":["GET"]}}],"collection":[{"href":"https:\/\/laylascrapearts.com.br\/wp\/wp-json\/wp\/v2\/product"}],"about":[{"href":"https:\/\/laylascrapearts.com.br\/wp\/wp-json\/wp\/v2\/types\/product"}],"replies":[{"embeddable":true,"href":"https:\/\/laylascrapearts.com.br\/wp\/wp-json\/wp\/v2\/comments?post=6922"}],"wp:featuredmedia":[{"embeddable":true,"href":"https:\/\/laylascrapearts.com.br\/wp\/wp-json\/wp\/v2\/media\/6923"}],"wp:attachment":[{"href":"https:\/\/laylascrapearts.com.br\/wp\/wp-json\/wp\/v2\/media?parent=6922"}],"wp:term":[{"taxonomy":"product_brand","embeddable":true,"href":"https:\/\/laylascrapearts.com.br\/wp\/wp-json\/wp\/v2\/product_brand?post=6922"},{"taxonomy":"product_cat","embeddable":true,"href":"https:\/\/laylascrapearts.com.br\/wp\/wp-json\/wp\/v2\/product_cat?post=6922"},{"taxonomy":"product_tag","embeddable":true,"href":"https:\/\/laylascrapearts.com.br\/wp\/wp-json\/wp\/v2\/product_tag?post=6922"}],"curies":[{"name":"wp","href":"https:\/\/api.w.org\/{rel}","templated":true}]}}