{"id":6731,"date":"2020-07-03T22:17:39","date_gmt":"2020-07-04T01:17:39","guid":{"rendered":"https:\/\/laylascrapearts.com.br\/?post_type=product&#038;p=6731"},"modified":"2021-03-06T18:22:09","modified_gmt":"2021-03-06T21:22:09","slug":"po-para-emboss-metallic-rose-gold-embossing-powder-moxy","status":"publish","type":"product","link":"https:\/\/laylascrapearts.com.br\/wp\/produto\/po-para-emboss-metallic-rose-gold-embossing-powder-moxy\/","title":{"rendered":"P\u00f3 Para Emboss Metallic ROSE GOLD &#8211; Embossing Powder Moxy"},"content":{"rendered":"<p><span lang=\"PT-BR\" style=\"font-size: 11.5pt; font-family: 'Segoe UI',sans-serif;\">-Produto especialmente indicado para projetos de SCRAPBOOK, SCRAP DECOR e ARTES EM GERAL;<\/span><\/p>\n<p><span lang=\"PT-BR\" style=\"font-size: 11.5pt; font-family: 'Segoe UI',sans-serif;\">-Aplique carimbeira no papel ou acess\u00f3rio que desejar fazer a t\u00e9cnica de emboss, polvilhe o p\u00f3, remova o excesso e aque\u00e7a com o aquecedor para emboss. O resultado \u00e9 magn\u00edfico!<\/span><\/p>\n<p><span lang=\"PT-BR\">-Voc\u00ea pode usar carimbeira transparente ou da cor do p\u00f3;<\/span><\/p>\n<p><span lang=\"PT-BR\">Caso n\u00e3o tenha\/ conhe\u00e7a o aquecedor, clique no link: <a href=\"https:\/\/laylascrapearts.com.br\/produto\/aquecedor-de-emboss-zap-heat-tool\/\">https:\/\/laylascrapearts.com.br\/produto\/aquecedor-de-emboss-zap-heat-tool\/<\/a><\/span><\/p>\n","protected":false},"excerpt":{"rendered":"<p>PRODUTO: P\u00f3 para Emboss<br \/>\nCOR: Metallic Rose Gold<br \/>\nMARCA: American Crafts [&#8230;]<\/p>\n<p><a class=\"btn btn-secondary understrap-read-more-link\" href=\"https:\/\/laylascrapearts.com.br\/wp\/produto\/po-para-emboss-metallic-rose-gold-embossing-powder-moxy\/\">Leia mais&#8230;<\/a><\/p>\n","protected":false},"featured_media":6715,"comment_status":"open","ping_status":"closed","template":"","meta":[],"product_brand":[],"product_cat":[24,1075],"product_tag":[],"class_list":{"0":"post-6731","1":"product","2":"type-product","3":"status-publish","4":"has-post-thumbnail","6":"product_cat-acessorios","7":"product_cat-po-para-emboss","9":"first","10":"instock","11":"taxable","12":"shipping-taxable","13":"purchasable","14":"product-type-simple"},"_links":{"self":[{"href":"https:\/\/laylascrapearts.com.br\/wp\/wp-json\/wp\/v2\/product\/6731","targetHints":{"allow":["GET"]}}],"collection":[{"href":"https:\/\/laylascrapearts.com.br\/wp\/wp-json\/wp\/v2\/product"}],"about":[{"href":"https:\/\/laylascrapearts.com.br\/wp\/wp-json\/wp\/v2\/types\/product"}],"replies":[{"embeddable":true,"href":"https:\/\/laylascrapearts.com.br\/wp\/wp-json\/wp\/v2\/comments?post=6731"}],"wp:featuredmedia":[{"embeddable":true,"href":"https:\/\/laylascrapearts.com.br\/wp\/wp-json\/wp\/v2\/media\/6715"}],"wp:attachment":[{"href":"https:\/\/laylascrapearts.com.br\/wp\/wp-json\/wp\/v2\/media?parent=6731"}],"wp:term":[{"taxonomy":"product_brand","embeddable":true,"href":"https:\/\/laylascrapearts.com.br\/wp\/wp-json\/wp\/v2\/product_brand?post=6731"},{"taxonomy":"product_cat","embeddable":true,"href":"https:\/\/laylascrapearts.com.br\/wp\/wp-json\/wp\/v2\/product_cat?post=6731"},{"taxonomy":"product_tag","embeddable":true,"href":"https:\/\/laylascrapearts.com.br\/wp\/wp-json\/wp\/v2\/product_tag?post=6731"}],"curies":[{"name":"wp","href":"https:\/\/api.w.org\/{rel}","templated":true}]}}