{"id":6086,"date":"2020-06-07T17:00:49","date_gmt":"2020-06-07T20:00:49","guid":{"rendered":"https:\/\/laylascrapearts.com.br\/wp\/?post_type=product&#038;p=6086"},"modified":"2022-04-19T15:49:15","modified_gmt":"2022-04-19T18:49:15","slug":"kit-miolo-minha-semana","status":"publish","type":"product","link":"https:\/\/laylascrapearts.com.br\/wp\/produto\/kit-miolo-minha-semana\/","title":{"rendered":"Kit Miolo MINHA SEMANA"},"content":{"rendered":"<p>KIT PARA ENCADERNA\u00c7\u00c3O contendo:<\/p>\n<p>-01 par de capas<\/p>\n<p>-01 par de luvas protetoras<\/p>\n<p>-Miolo para Agendas\/ Planners\/ Cadernos com 60 folhas = 120 p\u00e1ginas personalizadas.<\/p>\n<p>&nbsp;<\/p>\n<p>Miolo:<\/p>\n<p>Papel offset 70g\/m\u00b2<\/p>\n<p>Tamanho 14cm x 20cm<\/p>\n<p>N\u00c3O DATADO, seu ano come\u00e7a quando voc\u00ea quiser! \ud83d\ude09<\/p>\n","protected":false},"excerpt":{"rendered":"<p>PRODUTO: Miolo Personalizado<\/p>\n<p>TEMA: Minha Semana<br \/>\n*ACOMPANHA PAR DE CAPAS E LUVAS PROTETORAS* [&#8230;]<\/p>\n<p><a class=\"btn btn-secondary understrap-read-more-link\" href=\"https:\/\/laylascrapearts.com.br\/wp\/produto\/kit-miolo-minha-semana\/\">Leia mais&#8230;<\/a><\/p>\n","protected":false},"featured_media":6107,"comment_status":"open","ping_status":"closed","template":"","meta":[],"product_brand":[],"product_cat":[25],"product_tag":[1063,813],"class_list":{"0":"post-6086","1":"product","2":"type-product","3":"status-publish","4":"has-post-thumbnail","6":"product_cat-agendas","7":"product_tag-papel-bonito","8":"product_tag-planner","10":"first","11":"instock","12":"taxable","13":"shipping-taxable","14":"purchasable","15":"product-type-simple"},"_links":{"self":[{"href":"https:\/\/laylascrapearts.com.br\/wp\/wp-json\/wp\/v2\/product\/6086","targetHints":{"allow":["GET"]}}],"collection":[{"href":"https:\/\/laylascrapearts.com.br\/wp\/wp-json\/wp\/v2\/product"}],"about":[{"href":"https:\/\/laylascrapearts.com.br\/wp\/wp-json\/wp\/v2\/types\/product"}],"replies":[{"embeddable":true,"href":"https:\/\/laylascrapearts.com.br\/wp\/wp-json\/wp\/v2\/comments?post=6086"}],"wp:featuredmedia":[{"embeddable":true,"href":"https:\/\/laylascrapearts.com.br\/wp\/wp-json\/wp\/v2\/media\/6107"}],"wp:attachment":[{"href":"https:\/\/laylascrapearts.com.br\/wp\/wp-json\/wp\/v2\/media?parent=6086"}],"wp:term":[{"taxonomy":"product_brand","embeddable":true,"href":"https:\/\/laylascrapearts.com.br\/wp\/wp-json\/wp\/v2\/product_brand?post=6086"},{"taxonomy":"product_cat","embeddable":true,"href":"https:\/\/laylascrapearts.com.br\/wp\/wp-json\/wp\/v2\/product_cat?post=6086"},{"taxonomy":"product_tag","embeddable":true,"href":"https:\/\/laylascrapearts.com.br\/wp\/wp-json\/wp\/v2\/product_tag?post=6086"}],"curies":[{"name":"wp","href":"https:\/\/api.w.org\/{rel}","templated":true}]}}