{"id":4943,"date":"2020-05-01T22:34:08","date_gmt":"2020-05-02T01:34:08","guid":{"rendered":"http:\/\/laylascrapearts.com.br\/wp\/?post_type=product&#038;p=4943"},"modified":"2024-02-27T14:31:08","modified_gmt":"2024-02-27T17:31:08","slug":"stencil-amizade-e-tudo-listrinhas","status":"publish","type":"product","link":"https:\/\/laylascrapearts.com.br\/wp\/produto\/stencil-amizade-e-tudo-listrinhas\/","title":{"rendered":"Stencil Amizade \u00e9 Tudo LISTRINHAS"},"content":{"rendered":"<p>-Produto especialmente indicado para projetos de ARTES EM GERAL;<\/p>\n<p>-Embalagem com 01 unidade;<\/p>\n","protected":false},"excerpt":{"rendered":"<p>PRODUTO: Stencil<\/p>\n<p>COLE\u00c7\u00c3O: AMIZADE \u00c9 TUDO<\/p>\n<p>TEMA: Listrinhas<\/p>\n<p>Medida: 10,0cm x 12,5cm [&#8230;]<\/p>\n<p><a class=\"btn btn-secondary understrap-read-more-link\" href=\"https:\/\/laylascrapearts.com.br\/wp\/produto\/stencil-amizade-e-tudo-listrinhas\/\">Leia mais&#8230;<\/a><\/p>\n","protected":false},"featured_media":4939,"comment_status":"open","ping_status":"closed","template":"","meta":[],"product_brand":[],"product_cat":[184],"product_tag":[502,746,748,354],"class_list":{"0":"post-4943","1":"product","2":"type-product","3":"status-publish","4":"has-post-thumbnail","6":"product_cat-stencil","7":"product_tag-amigos","8":"product_tag-amizade-e-tudo","9":"product_tag-friends","10":"product_tag-juju-scrapbook","12":"first","13":"instock","14":"taxable","15":"shipping-taxable","16":"purchasable","17":"product-type-simple"},"_links":{"self":[{"href":"https:\/\/laylascrapearts.com.br\/wp\/wp-json\/wp\/v2\/product\/4943","targetHints":{"allow":["GET"]}}],"collection":[{"href":"https:\/\/laylascrapearts.com.br\/wp\/wp-json\/wp\/v2\/product"}],"about":[{"href":"https:\/\/laylascrapearts.com.br\/wp\/wp-json\/wp\/v2\/types\/product"}],"replies":[{"embeddable":true,"href":"https:\/\/laylascrapearts.com.br\/wp\/wp-json\/wp\/v2\/comments?post=4943"}],"wp:featuredmedia":[{"embeddable":true,"href":"https:\/\/laylascrapearts.com.br\/wp\/wp-json\/wp\/v2\/media\/4939"}],"wp:attachment":[{"href":"https:\/\/laylascrapearts.com.br\/wp\/wp-json\/wp\/v2\/media?parent=4943"}],"wp:term":[{"taxonomy":"product_brand","embeddable":true,"href":"https:\/\/laylascrapearts.com.br\/wp\/wp-json\/wp\/v2\/product_brand?post=4943"},{"taxonomy":"product_cat","embeddable":true,"href":"https:\/\/laylascrapearts.com.br\/wp\/wp-json\/wp\/v2\/product_cat?post=4943"},{"taxonomy":"product_tag","embeddable":true,"href":"https:\/\/laylascrapearts.com.br\/wp\/wp-json\/wp\/v2\/product_tag?post=4943"}],"curies":[{"name":"wp","href":"https:\/\/api.w.org\/{rel}","templated":true}]}}