{"id":4911,"date":"2020-05-01T20:26:50","date_gmt":"2020-05-01T23:26:50","guid":{"rendered":"http:\/\/laylascrapearts.com.br\/wp\/?post_type=product&#038;p=4911"},"modified":"2024-02-27T23:45:54","modified_gmt":"2024-02-28T02:45:54","slug":"cartela-de-enfeites-dia-especial","status":"publish","type":"product","link":"https:\/\/laylascrapearts.com.br\/wp\/produto\/cartela-de-enfeites-dia-especial\/","title":{"rendered":"Cartela de Enfeites DIA ESPECIAL"},"content":{"rendered":"<p><span lang=\"PT-BR\" style=\"font-size: 11.5pt; font-family: 'Segoe UI',sans-serif;\">-Produto especialmente indicado para projetos de SCRAPBOOK, SCRAP DECOR e ARTES EM GERAL;<\/span><\/p>\n<p><span lang=\"PT-BR\" style=\"font-size: 11.5pt; font-family: 'Segoe UI',sans-serif;\">-Para aplica-lo ao seu projeto, utilize colas livre de \u00e1cido, costurinhas, etc;<\/span><\/p>\n","protected":false},"excerpt":{"rendered":"<p>PRODUTO: Cartela de Enfeites<br \/>\nCOLE\u00c7\u00c3O: AMIZADE \u00c9 TUDO<br \/>\nTEMA: Dia Especial<br \/>\nMATERIAL: Chipboard [&#8230;]<\/p>\n<p><a class=\"btn btn-secondary understrap-read-more-link\" href=\"https:\/\/laylascrapearts.com.br\/wp\/produto\/cartela-de-enfeites-dia-especial\/\">Leia mais&#8230;<\/a><\/p>\n","protected":false},"featured_media":4896,"comment_status":"open","ping_status":"closed","template":"","meta":[],"product_brand":[],"product_cat":[24,165],"product_tag":[502,746,740,748,354],"class_list":{"0":"post-4911","1":"product","2":"type-product","3":"status-publish","4":"has-post-thumbnail","6":"product_cat-acessorios","7":"product_cat-chipboard-apliques","8":"product_tag-amigos","9":"product_tag-amizade-e-tudo","10":"product_tag-festa","11":"product_tag-friends","12":"product_tag-juju-scrapbook","14":"first","15":"instock","16":"taxable","17":"shipping-taxable","18":"purchasable","19":"product-type-simple"},"_links":{"self":[{"href":"https:\/\/laylascrapearts.com.br\/wp\/wp-json\/wp\/v2\/product\/4911","targetHints":{"allow":["GET"]}}],"collection":[{"href":"https:\/\/laylascrapearts.com.br\/wp\/wp-json\/wp\/v2\/product"}],"about":[{"href":"https:\/\/laylascrapearts.com.br\/wp\/wp-json\/wp\/v2\/types\/product"}],"replies":[{"embeddable":true,"href":"https:\/\/laylascrapearts.com.br\/wp\/wp-json\/wp\/v2\/comments?post=4911"}],"wp:featuredmedia":[{"embeddable":true,"href":"https:\/\/laylascrapearts.com.br\/wp\/wp-json\/wp\/v2\/media\/4896"}],"wp:attachment":[{"href":"https:\/\/laylascrapearts.com.br\/wp\/wp-json\/wp\/v2\/media?parent=4911"}],"wp:term":[{"taxonomy":"product_brand","embeddable":true,"href":"https:\/\/laylascrapearts.com.br\/wp\/wp-json\/wp\/v2\/product_brand?post=4911"},{"taxonomy":"product_cat","embeddable":true,"href":"https:\/\/laylascrapearts.com.br\/wp\/wp-json\/wp\/v2\/product_cat?post=4911"},{"taxonomy":"product_tag","embeddable":true,"href":"https:\/\/laylascrapearts.com.br\/wp\/wp-json\/wp\/v2\/product_tag?post=4911"}],"curies":[{"name":"wp","href":"https:\/\/api.w.org\/{rel}","templated":true}]}}