{"id":4773,"date":"2020-04-30T23:19:33","date_gmt":"2020-05-01T02:19:33","guid":{"rendered":"http:\/\/laylascrapearts.com.br\/wp\/?post_type=product&#038;p=4773"},"modified":"2024-03-02T01:31:51","modified_gmt":"2024-03-02T04:31:51","slug":"bottons-verao-tropical","status":"publish","type":"product","link":"https:\/\/laylascrapearts.com.br\/wp\/produto\/bottons-verao-tropical\/","title":{"rendered":"Bottons VER\u00c3O TROPICAL"},"content":{"rendered":"<p>-Produto especialmente indicado para projetos de SCRAPBOOK, SCRAP DECOR e ARTES EM GERAL;<\/p>\n<p>-Cartela com 04 Bottons em Tamanhos Variados;<\/p>\n<p>-BOTTONS SEM PRESILHA;<\/p>\n","protected":false},"excerpt":{"rendered":"<p>PRODUTO: Cartela de Bottons<br \/>\nCOLE\u00c7\u00c3O: VER\u00c3O TROPICAL<br \/>\nTEMA: Tropical<br \/>\nMATERIAL: Metal\/ Pl\u00e1stico [&#8230;]<\/p>\n<p><a class=\"btn btn-secondary understrap-read-more-link\" href=\"https:\/\/laylascrapearts.com.br\/wp\/produto\/bottons-verao-tropical\/\">Leia mais&#8230;<\/a><\/p>\n","protected":false},"featured_media":4766,"comment_status":"open","ping_status":"closed","template":"","meta":[],"product_brand":[],"product_cat":[24,172,1140],"product_tag":[183,21,941],"class_list":{"0":"post-4773","1":"product","2":"type-product","3":"status-publish","4":"has-post-thumbnail","6":"product_cat-acessorios","7":"product_cat-bottons","8":"product_cat-outlet","9":"product_tag-arte-facil","10":"product_tag-tropical","11":"product_tag-verao-tropical","13":"first","14":"instock","15":"sale","16":"taxable","17":"shipping-taxable","18":"purchasable","19":"product-type-simple"},"_links":{"self":[{"href":"https:\/\/laylascrapearts.com.br\/wp\/wp-json\/wp\/v2\/product\/4773","targetHints":{"allow":["GET"]}}],"collection":[{"href":"https:\/\/laylascrapearts.com.br\/wp\/wp-json\/wp\/v2\/product"}],"about":[{"href":"https:\/\/laylascrapearts.com.br\/wp\/wp-json\/wp\/v2\/types\/product"}],"replies":[{"embeddable":true,"href":"https:\/\/laylascrapearts.com.br\/wp\/wp-json\/wp\/v2\/comments?post=4773"}],"wp:featuredmedia":[{"embeddable":true,"href":"https:\/\/laylascrapearts.com.br\/wp\/wp-json\/wp\/v2\/media\/4766"}],"wp:attachment":[{"href":"https:\/\/laylascrapearts.com.br\/wp\/wp-json\/wp\/v2\/media?parent=4773"}],"wp:term":[{"taxonomy":"product_brand","embeddable":true,"href":"https:\/\/laylascrapearts.com.br\/wp\/wp-json\/wp\/v2\/product_brand?post=4773"},{"taxonomy":"product_cat","embeddable":true,"href":"https:\/\/laylascrapearts.com.br\/wp\/wp-json\/wp\/v2\/product_cat?post=4773"},{"taxonomy":"product_tag","embeddable":true,"href":"https:\/\/laylascrapearts.com.br\/wp\/wp-json\/wp\/v2\/product_tag?post=4773"}],"curies":[{"name":"wp","href":"https:\/\/api.w.org\/{rel}","templated":true}]}}