{"id":4146,"date":"2020-04-19T14:52:43","date_gmt":"2020-04-19T17:52:43","guid":{"rendered":"http:\/\/laylascrapearts.com.br\/wp\/?post_type=product&#038;p=4146"},"modified":"2020-11-30T03:23:07","modified_gmt":"2020-11-30T06:23:07","slug":"kit-colecao-verao-tropical-5f","status":"publish","type":"product","link":"https:\/\/laylascrapearts.com.br\/wp\/produto\/kit-colecao-verao-tropical-5f\/","title":{"rendered":"Kit Cole\u00e7\u00e3o VER\u00c3O TROPICAL 5F"},"content":{"rendered":"<p>LIVRE DE \u00c1CIDO\/ ACID FREE<\/p>\n<p>-Produto especialmente indicado para projetos de SCRAPBOOK, SCRAP DECOR e ARTES EM GERAL;<\/p>\n<p>-Kit com 05 Folhas Dupla Face \u2013 01 DE CADA MODELO DA COLE\u00c7\u00c3O;<\/p>\n","protected":false},"excerpt":{"rendered":"<p>PRODUTO: Kit Cole\u00e7\u00e3o<br \/>\nCOLE\u00c7\u00c3O: VER\u00c3O TROPICAL<br \/>\nMARCA: Arte F\u00e1cil<br \/>\nMedida: 30,5CM X 30,5CM<br \/>\nCONTEM 05 FOLHAS DUPLA FACE [&#8230;]<\/p>\n<p><a class=\"btn btn-secondary understrap-read-more-link\" href=\"https:\/\/laylascrapearts.com.br\/wp\/produto\/kit-colecao-verao-tropical-5f\/\">Leia mais&#8230;<\/a><\/p>\n","protected":false},"featured_media":4147,"comment_status":"open","ping_status":"closed","template":"","meta":[],"product_brand":[],"product_cat":[99,42],"product_tag":[183,22,193,706,21,933,941],"class_list":{"0":"post-4146","1":"product","2":"type-product","3":"status-publish","4":"has-post-thumbnail","6":"product_cat-arte-facil","7":"product_cat-papeis","8":"product_tag-arte-facil","9":"product_tag-flamingo","10":"product_tag-floral","11":"product_tag-kit-colecao","12":"product_tag-tropical","13":"product_tag-verao","14":"product_tag-verao-tropical","16":"first","17":"instock","18":"taxable","19":"shipping-taxable","20":"purchasable","21":"product-type-simple"},"_links":{"self":[{"href":"https:\/\/laylascrapearts.com.br\/wp\/wp-json\/wp\/v2\/product\/4146","targetHints":{"allow":["GET"]}}],"collection":[{"href":"https:\/\/laylascrapearts.com.br\/wp\/wp-json\/wp\/v2\/product"}],"about":[{"href":"https:\/\/laylascrapearts.com.br\/wp\/wp-json\/wp\/v2\/types\/product"}],"replies":[{"embeddable":true,"href":"https:\/\/laylascrapearts.com.br\/wp\/wp-json\/wp\/v2\/comments?post=4146"}],"wp:featuredmedia":[{"embeddable":true,"href":"https:\/\/laylascrapearts.com.br\/wp\/wp-json\/wp\/v2\/media\/4147"}],"wp:attachment":[{"href":"https:\/\/laylascrapearts.com.br\/wp\/wp-json\/wp\/v2\/media?parent=4146"}],"wp:term":[{"taxonomy":"product_brand","embeddable":true,"href":"https:\/\/laylascrapearts.com.br\/wp\/wp-json\/wp\/v2\/product_brand?post=4146"},{"taxonomy":"product_cat","embeddable":true,"href":"https:\/\/laylascrapearts.com.br\/wp\/wp-json\/wp\/v2\/product_cat?post=4146"},{"taxonomy":"product_tag","embeddable":true,"href":"https:\/\/laylascrapearts.com.br\/wp\/wp-json\/wp\/v2\/product_tag?post=4146"}],"curies":[{"name":"wp","href":"https:\/\/api.w.org\/{rel}","templated":true}]}}