{"id":3479,"date":"2020-04-16T11:49:45","date_gmt":"2020-04-16T14:49:45","guid":{"rendered":"http:\/\/laylascrapearts.com.br\/wp\/?post_type=product&#038;p=3479"},"modified":"2022-08-04T18:25:15","modified_gmt":"2022-08-04T21:25:15","slug":"kit-colecao-my-essentials-18f","status":"publish","type":"product","link":"https:\/\/laylascrapearts.com.br\/wp\/produto\/kit-colecao-my-essentials-18f\/","title":{"rendered":"Kit Cole\u00e7\u00e3o MY ESSENTIALS 18F"},"content":{"rendered":"<p>LIVRE DE \u00c1CIDO\/ ACID FREE<\/p>\n<p>-Produto especialmente indicado para projetos de SCRAPBOOK, SCRAP DECOR e ARTES EM GERAL;<\/p>\n<p>-Kit com 18 Folhas Dupla Face \u2013 02 DE CADA MODELO DA COLE\u00c7\u00c3O;<\/p>\n","protected":false},"excerpt":{"rendered":"<p>PRODUTO: Kit Cole\u00e7\u00e3o<br \/>\nCOLE\u00c7\u00c3O: MY ESSENTIALS<br \/>\nMARCA: My Memories Crafts<br \/>\nMedida: 30,5CM X 30,5CM<br \/>\nCONTEM 18 FOLHAS DUPLA FACE [&#8230;]<\/p>\n<p><a class=\"btn btn-secondary understrap-read-more-link\" href=\"https:\/\/laylascrapearts.com.br\/wp\/produto\/kit-colecao-my-essentials-18f\/\">Leia mais&#8230;<\/a><\/p>\n","protected":false},"featured_media":5859,"comment_status":"open","ping_status":"closed","template":"","meta":[],"product_brand":[],"product_cat":[107,42],"product_tag":[706,896,702,667],"class_list":{"0":"post-3479","1":"product","2":"type-product","3":"status-publish","4":"has-post-thumbnail","6":"product_cat-my-memories-crafts","7":"product_cat-papeis","8":"product_tag-kit-colecao","9":"product_tag-listras","10":"product_tag-my-essentials","11":"product_tag-my-memories-crafts","13":"first","14":"instock","15":"taxable","16":"shipping-taxable","17":"purchasable","18":"product-type-simple"},"_links":{"self":[{"href":"https:\/\/laylascrapearts.com.br\/wp\/wp-json\/wp\/v2\/product\/3479","targetHints":{"allow":["GET"]}}],"collection":[{"href":"https:\/\/laylascrapearts.com.br\/wp\/wp-json\/wp\/v2\/product"}],"about":[{"href":"https:\/\/laylascrapearts.com.br\/wp\/wp-json\/wp\/v2\/types\/product"}],"replies":[{"embeddable":true,"href":"https:\/\/laylascrapearts.com.br\/wp\/wp-json\/wp\/v2\/comments?post=3479"}],"wp:featuredmedia":[{"embeddable":true,"href":"https:\/\/laylascrapearts.com.br\/wp\/wp-json\/wp\/v2\/media\/5859"}],"wp:attachment":[{"href":"https:\/\/laylascrapearts.com.br\/wp\/wp-json\/wp\/v2\/media?parent=3479"}],"wp:term":[{"taxonomy":"product_brand","embeddable":true,"href":"https:\/\/laylascrapearts.com.br\/wp\/wp-json\/wp\/v2\/product_brand?post=3479"},{"taxonomy":"product_cat","embeddable":true,"href":"https:\/\/laylascrapearts.com.br\/wp\/wp-json\/wp\/v2\/product_cat?post=3479"},{"taxonomy":"product_tag","embeddable":true,"href":"https:\/\/laylascrapearts.com.br\/wp\/wp-json\/wp\/v2\/product_tag?post=3479"}],"curies":[{"name":"wp","href":"https:\/\/api.w.org\/{rel}","templated":true}]}}