{"id":2236,"date":"2019-10-13T21:20:24","date_gmt":"2019-10-14T00:20:24","guid":{"rendered":"http:\/\/laylascrapearts.com.br\/wp\/?post_type=product&#038;p=2236"},"modified":"2021-07-11T02:46:39","modified_gmt":"2021-07-11T05:46:39","slug":"kit-colecao-my-little-big-love-12f","status":"publish","type":"product","link":"https:\/\/laylascrapearts.com.br\/wp\/produto\/kit-colecao-my-little-big-love-12f\/","title":{"rendered":"Kit Cole\u00e7\u00e3o MY LITTLE BIG LOVE 12F"},"content":{"rendered":"<p>LIVRE DE \u00c1CIDO\/ ACID FREE<\/p>\n<p>-Produto especialmente indicado para projetos de SCRAPBOOK, SCRAP DECOR e ARTES EM GERAL;<\/p>\n<p>-Kit com 12 Folhas Dupla Face \u2013 02 DE CADA MODELO DA COLE\u00c7\u00c3O;<\/p>\n","protected":false},"excerpt":{"rendered":"<p>PRODUTO: Kit Cole\u00e7\u00e3o<br \/>\nCOLE\u00c7\u00c3O: MY LITTLE BIG LOVE<br \/>\nMARCA: My Memories Crafts<br \/>\nMedida: 30,5CM X 30,5CM<br \/>\nCONTEM 12 FOLHAS DUPLA FACE [&#8230;]<\/p>\n<p><a class=\"btn btn-secondary understrap-read-more-link\" href=\"https:\/\/laylascrapearts.com.br\/wp\/produto\/kit-colecao-my-little-big-love-12f\/\">Leia mais&#8230;<\/a><\/p>\n","protected":false},"featured_media":6664,"comment_status":"open","ping_status":"closed","template":"","meta":[],"product_brand":[],"product_cat":[107,1140,42],"product_tag":[403,706,676,667],"class_list":{"0":"post-2236","1":"product","2":"type-product","3":"status-publish","4":"has-post-thumbnail","6":"product_cat-my-memories-crafts","7":"product_cat-outlet","8":"product_cat-papeis","9":"product_tag-bichinhos","10":"product_tag-kit-colecao","11":"product_tag-my-little-big-love","12":"product_tag-my-memories-crafts","14":"first","15":"instock","16":"sale","17":"taxable","18":"shipping-taxable","19":"purchasable","20":"product-type-simple"},"_links":{"self":[{"href":"https:\/\/laylascrapearts.com.br\/wp\/wp-json\/wp\/v2\/product\/2236","targetHints":{"allow":["GET"]}}],"collection":[{"href":"https:\/\/laylascrapearts.com.br\/wp\/wp-json\/wp\/v2\/product"}],"about":[{"href":"https:\/\/laylascrapearts.com.br\/wp\/wp-json\/wp\/v2\/types\/product"}],"replies":[{"embeddable":true,"href":"https:\/\/laylascrapearts.com.br\/wp\/wp-json\/wp\/v2\/comments?post=2236"}],"wp:featuredmedia":[{"embeddable":true,"href":"https:\/\/laylascrapearts.com.br\/wp\/wp-json\/wp\/v2\/media\/6664"}],"wp:attachment":[{"href":"https:\/\/laylascrapearts.com.br\/wp\/wp-json\/wp\/v2\/media?parent=2236"}],"wp:term":[{"taxonomy":"product_brand","embeddable":true,"href":"https:\/\/laylascrapearts.com.br\/wp\/wp-json\/wp\/v2\/product_brand?post=2236"},{"taxonomy":"product_cat","embeddable":true,"href":"https:\/\/laylascrapearts.com.br\/wp\/wp-json\/wp\/v2\/product_cat?post=2236"},{"taxonomy":"product_tag","embeddable":true,"href":"https:\/\/laylascrapearts.com.br\/wp\/wp-json\/wp\/v2\/product_tag?post=2236"}],"curies":[{"name":"wp","href":"https:\/\/api.w.org\/{rel}","templated":true}]}}