{"id":17341,"date":"2025-05-02T04:11:06","date_gmt":"2025-05-02T07:11:06","guid":{"rendered":"https:\/\/laylascrapearts.com.br\/wp\/?post_type=product&#038;p=17341"},"modified":"2026-04-02T16:06:52","modified_gmt":"2026-04-02T19:06:52","slug":"encontro-scraptalk-show-2026-2-dias","status":"publish","type":"product","link":"https:\/\/laylascrapearts.com.br\/wp\/produto\/encontro-scraptalk-show-2026-2-dias\/","title":{"rendered":"Encontro SCRAPTALK SHOW 2026 &#8211; 2 DIAS"},"content":{"rendered":"<p class=\"cvGsUA direction-ltr align-center para-style-body\"><span class=\"OYPEnA font-feature-liga-off font-feature-clig-off font-feature-calt-off text-decoration-none text-strikethrough-none\">O ScrapTalk Show \u00e9 um encontro de scraptalkers: alunas do ScrapTalk e scrappers apaixonadas por papel, fotos, arte e mem\u00f3rias!<\/span><\/p>\n<p class=\"cvGsUA direction-ltr align-center para-style-body\"><span class=\"OYPEnA font-feature-liga-off font-feature-clig-off font-feature-calt-off text-decoration-none text-strikethrough-none\">Este ano ser\u00e1 o nosso 4\u00ba encontro, pensado com muito carinho e cuidado para que sejam dias inesquec\u00edveis!<\/span><\/p>\n<p class=\"cvGsUA direction-ltr align-center para-style-body\"><span class=\"OYPEnA font-feature-liga-off font-feature-clig-off font-feature-calt-off text-decoration-none text-strikethrough-none\">Acontecer\u00e1 nos dias 05 e 06 de Setembro, das 8h \u00e0s 18h, no Hotel Mercure Boulevard, em Salvador-BA.<\/span><\/p>\n<p>&nbsp;<\/p>\n<div>\n<div>\n<div>\n<p><strong>DIA 05\/09 &#8211; S\u00c1BADO:<\/strong><\/p>\n<\/div>\n<div>\n<p><strong>SCRAPTALK SHOW<\/strong><\/p>\n<\/div>\n<\/div>\n<div>\n<p class=\"cvGsUA direction-ltr align-center para-style-body\"><span class=\"a_GcMg font-feature-liga-off font-feature-clig-off font-feature-calt-off text-decoration-none text-strikethrough-none\">-MATERIAL INCLUSO<\/span><\/p>\n<p class=\"cvGsUA direction-ltr align-center para-style-body\"><span class=\"a_GcMg font-feature-liga-off font-feature-clig-off font-feature-calt-off text-decoration-none text-strikethrough-none\">-KIT RECORTADO OU<\/span> <span class=\"a_GcMg font-feature-liga-off font-feature-clig-off font-feature-calt-off text-decoration-none text-strikethrough-none\">N\u00c3O &#8211; VOC\u00ca PODER\u00c1 ESCOLHER<\/span><\/p>\n<p class=\"cvGsUA direction-ltr align-center para-style-body\"><span class=\"a_GcMg font-feature-liga-off font-feature-clig-off font-feature-calt-off text-decoration-none text-strikethrough-none\">-PAP EM PDF (GOOGLE DRIVE)<\/span><\/p>\n<p class=\"cvGsUA direction-ltr align-center para-style-body\"><span class=\"a_GcMg font-feature-liga-off font-feature-clig-off font-feature-calt-off text-decoration-none text-strikethrough-none\">-LANCHE MANH\u00c3 E TARDE<\/span><\/p>\n<p class=\"cvGsUA direction-ltr align-center para-style-body\"><span class=\"a_GcMg font-feature-liga-off font-feature-clig-off font-feature-calt-off text-decoration-none text-strikethrough-none\">-FOTOS, MIMOS E SORTEIOS<\/span><\/p>\n<p class=\"cvGsUA direction-ltr align-center para-style-body\"><span class=\"a_GcMg font-feature-liga-off font-feature-clig-off font-feature-calt-off text-decoration-none text-strikethrough-none\">-LOJINHAS<\/span><\/p>\n<p class=\"cvGsUA direction-ltr align-center para-style-body\"><span class=\"a_GcMg font-feature-liga-off font-feature-clig-off font-feature-calt-off text-decoration-none text-strikethrough-none\">-op\u00e7\u00f5es presencial e on-line<\/span><\/p>\n<p>&nbsp;<\/p>\n<\/div>\n<\/div>\n<p><em>PROJETOS PRINCIPAIS:<\/em><\/p>\n<p>2 LAYOUTS DUPLOS &#8211; LAY ALMEIDA<\/p>\n<p>1 LAYOUT DUPLO &#8211; GABE SCHIER<\/p>\n<p>1 LAYOUT DUPLO &#8211; GIL JUSSARA<\/p>\n<div>\n<div>\n<p class=\"cvGsUA direction-ltr align-center para-style-body\"><em><span class=\"a_GcMg font-feature-liga-off font-feature-clig-off font-feature-calt-off text-decoration-none text-strikethrough-none\">PROJETO EXTRA:<\/span><\/em><\/p>\n<p class=\"cvGsUA direction-ltr align-center para-style-body\"><span class=\"a_GcMg font-feature-liga-off font-feature-clig-off font-feature-calt-off text-decoration-none text-strikethrough-none\">2 PL\u00c1STICOS COM DIVIS\u00d3RIAS &#8211; LAYLA ALMEIDA<\/span><\/p>\n<p class=\"cvGsUA direction-ltr align-center para-style-body\"><span class=\"a_GcMg font-feature-liga-off font-feature-clig-off font-feature-calt-off text-decoration-none text-strikethrough-none\">PROJETO DISPONIBILIZADO EM PDF &#8211; ON LINE<\/span><\/p>\n<p>&nbsp;<\/p>\n<div>\n<p class=\"cvGsUA direction-ltr align-center para-style-body\"><strong><span class=\"a_GcMg font-feature-liga-off font-feature-clig-off font-feature-calt-off text-decoration-none text-strikethrough-none\">DIA 06\/09 &#8211; DOMINGO:<\/span><\/strong><\/p>\n<p class=\"cvGsUA direction-ltr align-center para-style-body\"><strong><span class=\"a_GcMg font-feature-liga-off font-feature-clig-off font-feature-calt-off text-decoration-none text-strikethrough-none\">\u00c1LBUM 20X20:<\/span><\/strong><\/p>\n<\/div>\n<\/div>\n<\/div>\n<div>\n<div>\n<p class=\"cvGsUA direction-ltr align-center para-style-body\"><span class=\"a_GcMg font-feature-liga-off font-feature-clig-off font-feature-calt-off text-decoration-none text-strikethrough-none\">-AULA DAS 8H \u00c0S 18H<\/span><\/p>\n<p class=\"cvGsUA direction-ltr align-center para-style-body\"><span class=\"a_GcMg font-feature-liga-off font-feature-clig-off font-feature-calt-off text-decoration-none text-strikethrough-none\">-PROFESSORA LAY ALMEIDA<\/span><\/p>\n<p class=\"cvGsUA direction-ltr align-center para-style-body\"><span class=\"a_GcMg font-feature-liga-off font-feature-clig-off font-feature-calt-off text-decoration-none text-strikethrough-none\">-PAP EM PDF (GOOGLE DRIVE)<\/span><\/p>\n<p class=\"cvGsUA direction-ltr align-center para-style-body\"><span class=\"a_GcMg font-feature-liga-off font-feature-clig-off font-feature-calt-off text-decoration-none text-strikethrough-none\">-ENVIO ANTECIPADO PARA RECORTES E TAREFAS<\/span><\/p>\n<p class=\"cvGsUA direction-ltr align-center para-style-body\"><span class=\"a_GcMg font-feature-liga-off font-feature-clig-off font-feature-calt-off text-decoration-none text-strikethrough-none\">-ENVIO ANTECIPADO MONTAGEM DA CAPA<\/span><\/p>\n<p class=\"cvGsUA direction-ltr align-center para-style-body\"><span class=\"a_GcMg font-feature-liga-off font-feature-clig-off font-feature-calt-off text-decoration-none text-strikethrough-none\">-LANCHES MANH\u00c3 E TARDE<\/span><\/p>\n<p class=\"cvGsUA direction-ltr align-center para-style-body\"><span class=\"a_GcMg font-feature-liga-off font-feature-clig-off font-feature-calt-off text-decoration-none text-strikethrough-none\">-MIMOS E SORTEIOS<\/span><\/p>\n<p class=\"cvGsUA direction-ltr align-center para-style-body\"><span class=\"a_GcMg font-feature-liga-off font-feature-clig-off font-feature-calt-off text-decoration-none text-strikethrough-none\">-LOJINHAS<\/span><\/p>\n<p class=\"cvGsUA direction-ltr align-center para-style-body\"><span class=\"a_GcMg font-feature-liga-off font-feature-clig-off font-feature-calt-off text-decoration-none text-strikethrough-none\">-op\u00e7\u00f5es presencial e on-line<\/span><\/p>\n<p class=\"cvGsUA direction-ltr align-center para-style-body\"><em><span class=\"a_GcMg font-feature-liga-off font-feature-clig-off font-feature-calt-off text-decoration-none text-strikethrough-none\">PROJETO EXTRA:<\/span><\/em><\/p>\n<p class=\"cvGsUA direction-ltr align-center para-style-body\"><span class=\"a_GcMg font-feature-liga-off font-feature-clig-off font-feature-calt-off text-decoration-none text-strikethrough-none\">1 P\u00c1GINA 17X20 EM PETG<\/span><\/p>\n<p class=\"cvGsUA direction-ltr align-center para-style-body\"><span class=\"a_GcMg font-feature-liga-off font-feature-clig-off font-feature-calt-off text-decoration-none text-strikethrough-none\">GIL JUSSARA<\/span><\/p>\n<p class=\"cvGsUA direction-ltr align-center para-style-body\"><span class=\"a_GcMg font-feature-liga-off font-feature-clig-off font-feature-calt-off text-decoration-none text-strikethrough-none\">PROJETO DISPONIBILIZADO EM PDF &#8211; ON LINE<\/span><\/p>\n<\/div>\n<\/div>\n","protected":false},"excerpt":{"rendered":"<p>PRODUTO: ENCONTRO SCRAPTALK SHOW 2026<br \/>\nTEMA: ENCONTROS<\/p>\n<p>ON-LINE OU PRESENCIAL<\/p>\n<p>DIA 1 &#8211; 05\/09\/2026<\/p>\n<p>DIA 2 &#8211; 06\/09\/2026<\/p>\n<p>-VEJA MAIS INFORMA\u00c7\u00d5ES NA DESCRI\u00c7\u00c3O DO PRODUTO [&#8230;]<\/p>\n<p><a class=\"btn btn-secondary understrap-read-more-link\" href=\"https:\/\/laylascrapearts.com.br\/wp\/produto\/encontro-scraptalk-show-2026-2-dias\/\">Leia mais&#8230;<\/a><\/p>\n","protected":false},"featured_media":17648,"comment_status":"closed","ping_status":"closed","template":"","meta":[],"product_brand":[],"product_cat":[1191,1193],"product_tag":[1470,1468],"class_list":{"0":"post-17341","1":"product","2":"type-product","3":"status-publish","4":"has-post-thumbnail","6":"product_cat-aulas","7":"product_cat-scrapbooking","8":"product_tag-scraptalk-2026","9":"product_tag-scraptalk-show","11":"first","12":"instock","13":"taxable","14":"shipping-taxable","15":"purchasable","16":"product-type-simple"},"_links":{"self":[{"href":"https:\/\/laylascrapearts.com.br\/wp\/wp-json\/wp\/v2\/product\/17341","targetHints":{"allow":["GET"]}}],"collection":[{"href":"https:\/\/laylascrapearts.com.br\/wp\/wp-json\/wp\/v2\/product"}],"about":[{"href":"https:\/\/laylascrapearts.com.br\/wp\/wp-json\/wp\/v2\/types\/product"}],"replies":[{"embeddable":true,"href":"https:\/\/laylascrapearts.com.br\/wp\/wp-json\/wp\/v2\/comments?post=17341"}],"wp:featuredmedia":[{"embeddable":true,"href":"https:\/\/laylascrapearts.com.br\/wp\/wp-json\/wp\/v2\/media\/17648"}],"wp:attachment":[{"href":"https:\/\/laylascrapearts.com.br\/wp\/wp-json\/wp\/v2\/media?parent=17341"}],"wp:term":[{"taxonomy":"product_brand","embeddable":true,"href":"https:\/\/laylascrapearts.com.br\/wp\/wp-json\/wp\/v2\/product_brand?post=17341"},{"taxonomy":"product_cat","embeddable":true,"href":"https:\/\/laylascrapearts.com.br\/wp\/wp-json\/wp\/v2\/product_cat?post=17341"},{"taxonomy":"product_tag","embeddable":true,"href":"https:\/\/laylascrapearts.com.br\/wp\/wp-json\/wp\/v2\/product_tag?post=17341"}],"curies":[{"name":"wp","href":"https:\/\/api.w.org\/{rel}","templated":true}]}}