{"id":17072,"date":"2025-02-07T03:43:19","date_gmt":"2025-02-07T06:43:19","guid":{"rendered":"https:\/\/laylascrapearts.com.br\/wp\/?post_type=product&#038;p=17072"},"modified":"2025-02-07T03:43:19","modified_gmt":"2025-02-07T06:43:19","slug":"bloco-a4-amorecos","status":"publish","type":"product","link":"https:\/\/laylascrapearts.com.br\/wp\/produto\/bloco-a4-amorecos\/","title":{"rendered":"Bloco A4 AMORECOS"},"content":{"rendered":"<p><strong>20 Pap\u00e9is dupla face 21&#215;30,5cm &#8211; 20 modelos e 2 Capas b\u00f4nus. 240g<br \/>\nS\u00e3o 42 designs!<br \/>\nOP\u00c7\u00c3O RECORTES COM BACKGROUND<\/strong><\/p>\n<p>A cole\u00e7\u00e3o Amorecos tem contrastes lindos de azul e vermelho em muitos elementos inspirados no amor. Com muitos itens fofos para te inspirar nos seus \u00e1lbuns de scrapbook, a cole\u00e7\u00e3o traz temas como amor, jeans, c\u00e2meras retros, moranguinhos e cerejas, circo, casinhas, passarinhos e preguicinhas&#8230; um universo de fofura para contar sua hist\u00f3ria, n\u00e3o s\u00f3 de amor, mas de fam\u00edlia e passeios.<br \/>\nCom florais ricos em estilo shabby chic, a cole\u00e7\u00e3o cheia de amor perfeito e rosas.<\/p>\n","protected":false},"excerpt":{"rendered":"<p>PRODUTO: Bloco 21 X 30,5 240G<br \/>\nCOLE\u00c7\u00c3O: AMORECOS<\/p>\n<p>Medida: 21cm X 30,5cm<\/p>\n<p>LIVRE DE \u00c1CIDO\/ ACID FREE [&#8230;]<\/p>\n<p><a class=\"btn btn-secondary understrap-read-more-link\" href=\"https:\/\/laylascrapearts.com.br\/wp\/produto\/bloco-a4-amorecos\/\">Leia mais&#8230;<\/a><\/p>\n","protected":false},"featured_media":17058,"comment_status":"closed","ping_status":"closed","template":"","meta":[],"product_brand":[],"product_cat":[100,42],"product_tag":[1444,1083,1106,463],"class_list":{"0":"post-17072","1":"product","2":"type-product","3":"status-publish","4":"has-post-thumbnail","6":"product_cat-carina-sartor","7":"product_cat-papeis","8":"product_tag-amorecos","9":"product_tag-bloco-a4","10":"product_tag-bloco-de-papeis","11":"product_tag-carina-sartor","13":"first","14":"instock","15":"taxable","16":"shipping-taxable","17":"purchasable","18":"product-type-simple"},"_links":{"self":[{"href":"https:\/\/laylascrapearts.com.br\/wp\/wp-json\/wp\/v2\/product\/17072","targetHints":{"allow":["GET"]}}],"collection":[{"href":"https:\/\/laylascrapearts.com.br\/wp\/wp-json\/wp\/v2\/product"}],"about":[{"href":"https:\/\/laylascrapearts.com.br\/wp\/wp-json\/wp\/v2\/types\/product"}],"replies":[{"embeddable":true,"href":"https:\/\/laylascrapearts.com.br\/wp\/wp-json\/wp\/v2\/comments?post=17072"}],"wp:featuredmedia":[{"embeddable":true,"href":"https:\/\/laylascrapearts.com.br\/wp\/wp-json\/wp\/v2\/media\/17058"}],"wp:attachment":[{"href":"https:\/\/laylascrapearts.com.br\/wp\/wp-json\/wp\/v2\/media?parent=17072"}],"wp:term":[{"taxonomy":"product_brand","embeddable":true,"href":"https:\/\/laylascrapearts.com.br\/wp\/wp-json\/wp\/v2\/product_brand?post=17072"},{"taxonomy":"product_cat","embeddable":true,"href":"https:\/\/laylascrapearts.com.br\/wp\/wp-json\/wp\/v2\/product_cat?post=17072"},{"taxonomy":"product_tag","embeddable":true,"href":"https:\/\/laylascrapearts.com.br\/wp\/wp-json\/wp\/v2\/product_tag?post=17072"}],"curies":[{"name":"wp","href":"https:\/\/api.w.org\/{rel}","templated":true}]}}