{"id":17043,"date":"2025-02-07T02:39:54","date_gmt":"2025-02-07T05:39:54","guid":{"rendered":"https:\/\/laylascrapearts.com.br\/wp\/?post_type=product&#038;p=17043"},"modified":"2025-02-07T02:39:54","modified_gmt":"2025-02-07T05:39:54","slug":"bloco-de-cards-minha-diversao","status":"publish","type":"product","link":"https:\/\/laylascrapearts.com.br\/wp\/produto\/bloco-de-cards-minha-diversao\/","title":{"rendered":"Bloco de Cards MINHA DIVERS\u00c3O"},"content":{"rendered":"<p>Quantas cores e momentos felizes cabem em um momento de divers\u00e3o. Sinta toda a vibra\u00e7\u00e3o, energia e alegria que a cole\u00e7\u00e3o Minha Divers\u00e3o traz para voc\u00ea. Vamos embarcar nessa divers\u00e3o juntos?<\/p>\n<p>Cont\u00e9m 6 modelos de folhas dupla-face, vindo 2 folhas de cada, totalizando 12 folhas.<\/p>\n","protected":false},"excerpt":{"rendered":"<p>PRODUTO: Bloco de Cards<br \/>\nCOLE\u00c7\u00c3O: MINHA DIVERS\u00c3O<br \/>\nMARCA: My Memories Crafts<br \/>\nMedida: 10CM X 15CM<br \/>\nCONTEM 12 CARDS DUPLA FACE [&#8230;]<\/p>\n<p><a class=\"btn btn-secondary understrap-read-more-link\" href=\"https:\/\/laylascrapearts.com.br\/wp\/produto\/bloco-de-cards-minha-diversao\/\">Leia mais&#8230;<\/a><\/p>\n","protected":false},"featured_media":17044,"comment_status":"closed","ping_status":"closed","template":"","meta":[],"product_brand":[],"product_cat":[24,175,107,42],"product_tag":[1106,1457,667],"class_list":{"0":"post-17043","1":"product","2":"type-product","3":"status-publish","4":"has-post-thumbnail","6":"product_cat-acessorios","7":"product_cat-cards","8":"product_cat-my-memories-crafts","9":"product_cat-papeis","10":"product_tag-bloco-de-papeis","11":"product_tag-minha-diversao","12":"product_tag-my-memories-crafts","14":"first","15":"instock","16":"taxable","17":"shipping-taxable","18":"purchasable","19":"product-type-simple"},"_links":{"self":[{"href":"https:\/\/laylascrapearts.com.br\/wp\/wp-json\/wp\/v2\/product\/17043","targetHints":{"allow":["GET"]}}],"collection":[{"href":"https:\/\/laylascrapearts.com.br\/wp\/wp-json\/wp\/v2\/product"}],"about":[{"href":"https:\/\/laylascrapearts.com.br\/wp\/wp-json\/wp\/v2\/types\/product"}],"replies":[{"embeddable":true,"href":"https:\/\/laylascrapearts.com.br\/wp\/wp-json\/wp\/v2\/comments?post=17043"}],"wp:featuredmedia":[{"embeddable":true,"href":"https:\/\/laylascrapearts.com.br\/wp\/wp-json\/wp\/v2\/media\/17044"}],"wp:attachment":[{"href":"https:\/\/laylascrapearts.com.br\/wp\/wp-json\/wp\/v2\/media?parent=17043"}],"wp:term":[{"taxonomy":"product_brand","embeddable":true,"href":"https:\/\/laylascrapearts.com.br\/wp\/wp-json\/wp\/v2\/product_brand?post=17043"},{"taxonomy":"product_cat","embeddable":true,"href":"https:\/\/laylascrapearts.com.br\/wp\/wp-json\/wp\/v2\/product_cat?post=17043"},{"taxonomy":"product_tag","embeddable":true,"href":"https:\/\/laylascrapearts.com.br\/wp\/wp-json\/wp\/v2\/product_tag?post=17043"}],"curies":[{"name":"wp","href":"https:\/\/api.w.org\/{rel}","templated":true}]}}