{"id":17031,"date":"2025-02-07T02:16:08","date_gmt":"2025-02-07T05:16:08","guid":{"rendered":"https:\/\/laylascrapearts.com.br\/wp\/?post_type=product&#038;p=17031"},"modified":"2025-02-07T02:16:08","modified_gmt":"2025-02-07T05:16:08","slug":"bloco-a4-minha-casa","status":"publish","type":"product","link":"https:\/\/laylascrapearts.com.br\/wp\/produto\/bloco-a4-minha-casa\/","title":{"rendered":"Bloco A4 MINHA CASA"},"content":{"rendered":"<h5>Tem coisa melhor que nossa casa, nossa fam\u00edlia. S\u00e3o as pessoas mais importantes da nossa vida, no lugar onde podemos chamar de lar.<\/h5>\n<h5>A uni\u00e3o de todo esse amor, com cores delicadas, coloridas e imagens lindas, pensadas no min\u00edmos detalhes, s\u00f3 poderia dar vida a uma cole\u00e7\u00e3o perfeita como a Minha Casa.<\/h5>\n<p>Cada unidade cont\u00e9m 24 folhas, sendo 8 modelos, 3 de cada, no tamanho A4.<\/p>\n<p>Pap\u00e9is acid-free, 180g, com estampas autorais.<\/p>\n","protected":false},"excerpt":{"rendered":"<p>PRODUTO: Bloco A4 180g<br \/>\nCOLE\u00c7\u00c3O: MINHA CASA<\/p>\n<p>Medida: 21CM X 29,7CM<\/p>\n<p>LIVRE DE \u00c1CIDO\/ ACID FREE [&#8230;]<\/p>\n<p><a class=\"btn btn-secondary understrap-read-more-link\" href=\"https:\/\/laylascrapearts.com.br\/wp\/produto\/bloco-a4-minha-casa\/\">Leia mais&#8230;<\/a><\/p>\n","protected":false},"featured_media":17014,"comment_status":"closed","ping_status":"closed","template":"","meta":[],"product_brand":[],"product_cat":[107,42],"product_tag":[1083,1106,1453,667],"class_list":{"0":"post-17031","1":"product","2":"type-product","3":"status-publish","4":"has-post-thumbnail","6":"product_cat-my-memories-crafts","7":"product_cat-papeis","8":"product_tag-bloco-a4","9":"product_tag-bloco-de-papeis","10":"product_tag-minha-casa","11":"product_tag-my-memories-crafts","13":"first","14":"instock","15":"taxable","16":"shipping-taxable","17":"purchasable","18":"product-type-simple"},"_links":{"self":[{"href":"https:\/\/laylascrapearts.com.br\/wp\/wp-json\/wp\/v2\/product\/17031","targetHints":{"allow":["GET"]}}],"collection":[{"href":"https:\/\/laylascrapearts.com.br\/wp\/wp-json\/wp\/v2\/product"}],"about":[{"href":"https:\/\/laylascrapearts.com.br\/wp\/wp-json\/wp\/v2\/types\/product"}],"replies":[{"embeddable":true,"href":"https:\/\/laylascrapearts.com.br\/wp\/wp-json\/wp\/v2\/comments?post=17031"}],"wp:featuredmedia":[{"embeddable":true,"href":"https:\/\/laylascrapearts.com.br\/wp\/wp-json\/wp\/v2\/media\/17014"}],"wp:attachment":[{"href":"https:\/\/laylascrapearts.com.br\/wp\/wp-json\/wp\/v2\/media?parent=17031"}],"wp:term":[{"taxonomy":"product_brand","embeddable":true,"href":"https:\/\/laylascrapearts.com.br\/wp\/wp-json\/wp\/v2\/product_brand?post=17031"},{"taxonomy":"product_cat","embeddable":true,"href":"https:\/\/laylascrapearts.com.br\/wp\/wp-json\/wp\/v2\/product_cat?post=17031"},{"taxonomy":"product_tag","embeddable":true,"href":"https:\/\/laylascrapearts.com.br\/wp\/wp-json\/wp\/v2\/product_tag?post=17031"}],"curies":[{"name":"wp","href":"https:\/\/api.w.org\/{rel}","templated":true}]}}