{"id":17030,"date":"2025-02-07T02:10:21","date_gmt":"2025-02-07T05:10:21","guid":{"rendered":"https:\/\/laylascrapearts.com.br\/wp\/?post_type=product&#038;p=17030"},"modified":"2025-02-07T02:11:47","modified_gmt":"2025-02-07T05:11:47","slug":"papel-vegetal-minha-casa-flores","status":"publish","type":"product","link":"https:\/\/laylascrapearts.com.br\/wp\/produto\/papel-vegetal-minha-casa-flores\/","title":{"rendered":"Papel Vegetal Minha Casa FLORES"},"content":{"rendered":"<p>Tem coisa melhor que nossa casa, nossa fam\u00edlia. S\u00e3o as pessoas mais importantes da nossa vida, no lugar onde podemos chamar de lar.<\/p>\n<p>A uni\u00e3o de todo esse amor, com cores delicadas, coloridas e imagens lindas, pensadas no min\u00edmos detalhes, s\u00f3 poderia dar vida a uma cole\u00e7\u00e3o perfeita como a Minha Casa.<\/p>\n<p>-Produto especialmente indicado para projetos de SCRAPBOOK, SCRAP DECOR e ARTES EM GERAL;<\/p>\n<p>-Papel Vegetal;<\/p>\n<p>My Memories Crafts<\/p>\n","protected":false},"excerpt":{"rendered":"<p>PRODUTO: Papel Vegetal<br \/>\nCOLE\u00c7\u00c3O: Minha Casa<br \/>\nMARCA: My Memories Crafts<\/p>\n<p>Medida: 21cm x 29,7cm [&#8230;]<\/p>\n<p><a class=\"btn btn-secondary understrap-read-more-link\" href=\"https:\/\/laylascrapearts.com.br\/wp\/produto\/papel-vegetal-minha-casa-flores\/\">Leia mais&#8230;<\/a><\/p>\n","protected":false},"featured_media":17023,"comment_status":"closed","ping_status":"closed","template":"","meta":[],"product_brand":[],"product_cat":[107,42],"product_tag":[193,234,1453,667,919],"class_list":{"0":"post-17030","1":"product","2":"type-product","3":"status-publish","4":"has-post-thumbnail","6":"product_cat-my-memories-crafts","7":"product_cat-papeis","8":"product_tag-floral","9":"product_tag-flores","10":"product_tag-minha-casa","11":"product_tag-my-memories-crafts","12":"product_tag-vegetal","14":"first","15":"instock","16":"taxable","17":"shipping-taxable","18":"purchasable","19":"product-type-simple"},"_links":{"self":[{"href":"https:\/\/laylascrapearts.com.br\/wp\/wp-json\/wp\/v2\/product\/17030","targetHints":{"allow":["GET"]}}],"collection":[{"href":"https:\/\/laylascrapearts.com.br\/wp\/wp-json\/wp\/v2\/product"}],"about":[{"href":"https:\/\/laylascrapearts.com.br\/wp\/wp-json\/wp\/v2\/types\/product"}],"replies":[{"embeddable":true,"href":"https:\/\/laylascrapearts.com.br\/wp\/wp-json\/wp\/v2\/comments?post=17030"}],"wp:featuredmedia":[{"embeddable":true,"href":"https:\/\/laylascrapearts.com.br\/wp\/wp-json\/wp\/v2\/media\/17023"}],"wp:attachment":[{"href":"https:\/\/laylascrapearts.com.br\/wp\/wp-json\/wp\/v2\/media?parent=17030"}],"wp:term":[{"taxonomy":"product_brand","embeddable":true,"href":"https:\/\/laylascrapearts.com.br\/wp\/wp-json\/wp\/v2\/product_brand?post=17030"},{"taxonomy":"product_cat","embeddable":true,"href":"https:\/\/laylascrapearts.com.br\/wp\/wp-json\/wp\/v2\/product_cat?post=17030"},{"taxonomy":"product_tag","embeddable":true,"href":"https:\/\/laylascrapearts.com.br\/wp\/wp-json\/wp\/v2\/product_tag?post=17030"}],"curies":[{"name":"wp","href":"https:\/\/api.w.org\/{rel}","templated":true}]}}