{"id":16722,"date":"2024-08-19T12:35:24","date_gmt":"2024-08-19T15:35:24","guid":{"rendered":"https:\/\/laylascrapearts.com.br\/wp\/?post_type=product&#038;p=16722"},"modified":"2025-07-21T10:14:59","modified_gmt":"2025-07-21T13:14:59","slug":"bloco-a4-play","status":"publish","type":"product","link":"https:\/\/laylascrapearts.com.br\/wp\/produto\/bloco-a4-play\/","title":{"rendered":"Bloco A4 PLAY"},"content":{"rendered":"<p>20 Pap\u00e9is dupla face 21&#215;30,5cm\u00a0 &#8211; 20 modelos e 2 bonus. 240g<br \/>\n<strong>OP\u00c7\u00c3O RECORTE com BACKGROUND<\/strong><\/p>\n<p>A Cole\u00e7\u00e3o PLAY foi desenvolvida pela Carina Sartor em uma paleta de cores vibrantes que s\u00e3o marcantes no universo masculino, mas com uma pegada mais alegre, mas com contraste lindo de padr\u00f5es r\u00fasticos e oxidados. S\u00e3o diversos temas: esportes, planetas, astronautas, dinossauros, carros e video game! \u00c9 a cole\u00e7\u00e3o que faltava para voc\u00ea registrar os momentos do seu filho com muitos elementos pr\u00e1ticos\u00a0 escolhidos a dedo, como tags lindas e um alfabeto rusty incr\u00edvel!<\/p>\n<p>&nbsp;<\/p>\n","protected":false},"excerpt":{"rendered":"<p>PRODUTO: Bloco 21 X 30,5 240G<br \/>\nCOLE\u00c7\u00c3O: PLAY<\/p>\n<p>Medida: 21cm X 30,5cm<\/p>\n<p>LIVRE DE \u00c1CIDO\/ ACID FREE [&#8230;]<\/p>\n<p><a class=\"btn btn-secondary understrap-read-more-link\" href=\"https:\/\/laylascrapearts.com.br\/wp\/produto\/bloco-a4-play\/\">Leia mais&#8230;<\/a><\/p>\n","protected":false},"featured_media":16714,"comment_status":"closed","ping_status":"closed","template":"","meta":[],"product_brand":[],"product_cat":[100,42],"product_tag":[1083,1106,463,1443],"class_list":{"0":"post-16722","1":"product","2":"type-product","3":"status-publish","4":"has-post-thumbnail","6":"product_cat-carina-sartor","7":"product_cat-papeis","8":"product_tag-bloco-a4","9":"product_tag-bloco-de-papeis","10":"product_tag-carina-sartor","11":"product_tag-play","13":"first","14":"instock","15":"taxable","16":"shipping-taxable","17":"purchasable","18":"product-type-simple"},"_links":{"self":[{"href":"https:\/\/laylascrapearts.com.br\/wp\/wp-json\/wp\/v2\/product\/16722","targetHints":{"allow":["GET"]}}],"collection":[{"href":"https:\/\/laylascrapearts.com.br\/wp\/wp-json\/wp\/v2\/product"}],"about":[{"href":"https:\/\/laylascrapearts.com.br\/wp\/wp-json\/wp\/v2\/types\/product"}],"replies":[{"embeddable":true,"href":"https:\/\/laylascrapearts.com.br\/wp\/wp-json\/wp\/v2\/comments?post=16722"}],"wp:featuredmedia":[{"embeddable":true,"href":"https:\/\/laylascrapearts.com.br\/wp\/wp-json\/wp\/v2\/media\/16714"}],"wp:attachment":[{"href":"https:\/\/laylascrapearts.com.br\/wp\/wp-json\/wp\/v2\/media?parent=16722"}],"wp:term":[{"taxonomy":"product_brand","embeddable":true,"href":"https:\/\/laylascrapearts.com.br\/wp\/wp-json\/wp\/v2\/product_brand?post=16722"},{"taxonomy":"product_cat","embeddable":true,"href":"https:\/\/laylascrapearts.com.br\/wp\/wp-json\/wp\/v2\/product_cat?post=16722"},{"taxonomy":"product_tag","embeddable":true,"href":"https:\/\/laylascrapearts.com.br\/wp\/wp-json\/wp\/v2\/product_tag?post=16722"}],"curies":[{"name":"wp","href":"https:\/\/api.w.org\/{rel}","templated":true}]}}