{"id":16469,"date":"2024-06-26T19:46:41","date_gmt":"2024-06-26T22:46:41","guid":{"rendered":"https:\/\/laylascrapearts.com.br\/wp\/?post_type=product&#038;p=16469"},"modified":"2024-06-26T19:46:42","modified_gmt":"2024-06-26T22:46:42","slug":"aplique-em-camada-de-chipboard-meu-melhor-amigo","status":"publish","type":"product","link":"https:\/\/laylascrapearts.com.br\/wp\/produto\/aplique-em-camada-de-chipboard-meu-melhor-amigo\/","title":{"rendered":"Aplique em Camada de Chipboard \u2013 MEU MELHOR AMIGO"},"content":{"rendered":"<p>Aplique em CAMADA Chipboard<\/p>\n<p>Medida Aproximada: 8,4cm x 5cm<\/p>\n<p>Embalagem cont\u00e9m 03 pe\u00e7as = 01 t\u00edtulo<\/p>\n<p>N\u00c3O \u00c9 COLORIDO!<\/p>\n<p>Voc\u00ea pode colorir com carimbeiras, tintas spray, glitter, emboss e muito mais, para combinar com o seu projeto!<\/p>\n","protected":false},"excerpt":{"rendered":"<p>PRODUTO: T\u00edtulo em CAMADA de Chipboard<br \/>\nTEMA: MEU MELHRO AMIGO<\/p>\n<p>MEDIDA APROXIMADA: 8,4cm x 5cm<\/p>\n<p>MATERIAL: Chipboard<\/p>\n<p>Embalagem com 03 pe\u00e7as = 01 t\u00edtulo [&#8230;]<\/p>\n<p><a class=\"btn btn-secondary understrap-read-more-link\" href=\"https:\/\/laylascrapearts.com.br\/wp\/produto\/aplique-em-camada-de-chipboard-meu-melhor-amigo\/\">Leia mais&#8230;<\/a><\/p>\n","protected":false},"featured_media":16471,"comment_status":"closed","ping_status":"closed","template":"","meta":[],"product_brand":[],"product_cat":[24,165],"product_tag":[1427,1263,1426,1036],"class_list":{"0":"post-16469","1":"product","2":"type-product","3":"status-publish","4":"has-post-thumbnail","6":"product_cat-acessorios","7":"product_cat-chipboard-apliques","8":"product_tag-amigo","9":"product_tag-dia-dos-pais","10":"product_tag-pai","11":"product_tag-titulo","13":"first","14":"instock","15":"taxable","16":"shipping-taxable","17":"purchasable","18":"product-type-simple"},"_links":{"self":[{"href":"https:\/\/laylascrapearts.com.br\/wp\/wp-json\/wp\/v2\/product\/16469","targetHints":{"allow":["GET"]}}],"collection":[{"href":"https:\/\/laylascrapearts.com.br\/wp\/wp-json\/wp\/v2\/product"}],"about":[{"href":"https:\/\/laylascrapearts.com.br\/wp\/wp-json\/wp\/v2\/types\/product"}],"replies":[{"embeddable":true,"href":"https:\/\/laylascrapearts.com.br\/wp\/wp-json\/wp\/v2\/comments?post=16469"}],"wp:featuredmedia":[{"embeddable":true,"href":"https:\/\/laylascrapearts.com.br\/wp\/wp-json\/wp\/v2\/media\/16471"}],"wp:attachment":[{"href":"https:\/\/laylascrapearts.com.br\/wp\/wp-json\/wp\/v2\/media?parent=16469"}],"wp:term":[{"taxonomy":"product_brand","embeddable":true,"href":"https:\/\/laylascrapearts.com.br\/wp\/wp-json\/wp\/v2\/product_brand?post=16469"},{"taxonomy":"product_cat","embeddable":true,"href":"https:\/\/laylascrapearts.com.br\/wp\/wp-json\/wp\/v2\/product_cat?post=16469"},{"taxonomy":"product_tag","embeddable":true,"href":"https:\/\/laylascrapearts.com.br\/wp\/wp-json\/wp\/v2\/product_tag?post=16469"}],"curies":[{"name":"wp","href":"https:\/\/api.w.org\/{rel}","templated":true}]}}