{"id":16445,"date":"2024-06-26T12:59:29","date_gmt":"2024-06-26T15:59:29","guid":{"rendered":"https:\/\/laylascrapearts.com.br\/wp\/?post_type=product&#038;p=16445"},"modified":"2024-07-13T22:43:57","modified_gmt":"2024-07-14T01:43:57","slug":"kit-colecao-cozy-memories-basico-mustard-5f","status":"publish","type":"product","link":"https:\/\/laylascrapearts.com.br\/wp\/produto\/kit-colecao-cozy-memories-basico-mustard-5f\/","title":{"rendered":"Kit Cole\u00e7\u00e3o Cozy Memories B\u00c1SICO MUSTARD 5F"},"content":{"rendered":"<p>Kit com 5 folhas b\u00e1sicas, coordenadas com a Cole\u00e7\u00e3o Cozy Memories \u2013 1 folha de cada modelo<\/p>\n<p>A cole\u00e7\u00e3o Cozy Memories for desenvolvida em uma paleta de cores cheia de nostalgia, \u00e9 a mesma do Papys, mas em elementos doces e cheios de ternura. Na cole\u00e7\u00e3o inspirada pelos pap\u00e9is de carta com a bonequinha em homenagem \u00e0 Gabi, filha da Carina, em temas como jardim, cozinha, bonecas, bichinhos fofos, costura, e outras formas delicadas. Al\u00e9m de florais incr\u00edveis mesclados com texturas e amadeirados, a cole\u00e7\u00e3o Cozy Memories \u00e9 super vers\u00e1til para temas livres, mas com toque de aconchego e lembran\u00e7as da inf\u00e2ncia. Com predomin\u00e2ncia na cor mostarda.<\/p>\n","protected":false},"excerpt":{"rendered":"<p>PRODUTO: Kit Cole\u00e7\u00e3o<br \/>\nCOLE\u00c7\u00c3O: COZY MEMORIES \u2013 B\u00e1sico Mustard<br \/>\nMARCA: Carina Sartor<br \/>\nMedida: 30,5CM X 30,5CM<br \/>\nCONTEM 5 FOLHAS DUPLA FACE [&#8230;]<\/p>\n<p><a class=\"btn btn-secondary understrap-read-more-link\" href=\"https:\/\/laylascrapearts.com.br\/wp\/produto\/kit-colecao-cozy-memories-basico-mustard-5f\/\">Leia mais&#8230;<\/a><\/p>\n","protected":false},"featured_media":16451,"comment_status":"closed","ping_status":"closed","template":"","meta":[],"product_brand":[],"product_cat":[100,42],"product_tag":[778,463,1423,706,1424],"class_list":{"0":"post-16445","1":"product","2":"type-product","3":"status-publish","4":"has-post-thumbnail","6":"product_cat-carina-sartor","7":"product_cat-papeis","8":"product_tag-basico","9":"product_tag-carina-sartor","10":"product_tag-cozy-memories","11":"product_tag-kit-colecao","12":"product_tag-mustard","14":"first","15":"instock","16":"taxable","17":"shipping-taxable","18":"purchasable","19":"product-type-simple"},"_links":{"self":[{"href":"https:\/\/laylascrapearts.com.br\/wp\/wp-json\/wp\/v2\/product\/16445","targetHints":{"allow":["GET"]}}],"collection":[{"href":"https:\/\/laylascrapearts.com.br\/wp\/wp-json\/wp\/v2\/product"}],"about":[{"href":"https:\/\/laylascrapearts.com.br\/wp\/wp-json\/wp\/v2\/types\/product"}],"replies":[{"embeddable":true,"href":"https:\/\/laylascrapearts.com.br\/wp\/wp-json\/wp\/v2\/comments?post=16445"}],"wp:featuredmedia":[{"embeddable":true,"href":"https:\/\/laylascrapearts.com.br\/wp\/wp-json\/wp\/v2\/media\/16451"}],"wp:attachment":[{"href":"https:\/\/laylascrapearts.com.br\/wp\/wp-json\/wp\/v2\/media?parent=16445"}],"wp:term":[{"taxonomy":"product_brand","embeddable":true,"href":"https:\/\/laylascrapearts.com.br\/wp\/wp-json\/wp\/v2\/product_brand?post=16445"},{"taxonomy":"product_cat","embeddable":true,"href":"https:\/\/laylascrapearts.com.br\/wp\/wp-json\/wp\/v2\/product_cat?post=16445"},{"taxonomy":"product_tag","embeddable":true,"href":"https:\/\/laylascrapearts.com.br\/wp\/wp-json\/wp\/v2\/product_tag?post=16445"}],"curies":[{"name":"wp","href":"https:\/\/api.w.org\/{rel}","templated":true}]}}