{"id":16442,"date":"2024-06-26T12:52:53","date_gmt":"2024-06-26T15:52:53","guid":{"rendered":"https:\/\/laylascrapearts.com.br\/wp\/?post_type=product&#038;p=16442"},"modified":"2024-06-26T12:52:54","modified_gmt":"2024-06-26T15:52:54","slug":"bloco-a4-cozy-memories-backgrounds","status":"publish","type":"product","link":"https:\/\/laylascrapearts.com.br\/wp\/produto\/bloco-a4-cozy-memories-backgrounds\/","title":{"rendered":"Bloco A4 Cozy Memories BACKGROUNDS"},"content":{"rendered":"<p>Bloco de pap\u00e9is para scrapbook decorado dupla face.<\/p>\n<p>Este bloco da cole\u00e7\u00e3o Cozy Memories vem com pap\u00e9is decorados na frente e no verso e possui tamanho A4.<\/p>\n<p>A cole\u00e7\u00e3o Cozy Memories for desenvolvida em uma paleta de cores cheia de nostalgia, \u00e9 a mesma do Papys, mas em elementos doces e cheios de ternura. Na cole\u00e7\u00e3o inspirada pelos pap\u00e9is de carta com a bonequinha em homenagem \u00e0 Gabi, filha da Carina, em temas como jardim, cozinha, bonecas, bichinhos fofos, costura, e outras formas delicadas. Al\u00e9m de florais incr\u00edveis mesclados com texturas e amadeirados, a cole\u00e7\u00e3o Cozy Memories \u00e9 super vers\u00e1til para temas livres, mas com toque de aconchego e lembran\u00e7as da inf\u00e2ncia. Com predomin\u00e2ncia na cor mostarda.<\/p>\n","protected":false},"excerpt":{"rendered":"<p>PRODUTO: Bloco A4 240g<br \/>\nCOLE\u00c7\u00c3O: COZY MEMORIES<\/p>\n<p>Medida: 21CM X 29,7CM<\/p>\n<p>LIVRE DE \u00c1CIDO\/ ACID FREE [&#8230;]<\/p>\n<p><a class=\"btn btn-secondary understrap-read-more-link\" href=\"https:\/\/laylascrapearts.com.br\/wp\/produto\/bloco-a4-cozy-memories-backgrounds\/\">Leia mais&#8230;<\/a><\/p>\n","protected":false},"featured_media":16444,"comment_status":"closed","ping_status":"closed","template":"","meta":[],"product_brand":[],"product_cat":[100,42],"product_tag":[1083,1106,463,1423],"class_list":{"0":"post-16442","1":"product","2":"type-product","3":"status-publish","4":"has-post-thumbnail","6":"product_cat-carina-sartor","7":"product_cat-papeis","8":"product_tag-bloco-a4","9":"product_tag-bloco-de-papeis","10":"product_tag-carina-sartor","11":"product_tag-cozy-memories","13":"first","14":"instock","15":"taxable","16":"shipping-taxable","17":"purchasable","18":"product-type-simple"},"_links":{"self":[{"href":"https:\/\/laylascrapearts.com.br\/wp\/wp-json\/wp\/v2\/product\/16442","targetHints":{"allow":["GET"]}}],"collection":[{"href":"https:\/\/laylascrapearts.com.br\/wp\/wp-json\/wp\/v2\/product"}],"about":[{"href":"https:\/\/laylascrapearts.com.br\/wp\/wp-json\/wp\/v2\/types\/product"}],"replies":[{"embeddable":true,"href":"https:\/\/laylascrapearts.com.br\/wp\/wp-json\/wp\/v2\/comments?post=16442"}],"wp:featuredmedia":[{"embeddable":true,"href":"https:\/\/laylascrapearts.com.br\/wp\/wp-json\/wp\/v2\/media\/16444"}],"wp:attachment":[{"href":"https:\/\/laylascrapearts.com.br\/wp\/wp-json\/wp\/v2\/media?parent=16442"}],"wp:term":[{"taxonomy":"product_brand","embeddable":true,"href":"https:\/\/laylascrapearts.com.br\/wp\/wp-json\/wp\/v2\/product_brand?post=16442"},{"taxonomy":"product_cat","embeddable":true,"href":"https:\/\/laylascrapearts.com.br\/wp\/wp-json\/wp\/v2\/product_cat?post=16442"},{"taxonomy":"product_tag","embeddable":true,"href":"https:\/\/laylascrapearts.com.br\/wp\/wp-json\/wp\/v2\/product_tag?post=16442"}],"curies":[{"name":"wp","href":"https:\/\/api.w.org\/{rel}","templated":true}]}}