{"id":16250,"date":"2024-06-26T05:50:05","date_gmt":"2024-06-26T08:50:05","guid":{"rendered":"https:\/\/laylascrapearts.com.br\/wp\/?post_type=product&#038;p=16250"},"modified":"2024-07-13T22:43:57","modified_gmt":"2024-07-14T01:43:57","slug":"kit-colecao-relax-2-basico-rose-relax-2-5f","status":"publish","type":"product","link":"https:\/\/laylascrapearts.com.br\/wp\/produto\/kit-colecao-relax-2-basico-rose-relax-2-5f\/","title":{"rendered":"Kit Cole\u00e7\u00e3o Relax 2 B\u00c1SICO ROSE RELAX 2 5F"},"content":{"rendered":"<p>Kit com 5 folhas b\u00e1sicas, coordenadas com a Cole\u00e7\u00e3o Relax 2 \u2013 1 folha de cada modelo<\/p>\n<p>A cole\u00e7\u00e3o Relax foi um grande sucesso, essa linda cole\u00e7\u00e3o ganhou nova vers\u00e3o e novos elementos. Relax foi inspirada em paleta de cores de ver\u00e3o e na s\u00e9rie de obras dos L\u00edrios d\u00b4 \u00e1gua (los nen\u00fafares) de Claude Monet com florais e elementos que remetem ao descanso, inspira\u00e7\u00e3o e Relax.<\/p>\n","protected":false},"excerpt":{"rendered":"<p>PRODUTO: Kit Cole\u00e7\u00e3o<br \/>\nCOLE\u00c7\u00c3O: RELAX 2 \u2013 B\u00e1sico Rose Relax 2<br \/>\nMARCA: Carina Sartor<br \/>\nMedida: 30,5CM X 30,5CM<br \/>\nCONTEM 5 FOLHAS DUPLA FACE [&#8230;]<\/p>\n<p><a class=\"btn btn-secondary understrap-read-more-link\" href=\"https:\/\/laylascrapearts.com.br\/wp\/produto\/kit-colecao-relax-2-basico-rose-relax-2-5f\/\">Leia mais&#8230;<\/a><\/p>\n","protected":false},"featured_media":16251,"comment_status":"closed","ping_status":"closed","template":"","meta":[],"product_brand":[],"product_cat":[100,42],"product_tag":[778,463,706,666,1409],"class_list":{"0":"post-16250","1":"product","2":"type-product","3":"status-publish","4":"has-post-thumbnail","6":"product_cat-carina-sartor","7":"product_cat-papeis","8":"product_tag-basico","9":"product_tag-carina-sartor","10":"product_tag-kit-colecao","11":"product_tag-relax","12":"product_tag-relax-2","14":"first","15":"instock","16":"taxable","17":"shipping-taxable","18":"purchasable","19":"product-type-simple"},"_links":{"self":[{"href":"https:\/\/laylascrapearts.com.br\/wp\/wp-json\/wp\/v2\/product\/16250","targetHints":{"allow":["GET"]}}],"collection":[{"href":"https:\/\/laylascrapearts.com.br\/wp\/wp-json\/wp\/v2\/product"}],"about":[{"href":"https:\/\/laylascrapearts.com.br\/wp\/wp-json\/wp\/v2\/types\/product"}],"replies":[{"embeddable":true,"href":"https:\/\/laylascrapearts.com.br\/wp\/wp-json\/wp\/v2\/comments?post=16250"}],"wp:featuredmedia":[{"embeddable":true,"href":"https:\/\/laylascrapearts.com.br\/wp\/wp-json\/wp\/v2\/media\/16251"}],"wp:attachment":[{"href":"https:\/\/laylascrapearts.com.br\/wp\/wp-json\/wp\/v2\/media?parent=16250"}],"wp:term":[{"taxonomy":"product_brand","embeddable":true,"href":"https:\/\/laylascrapearts.com.br\/wp\/wp-json\/wp\/v2\/product_brand?post=16250"},{"taxonomy":"product_cat","embeddable":true,"href":"https:\/\/laylascrapearts.com.br\/wp\/wp-json\/wp\/v2\/product_cat?post=16250"},{"taxonomy":"product_tag","embeddable":true,"href":"https:\/\/laylascrapearts.com.br\/wp\/wp-json\/wp\/v2\/product_tag?post=16250"}],"curies":[{"name":"wp","href":"https:\/\/api.w.org\/{rel}","templated":true}]}}