{"id":16232,"date":"2024-06-26T05:03:00","date_gmt":"2024-06-26T08:03:00","guid":{"rendered":"https:\/\/laylascrapearts.com.br\/wp\/?post_type=product&#038;p=16232"},"modified":"2026-04-16T15:59:31","modified_gmt":"2026-04-16T18:59:31","slug":"kit-colecao-joy-basico-bege-4f","status":"publish","type":"product","link":"https:\/\/laylascrapearts.com.br\/wp\/produto\/kit-colecao-joy-basico-bege-4f\/","title":{"rendered":"Kit Cole\u00e7\u00e3o Joy B\u00c1SICO BEGE 4F"},"content":{"rendered":"<p>Kit com 4 folhas b\u00e1sicas, coordenadas com a Cole\u00e7\u00e3o Joy \u2013 1 folha de cada modelo<\/p>\n<p>A Cole\u00e7\u00e3o JOY foi desenvolvida pela Carina Sartor em paleta natalina tradicional com uma pitada de azul para mais liberdade em suas cria\u00e7\u00f5es! Mais uma cole\u00e7\u00e3o de Natal cl\u00e1ssica, a JOY re\u00fane elementos retros e e shabby chic para registrar seus momentos de festa e at\u00e9 mesmo na decora\u00e7\u00e3o desta celebra\u00e7\u00e3o. S\u00e3o muitos elementos fofos e delicados em uma cole\u00e7\u00e3o rica em recortes e possibilidades!<\/p>\n","protected":false},"excerpt":{"rendered":"<p>PRODUTO: Kit Cole\u00e7\u00e3o<br \/>\nCOLE\u00c7\u00c3O: JOY &#8211; B\u00e1sico Bege<br \/>\nMARCA: Carina Sartor<br \/>\nMedida: 30,5CM X 30,5CM<br \/>\nCONTEM 4 FOLHAS DUPLA FACE [&#8230;]<\/p>\n<p><a class=\"btn btn-secondary understrap-read-more-link\" href=\"https:\/\/laylascrapearts.com.br\/wp\/produto\/kit-colecao-joy-basico-bege-4f\/\">Leia mais&#8230;<\/a><\/p>\n","protected":false},"featured_media":16237,"comment_status":"closed","ping_status":"closed","template":"","meta":[],"product_brand":[],"product_cat":[100,42],"product_tag":[778,463,1407,706,246],"class_list":{"0":"post-16232","1":"product","2":"type-product","3":"status-publish","4":"has-post-thumbnail","6":"product_cat-carina-sartor","7":"product_cat-papeis","8":"product_tag-basico","9":"product_tag-carina-sartor","10":"product_tag-joy","11":"product_tag-kit-colecao","12":"product_tag-natal","14":"first","15":"instock","16":"taxable","17":"shipping-taxable","18":"purchasable","19":"product-type-simple"},"_links":{"self":[{"href":"https:\/\/laylascrapearts.com.br\/wp\/wp-json\/wp\/v2\/product\/16232","targetHints":{"allow":["GET"]}}],"collection":[{"href":"https:\/\/laylascrapearts.com.br\/wp\/wp-json\/wp\/v2\/product"}],"about":[{"href":"https:\/\/laylascrapearts.com.br\/wp\/wp-json\/wp\/v2\/types\/product"}],"replies":[{"embeddable":true,"href":"https:\/\/laylascrapearts.com.br\/wp\/wp-json\/wp\/v2\/comments?post=16232"}],"wp:featuredmedia":[{"embeddable":true,"href":"https:\/\/laylascrapearts.com.br\/wp\/wp-json\/wp\/v2\/media\/16237"}],"wp:attachment":[{"href":"https:\/\/laylascrapearts.com.br\/wp\/wp-json\/wp\/v2\/media?parent=16232"}],"wp:term":[{"taxonomy":"product_brand","embeddable":true,"href":"https:\/\/laylascrapearts.com.br\/wp\/wp-json\/wp\/v2\/product_brand?post=16232"},{"taxonomy":"product_cat","embeddable":true,"href":"https:\/\/laylascrapearts.com.br\/wp\/wp-json\/wp\/v2\/product_cat?post=16232"},{"taxonomy":"product_tag","embeddable":true,"href":"https:\/\/laylascrapearts.com.br\/wp\/wp-json\/wp\/v2\/product_tag?post=16232"}],"curies":[{"name":"wp","href":"https:\/\/api.w.org\/{rel}","templated":true}]}}