{"id":16192,"date":"2024-06-25T21:46:43","date_gmt":"2024-06-26T00:46:43","guid":{"rendered":"https:\/\/laylascrapearts.com.br\/wp\/?post_type=product&#038;p=16192"},"modified":"2024-06-25T21:47:20","modified_gmt":"2024-06-26T00:47:20","slug":"kit-colecao-minhas-celebracoes-6f","status":"publish","type":"product","link":"https:\/\/laylascrapearts.com.br\/wp\/produto\/kit-colecao-minhas-celebracoes-6f\/","title":{"rendered":"Kit Cole\u00e7\u00e3o MINHAS CELEBRA\u00c7\u00d5ES 6F"},"content":{"rendered":"<p>-Produto especialmente indicado para projetos de SCRAPBOOK, SCRAP DECOR e ARTES EM GERAL;<\/p>\n<p>-Kit de Pap\u00e9is 30,5X30,5 com 6 folhas dupla face, 6 modelos, 1 folhas de cada modelo da cole\u00e7\u00e3o<\/p>\n<p>-Total de 12 estampas<\/p>\n<p>&nbsp;<\/p>\n","protected":false},"excerpt":{"rendered":"<p>PRODUTO: Kit Cole\u00e7\u00e3o<br \/>\nCOLE\u00c7\u00c3O: MINHAS CELEBRA\u00c7\u00d5ES<br \/>\nMARCA: My Memories Crafts<br \/>\nMedida: 30,5CM X 30,5CM<br \/>\nCONTEM 06 FOLHAS DUPLA FACE [&#8230;]<\/p>\n<p><a class=\"btn btn-secondary understrap-read-more-link\" href=\"https:\/\/laylascrapearts.com.br\/wp\/produto\/kit-colecao-minhas-celebracoes-6f\/\">Leia mais&#8230;<\/a><\/p>\n","protected":false},"featured_media":16193,"comment_status":"closed","ping_status":"closed","template":"","meta":[],"product_brand":[],"product_cat":[107,42],"product_tag":[1383,426,706,1403,667],"class_list":{"0":"post-16192","1":"product","2":"type-product","3":"status-publish","4":"has-post-thumbnail","6":"product_cat-my-memories-crafts","7":"product_cat-papeis","8":"product_tag-aniversario","9":"product_tag-celebrar","10":"product_tag-kit-colecao","11":"product_tag-minhas-celebracoes","12":"product_tag-my-memories-crafts","14":"first","15":"instock","16":"taxable","17":"shipping-taxable","18":"purchasable","19":"product-type-simple"},"_links":{"self":[{"href":"https:\/\/laylascrapearts.com.br\/wp\/wp-json\/wp\/v2\/product\/16192","targetHints":{"allow":["GET"]}}],"collection":[{"href":"https:\/\/laylascrapearts.com.br\/wp\/wp-json\/wp\/v2\/product"}],"about":[{"href":"https:\/\/laylascrapearts.com.br\/wp\/wp-json\/wp\/v2\/types\/product"}],"replies":[{"embeddable":true,"href":"https:\/\/laylascrapearts.com.br\/wp\/wp-json\/wp\/v2\/comments?post=16192"}],"wp:featuredmedia":[{"embeddable":true,"href":"https:\/\/laylascrapearts.com.br\/wp\/wp-json\/wp\/v2\/media\/16193"}],"wp:attachment":[{"href":"https:\/\/laylascrapearts.com.br\/wp\/wp-json\/wp\/v2\/media?parent=16192"}],"wp:term":[{"taxonomy":"product_brand","embeddable":true,"href":"https:\/\/laylascrapearts.com.br\/wp\/wp-json\/wp\/v2\/product_brand?post=16192"},{"taxonomy":"product_cat","embeddable":true,"href":"https:\/\/laylascrapearts.com.br\/wp\/wp-json\/wp\/v2\/product_cat?post=16192"},{"taxonomy":"product_tag","embeddable":true,"href":"https:\/\/laylascrapearts.com.br\/wp\/wp-json\/wp\/v2\/product_tag?post=16192"}],"curies":[{"name":"wp","href":"https:\/\/api.w.org\/{rel}","templated":true}]}}