{"id":16118,"date":"2024-06-25T18:03:32","date_gmt":"2024-06-25T21:03:32","guid":{"rendered":"https:\/\/laylascrapearts.com.br\/wp\/?post_type=product&#038;p=16118"},"modified":"2024-06-25T18:03:32","modified_gmt":"2024-06-25T21:03:32","slug":"cartela-de-adesivos-resinados-cronicas-de-natal-alfabeto","status":"publish","type":"product","link":"https:\/\/laylascrapearts.com.br\/wp\/produto\/cartela-de-adesivos-resinados-cronicas-de-natal-alfabeto\/","title":{"rendered":"Cartela de Adesivos Resinados CR\u00d4NICAS DE NATAL &#8211; ALFABETO"},"content":{"rendered":"<p>Aplique em adesivo resinado.<\/p>\n<p>-cont\u00e9m alfabeto e n\u00fameros<\/p>\n<p>&nbsp;<\/p>\n","protected":false},"excerpt":{"rendered":"<p>PRODUTO: Cartela de Adesivos<br \/>\nCOLE\u00c7\u00c3O: CR\u00d4NICAS DE NATAL<br \/>\nTEMA: Alfabeto<br \/>\nMedida: DIVERSAS<br \/>\nMaterial: Resina Adesivada [&#8230;]<\/p>\n<p><a class=\"btn btn-secondary understrap-read-more-link\" href=\"https:\/\/laylascrapearts.com.br\/wp\/produto\/cartela-de-adesivos-resinados-cronicas-de-natal-alfabeto\/\">Leia mais&#8230;<\/a><\/p>\n","protected":false},"featured_media":16119,"comment_status":"closed","ping_status":"closed","template":"","meta":[],"product_brand":[],"product_cat":[24,168],"product_tag":[359,1397,201,246,1036],"class_list":{"0":"post-16118","1":"product","2":"type-product","3":"status-publish","4":"has-post-thumbnail","6":"product_cat-acessorios","7":"product_cat-adesivos","8":"product_tag-alfabeto","9":"product_tag-cronicas-de-natal","10":"product_tag-dany-peres","11":"product_tag-natal","12":"product_tag-titulo","14":"first","15":"instock","16":"taxable","17":"shipping-taxable","18":"purchasable","19":"product-type-simple"},"_links":{"self":[{"href":"https:\/\/laylascrapearts.com.br\/wp\/wp-json\/wp\/v2\/product\/16118","targetHints":{"allow":["GET"]}}],"collection":[{"href":"https:\/\/laylascrapearts.com.br\/wp\/wp-json\/wp\/v2\/product"}],"about":[{"href":"https:\/\/laylascrapearts.com.br\/wp\/wp-json\/wp\/v2\/types\/product"}],"replies":[{"embeddable":true,"href":"https:\/\/laylascrapearts.com.br\/wp\/wp-json\/wp\/v2\/comments?post=16118"}],"wp:featuredmedia":[{"embeddable":true,"href":"https:\/\/laylascrapearts.com.br\/wp\/wp-json\/wp\/v2\/media\/16119"}],"wp:attachment":[{"href":"https:\/\/laylascrapearts.com.br\/wp\/wp-json\/wp\/v2\/media?parent=16118"}],"wp:term":[{"taxonomy":"product_brand","embeddable":true,"href":"https:\/\/laylascrapearts.com.br\/wp\/wp-json\/wp\/v2\/product_brand?post=16118"},{"taxonomy":"product_cat","embeddable":true,"href":"https:\/\/laylascrapearts.com.br\/wp\/wp-json\/wp\/v2\/product_cat?post=16118"},{"taxonomy":"product_tag","embeddable":true,"href":"https:\/\/laylascrapearts.com.br\/wp\/wp-json\/wp\/v2\/product_tag?post=16118"}],"curies":[{"name":"wp","href":"https:\/\/api.w.org\/{rel}","templated":true}]}}