{"id":16116,"date":"2024-06-25T18:00:07","date_gmt":"2024-06-25T21:00:07","guid":{"rendered":"https:\/\/laylascrapearts.com.br\/wp\/?post_type=product&#038;p=16116"},"modified":"2024-11-21T21:58:57","modified_gmt":"2024-11-22T00:58:57","slug":"cartela-de-adesivos-resinados-cronicas-de-natal","status":"publish","type":"product","link":"https:\/\/laylascrapearts.com.br\/wp\/produto\/cartela-de-adesivos-resinados-cronicas-de-natal\/","title":{"rendered":"Cartela de Adesivos Resinados CR\u00d4NICAS DE NATAL"},"content":{"rendered":"<p>Aplique em adesivo resinado.<\/p>\n<p>-cont\u00e9m uma cartela med.10x15cm;<\/p>\n<p>-16 elementos;<\/p>\n","protected":false},"excerpt":{"rendered":"<p>PRODUTO: Cartela de Adesivos<br \/>\nCOLE\u00c7\u00c3O: CR\u00d4NICAS DE NATAL<br \/>\nTEMA: Elementos<br \/>\nMedida: DIVERSAS<br \/>\nMaterial: Resina Adesivada [&#8230;]<\/p>\n<p><a class=\"btn btn-secondary understrap-read-more-link\" href=\"https:\/\/laylascrapearts.com.br\/wp\/produto\/cartela-de-adesivos-resinados-cronicas-de-natal\/\">Leia mais&#8230;<\/a><\/p>\n","protected":false},"featured_media":16117,"comment_status":"closed","ping_status":"closed","template":"","meta":[],"product_brand":[],"product_cat":[24,168],"product_tag":[1397,201,246],"class_list":{"0":"post-16116","1":"product","2":"type-product","3":"status-publish","4":"has-post-thumbnail","6":"product_cat-acessorios","7":"product_cat-adesivos","8":"product_tag-cronicas-de-natal","9":"product_tag-dany-peres","10":"product_tag-natal","12":"first","13":"instock","14":"taxable","15":"shipping-taxable","16":"purchasable","17":"product-type-simple"},"_links":{"self":[{"href":"https:\/\/laylascrapearts.com.br\/wp\/wp-json\/wp\/v2\/product\/16116","targetHints":{"allow":["GET"]}}],"collection":[{"href":"https:\/\/laylascrapearts.com.br\/wp\/wp-json\/wp\/v2\/product"}],"about":[{"href":"https:\/\/laylascrapearts.com.br\/wp\/wp-json\/wp\/v2\/types\/product"}],"replies":[{"embeddable":true,"href":"https:\/\/laylascrapearts.com.br\/wp\/wp-json\/wp\/v2\/comments?post=16116"}],"wp:featuredmedia":[{"embeddable":true,"href":"https:\/\/laylascrapearts.com.br\/wp\/wp-json\/wp\/v2\/media\/16117"}],"wp:attachment":[{"href":"https:\/\/laylascrapearts.com.br\/wp\/wp-json\/wp\/v2\/media?parent=16116"}],"wp:term":[{"taxonomy":"product_brand","embeddable":true,"href":"https:\/\/laylascrapearts.com.br\/wp\/wp-json\/wp\/v2\/product_brand?post=16116"},{"taxonomy":"product_cat","embeddable":true,"href":"https:\/\/laylascrapearts.com.br\/wp\/wp-json\/wp\/v2\/product_cat?post=16116"},{"taxonomy":"product_tag","embeddable":true,"href":"https:\/\/laylascrapearts.com.br\/wp\/wp-json\/wp\/v2\/product_tag?post=16116"}],"curies":[{"name":"wp","href":"https:\/\/api.w.org\/{rel}","templated":true}]}}