{"id":16069,"date":"2024-06-25T16:29:15","date_gmt":"2024-06-25T19:29:15","guid":{"rendered":"https:\/\/laylascrapearts.com.br\/wp\/?post_type=product&#038;p=16069"},"modified":"2024-06-25T16:29:16","modified_gmt":"2024-06-25T19:29:16","slug":"kit-colecao-elegance-14f","status":"publish","type":"product","link":"https:\/\/laylascrapearts.com.br\/wp\/produto\/kit-colecao-elegance-14f\/","title":{"rendered":"Kit Cole\u00e7\u00e3o ELEGANCE 14F"},"content":{"rendered":"<p>LIVRE DE \u00c1CIDO\/ ACID FREE<\/p>\n<p>-Produto especialmente indicado para projetos de SCRAPBOOK, SCRAP DECOR e ARTES EM GERAL;<\/p>\n<p>-Kit com 14 Folhas Dupla Face \u2013 2 DE CADA MODELO DA COLE\u00c7\u00c3O;<\/p>\n<p>-**As imagens do produto correspondem \u00e0 frente de verso das folhas = 7 folhas, 14 estampas (frente e verso)**<\/p>\n","protected":false},"excerpt":{"rendered":"<p>PRODUTO: Kit Cole\u00e7\u00e3o<br \/>\nCOLE\u00c7\u00c3O: ELEGANCE<br \/>\nMARCA: Decore Crafts<br \/>\nMedida: 30,5CM X 30,5CM<br \/>\nCONTEM 14 FOLHAS DUPLA FACE<\/p>\n<p>&nbsp;<\/p>\n<p>**As imagens do produto correspondem \u00e0 frente de verso das folhas = 7 folhas, 14 estampas (frente e verso)** [&#8230;]<\/p>\n<p><a class=\"btn btn-secondary understrap-read-more-link\" href=\"https:\/\/laylascrapearts.com.br\/wp\/produto\/kit-colecao-elegance-14f\/\">Leia mais&#8230;<\/a><\/p>\n","protected":false},"featured_media":16062,"comment_status":"closed","ping_status":"closed","template":"","meta":[],"product_brand":[],"product_cat":[1326,42],"product_tag":[1323,435,706],"class_list":{"0":"post-16069","1":"product","2":"type-product","3":"status-publish","4":"has-post-thumbnail","6":"product_cat-decore-crafts-papeis","7":"product_cat-papeis","8":"product_tag-decore-crafts","9":"product_tag-elegance","10":"product_tag-kit-colecao","12":"first","13":"instock","14":"taxable","15":"shipping-taxable","16":"purchasable","17":"product-type-simple"},"_links":{"self":[{"href":"https:\/\/laylascrapearts.com.br\/wp\/wp-json\/wp\/v2\/product\/16069","targetHints":{"allow":["GET"]}}],"collection":[{"href":"https:\/\/laylascrapearts.com.br\/wp\/wp-json\/wp\/v2\/product"}],"about":[{"href":"https:\/\/laylascrapearts.com.br\/wp\/wp-json\/wp\/v2\/types\/product"}],"replies":[{"embeddable":true,"href":"https:\/\/laylascrapearts.com.br\/wp\/wp-json\/wp\/v2\/comments?post=16069"}],"wp:featuredmedia":[{"embeddable":true,"href":"https:\/\/laylascrapearts.com.br\/wp\/wp-json\/wp\/v2\/media\/16062"}],"wp:attachment":[{"href":"https:\/\/laylascrapearts.com.br\/wp\/wp-json\/wp\/v2\/media?parent=16069"}],"wp:term":[{"taxonomy":"product_brand","embeddable":true,"href":"https:\/\/laylascrapearts.com.br\/wp\/wp-json\/wp\/v2\/product_brand?post=16069"},{"taxonomy":"product_cat","embeddable":true,"href":"https:\/\/laylascrapearts.com.br\/wp\/wp-json\/wp\/v2\/product_cat?post=16069"},{"taxonomy":"product_tag","embeddable":true,"href":"https:\/\/laylascrapearts.com.br\/wp\/wp-json\/wp\/v2\/product_tag?post=16069"}],"curies":[{"name":"wp","href":"https:\/\/api.w.org\/{rel}","templated":true}]}}