{"id":16012,"date":"2024-06-25T01:05:03","date_gmt":"2024-06-25T04:05:03","guid":{"rendered":"https:\/\/laylascrapearts.com.br\/wp\/?post_type=product&#038;p=16012"},"modified":"2025-02-10T18:16:26","modified_gmt":"2025-02-10T21:16:26","slug":"bloco-a5-vida-bela","status":"publish","type":"product","link":"https:\/\/laylascrapearts.com.br\/wp\/produto\/bloco-a5-vida-bela\/","title":{"rendered":"Bloco A5 VIDA BELA"},"content":{"rendered":"<p>Bloco A5 da Cole\u00e7\u00e3o Vida Bela cont\u00e9m 24 folhas dupla face, sendo 2 folhas de cada modelo.<\/p>\n<p>O Bloco A5 \u00e9 perfeito para criar e decorar seus projetos de Scrapbook, Scrap Minuto, Embalagens e Artesanato em geral!<br \/>\nO material \u00e9 Acid Free, especial para Scrapbook, com gramatura de 180g, no tamanho 14,8 x 21cm (A5)<\/p>\n","protected":false},"excerpt":{"rendered":"<p>PRODUTO: Bloco A5 180g<br \/>\nCOLE\u00c7\u00c3O: VIDA BELA<\/p>\n<p>Medida: 14,8CM X 21CM<\/p>\n<p>LIVRE DE \u00c1CIDO\/ ACID FREE [&#8230;]<\/p>\n<p><a class=\"btn btn-secondary understrap-read-more-link\" href=\"https:\/\/laylascrapearts.com.br\/wp\/produto\/bloco-a5-vida-bela\/\">Leia mais&#8230;<\/a><\/p>\n","protected":false},"featured_media":16013,"comment_status":"closed","ping_status":"closed","template":"","meta":[],"product_brand":[],"product_cat":[98,42],"product_tag":[1352,1106,354,1386],"class_list":{"0":"post-16012","1":"product","2":"type-product","3":"status-publish","4":"has-post-thumbnail","6":"product_cat-juju-scrapbook","7":"product_cat-papeis","8":"product_tag-bloco-a5","9":"product_tag-bloco-de-papeis","10":"product_tag-juju-scrapbook","11":"product_tag-vida-bela","13":"first","14":"instock","15":"taxable","16":"shipping-taxable","17":"purchasable","18":"product-type-simple"},"_links":{"self":[{"href":"https:\/\/laylascrapearts.com.br\/wp\/wp-json\/wp\/v2\/product\/16012","targetHints":{"allow":["GET"]}}],"collection":[{"href":"https:\/\/laylascrapearts.com.br\/wp\/wp-json\/wp\/v2\/product"}],"about":[{"href":"https:\/\/laylascrapearts.com.br\/wp\/wp-json\/wp\/v2\/types\/product"}],"replies":[{"embeddable":true,"href":"https:\/\/laylascrapearts.com.br\/wp\/wp-json\/wp\/v2\/comments?post=16012"}],"wp:featuredmedia":[{"embeddable":true,"href":"https:\/\/laylascrapearts.com.br\/wp\/wp-json\/wp\/v2\/media\/16013"}],"wp:attachment":[{"href":"https:\/\/laylascrapearts.com.br\/wp\/wp-json\/wp\/v2\/media?parent=16012"}],"wp:term":[{"taxonomy":"product_brand","embeddable":true,"href":"https:\/\/laylascrapearts.com.br\/wp\/wp-json\/wp\/v2\/product_brand?post=16012"},{"taxonomy":"product_cat","embeddable":true,"href":"https:\/\/laylascrapearts.com.br\/wp\/wp-json\/wp\/v2\/product_cat?post=16012"},{"taxonomy":"product_tag","embeddable":true,"href":"https:\/\/laylascrapearts.com.br\/wp\/wp-json\/wp\/v2\/product_tag?post=16012"}],"curies":[{"name":"wp","href":"https:\/\/api.w.org\/{rel}","templated":true}]}}