{"id":15974,"date":"2024-06-20T22:05:19","date_gmt":"2024-06-21T01:05:19","guid":{"rendered":"https:\/\/laylascrapearts.com.br\/wp\/?post_type=product&#038;p=15974"},"modified":"2024-06-20T22:05:20","modified_gmt":"2024-06-21T01:05:20","slug":"aplique-acrilico-mix-tape-titulos-portugues","status":"publish","type":"product","link":"https:\/\/laylascrapearts.com.br\/wp\/produto\/aplique-acrilico-mix-tape-titulos-portugues\/","title":{"rendered":"Aplique Acr\u00edlico Mix Tape T\u00cdTULOS PORTUGU\u00caS"},"content":{"rendered":"<p>T\u00edtulos Portugu\u00eas 4 pe\u00e7as em Acr\u00edlico 2mm montagem 1,6&#215;4 \u00e0 1,8&#215;8,1cm<br \/>\nCor: Branco, branco transl\u00facido, verde \u00e1gua, azul beb\u00ea e rosa.<br \/>\nPalavras: M\u00daSICA, FOTOGRAFIA, FESTA e AMIGOS<\/p>\n<p>A Cole\u00e7\u00e3o MIX TAPE foi desenvolvida pela Carina Sartor em uma paleta de cores vibrantes que marcaram \u00e9poca. Com tem\u00e1tica voltada para elementos dos anos 80\u00b4s e 90\u00b4s para voc\u00ea voltar no tempo e registrar sua hist\u00f3ria com muita cor e alegria. Al\u00e9m de muitos objetos nost\u00e1lgicos, explore o tema de viagem e muita m\u00fasica, com homenagem \u00e0 saudosa Rita Lee em lettering exclusivos do artista Adriano JS feitos com muito amor.<\/p>\n","protected":false},"excerpt":{"rendered":"<p>PRODUTO: Aplique Acr\u00edlico<br \/>\nCOLE\u00c7\u00c3O: MIX TAPE<br \/>\nTEMA: T\u00edtulos Portugu\u00eas<\/p>\n<p>MATERIAL: Acr\u00edlico Colorido [&#8230;]<\/p>\n<p><a class=\"btn btn-secondary understrap-read-more-link\" href=\"https:\/\/laylascrapearts.com.br\/wp\/produto\/aplique-acrilico-mix-tape-titulos-portugues\/\">Leia mais&#8230;<\/a><\/p>\n","protected":false},"featured_media":15975,"comment_status":"closed","ping_status":"closed","template":"","meta":[],"product_brand":[],"product_cat":[24,484],"product_tag":[463,1351,1036],"class_list":{"0":"post-15974","1":"product","2":"type-product","3":"status-publish","4":"has-post-thumbnail","6":"product_cat-acessorios","7":"product_cat-acrilicos","8":"product_tag-carina-sartor","9":"product_tag-mix-tape","10":"product_tag-titulo","12":"first","13":"instock","14":"taxable","15":"shipping-taxable","16":"purchasable","17":"product-type-simple"},"_links":{"self":[{"href":"https:\/\/laylascrapearts.com.br\/wp\/wp-json\/wp\/v2\/product\/15974","targetHints":{"allow":["GET"]}}],"collection":[{"href":"https:\/\/laylascrapearts.com.br\/wp\/wp-json\/wp\/v2\/product"}],"about":[{"href":"https:\/\/laylascrapearts.com.br\/wp\/wp-json\/wp\/v2\/types\/product"}],"replies":[{"embeddable":true,"href":"https:\/\/laylascrapearts.com.br\/wp\/wp-json\/wp\/v2\/comments?post=15974"}],"wp:featuredmedia":[{"embeddable":true,"href":"https:\/\/laylascrapearts.com.br\/wp\/wp-json\/wp\/v2\/media\/15975"}],"wp:attachment":[{"href":"https:\/\/laylascrapearts.com.br\/wp\/wp-json\/wp\/v2\/media?parent=15974"}],"wp:term":[{"taxonomy":"product_brand","embeddable":true,"href":"https:\/\/laylascrapearts.com.br\/wp\/wp-json\/wp\/v2\/product_brand?post=15974"},{"taxonomy":"product_cat","embeddable":true,"href":"https:\/\/laylascrapearts.com.br\/wp\/wp-json\/wp\/v2\/product_cat?post=15974"},{"taxonomy":"product_tag","embeddable":true,"href":"https:\/\/laylascrapearts.com.br\/wp\/wp-json\/wp\/v2\/product_tag?post=15974"}],"curies":[{"name":"wp","href":"https:\/\/api.w.org\/{rel}","templated":true}]}}