{"id":15818,"date":"2024-06-11T05:38:33","date_gmt":"2024-06-11T08:38:33","guid":{"rendered":"https:\/\/laylascrapearts.com.br\/wp\/?post_type=product&#038;p=15818"},"modified":"2025-11-14T18:31:40","modified_gmt":"2025-11-14T21:31:40","slug":"kit-de-botoes-alfabeticos-preto","status":"publish","type":"product","link":"https:\/\/laylascrapearts.com.br\/wp\/produto\/kit-de-botoes-alfabeticos-preto\/","title":{"rendered":"Kit de Bot\u00f5es ALFAB\u00c9TICOS &#8211; PRETO"},"content":{"rendered":"<p><strong>KIT com alfabeto completo + vogais acentuadas + n\u00fameros = com conte\u00fado inteligente pra vc!!! Mais quantidade das letrais mais usuais e menos quantidade das letras menos usuais!<\/strong><\/p>\n<p><strong>Bot\u00e3ozinho de letra e n\u00fameros ideal para aplica\u00e7\u00f5es mais delicadas, num tamanho pequeno, grafia gestual diferenciada, cor universal PRETA.<\/p>\n<p>Cada bot\u00e3o mede 11 mm de di\u00e2metro, possue acabamento brilhoso e letra gravada na cor preta, fonte gestual e um carater artesanal para compor frases, nomes ou palavras de forma linda e afetuosa, com total rapidez e muita praticidade na aplica\u00e7\u00e3o de pregar bot\u00f5es para agregar charme e personalizar qualquer pe\u00e7a ou produto!<\/p>\n<p>Com excelente custo-benef\u00edcio e otimiza\u00e7\u00e3o, este kit cont\u00e9m um conte\u00fado intelig\u00eancia, programado maior quantidade das letrais mais usuais e menor quantidade das letras raras e n\u00fameros, sendo o total de 160 bot\u00f5es:<\/p>\n<p>A E I O U &#8211; 7 unidades de cada (vogais)<br \/>\nB C D F G H J L M N P R S T V &#8211; 4 unidades de cada (consoantes)<br \/>\nK Q W X Y Z &#8211; 3 unidades de cada (raras)<br \/>\n\u00c1 \u00c2 \u00c3 \u00c9 \u00ca \u00cd \u00d3 \u00d4 \u00da &#8211; 3 de cada (acentuadas)<br \/>\n0 1 2 3 4 5 6 7 8 9\u00a0 &#8211; 2 unidades de cada (n\u00fameros)<\/strong><\/p>\n<p><strong>\u2022 produto exclusivo D\u00e9bora Radtke\u00ae fabricado no Brasil;<br \/>\n\u2022 embalagem em pote transl\u00facido com tampa de rosca rosa exclusiva deste produto &#8211; o pote mede 5 x 5 cm aproximadamente.<\/strong><\/p>\n","protected":false},"excerpt":{"rendered":"<p>PRODUTO: Kit de Bot\u00f5es<\/p>\n<p>TEMA: Alfabeto<\/p>\n<p>MARCA: D\u00e9bora Radtke<\/p>\n<p>Embalagem com 160 bot\u00f5es \u2013 verifique a quantidade de cada letra na descri\u00e7\u00e3o do produto! [&#8230;]<\/p>\n<p><a class=\"btn btn-secondary understrap-read-more-link\" href=\"https:\/\/laylascrapearts.com.br\/wp\/produto\/kit-de-botoes-alfabeticos-preto\/\">Leia mais&#8230;<\/a><\/p>\n","protected":false},"featured_media":15813,"comment_status":"closed","ping_status":"closed","template":"","meta":[],"product_brand":[],"product_cat":[24,239],"product_tag":[359,1372],"class_list":{"0":"post-15818","1":"product","2":"type-product","3":"status-publish","4":"has-post-thumbnail","6":"product_cat-acessorios","7":"product_cat-botoes","8":"product_tag-alfabeto","9":"product_tag-debora-radtke","11":"first","12":"instock","13":"taxable","14":"shipping-taxable","15":"purchasable","16":"product-type-simple"},"_links":{"self":[{"href":"https:\/\/laylascrapearts.com.br\/wp\/wp-json\/wp\/v2\/product\/15818","targetHints":{"allow":["GET"]}}],"collection":[{"href":"https:\/\/laylascrapearts.com.br\/wp\/wp-json\/wp\/v2\/product"}],"about":[{"href":"https:\/\/laylascrapearts.com.br\/wp\/wp-json\/wp\/v2\/types\/product"}],"replies":[{"embeddable":true,"href":"https:\/\/laylascrapearts.com.br\/wp\/wp-json\/wp\/v2\/comments?post=15818"}],"wp:featuredmedia":[{"embeddable":true,"href":"https:\/\/laylascrapearts.com.br\/wp\/wp-json\/wp\/v2\/media\/15813"}],"wp:attachment":[{"href":"https:\/\/laylascrapearts.com.br\/wp\/wp-json\/wp\/v2\/media?parent=15818"}],"wp:term":[{"taxonomy":"product_brand","embeddable":true,"href":"https:\/\/laylascrapearts.com.br\/wp\/wp-json\/wp\/v2\/product_brand?post=15818"},{"taxonomy":"product_cat","embeddable":true,"href":"https:\/\/laylascrapearts.com.br\/wp\/wp-json\/wp\/v2\/product_cat?post=15818"},{"taxonomy":"product_tag","embeddable":true,"href":"https:\/\/laylascrapearts.com.br\/wp\/wp-json\/wp\/v2\/product_tag?post=15818"}],"curies":[{"name":"wp","href":"https:\/\/api.w.org\/{rel}","templated":true}]}}