{"id":15665,"date":"2024-04-24T16:26:18","date_gmt":"2024-04-24T19:26:18","guid":{"rendered":"https:\/\/laylascrapearts.com.br\/wp\/?post_type=product&#038;p=15665"},"modified":"2024-07-14T11:27:24","modified_gmt":"2024-07-14T14:27:24","slug":"bloco-a4-meu-coracao","status":"publish","type":"product","link":"https:\/\/laylascrapearts.com.br\/wp\/produto\/bloco-a4-meu-coracao\/","title":{"rendered":"Bloco A4 MEU CORA\u00c7\u00c3O"},"content":{"rendered":"<p>-Produto especialmente indicado para projetos de SCRAPBOOK, SCRAP DECOR e ARTES EM GERAL;<\/p>\n<p>-Bloco tamanho A4 com 24 folhas dupla face, 8 modelos, 3 folhas de cada modelo da cole\u00e7\u00e3o<\/p>\n<p>-Total de 16 estampas<\/p>\n<p>&nbsp;<\/p>\n<p>O amor \u00e9 um universo vasto, com suas m\u00faltiplas formas e express\u00f5es: o amor pr\u00f3prio, o amor materno, o amor filial, o amor rom\u00e2ntico, o amor pelos nossos companheiros peludos\u2026 Em cada batida do cora\u00e7\u00e3o, encontramos um novo matiz desse sentimento poderoso.<\/p>\n<p>\u00c9 por isso que apresentamos com orgulho nossa cole\u00e7\u00e3o \u2018Meu Cora\u00e7\u00e3o\u2019.<\/p>\n<p>Cada pe\u00e7a \u00e9 um tributo a essas conex\u00f5es que enchem nossas vidas de significado e calor. Deixe-se envolver por esse universo de amor e transforme suas mem\u00f3rias mais preciosas em lindos scrapbooks.<\/p>\n","protected":false},"excerpt":{"rendered":"<p>PRODUTO: Bloco A4 180g<br \/>\nCOLE\u00c7\u00c3O: MEU CORA\u00c7\u00c3O<\/p>\n<p>Medida: 21cm x 29,7cm<\/p>\n<p>LIVRE DE \u00c1CIDO\/ ACID FREE [&#8230;]<\/p>\n<p><a class=\"btn btn-secondary understrap-read-more-link\" href=\"https:\/\/laylascrapearts.com.br\/wp\/produto\/bloco-a4-meu-coracao\/\">Leia mais&#8230;<\/a><\/p>\n","protected":false},"featured_media":15661,"comment_status":"closed","ping_status":"closed","template":"","meta":[],"product_brand":[],"product_cat":[107,42],"product_tag":[281,1083,1106,280,1355,667],"class_list":{"0":"post-15665","1":"product","2":"type-product","3":"status-publish","4":"has-post-thumbnail","6":"product_cat-my-memories-crafts","7":"product_cat-papeis","8":"product_tag-amor","9":"product_tag-bloco-a4","10":"product_tag-bloco-de-papeis","11":"product_tag-love","12":"product_tag-meu-coracao","13":"product_tag-my-memories-crafts","15":"first","16":"instock","17":"taxable","18":"shipping-taxable","19":"purchasable","20":"product-type-simple"},"_links":{"self":[{"href":"https:\/\/laylascrapearts.com.br\/wp\/wp-json\/wp\/v2\/product\/15665","targetHints":{"allow":["GET"]}}],"collection":[{"href":"https:\/\/laylascrapearts.com.br\/wp\/wp-json\/wp\/v2\/product"}],"about":[{"href":"https:\/\/laylascrapearts.com.br\/wp\/wp-json\/wp\/v2\/types\/product"}],"replies":[{"embeddable":true,"href":"https:\/\/laylascrapearts.com.br\/wp\/wp-json\/wp\/v2\/comments?post=15665"}],"wp:featuredmedia":[{"embeddable":true,"href":"https:\/\/laylascrapearts.com.br\/wp\/wp-json\/wp\/v2\/media\/15661"}],"wp:attachment":[{"href":"https:\/\/laylascrapearts.com.br\/wp\/wp-json\/wp\/v2\/media?parent=15665"}],"wp:term":[{"taxonomy":"product_brand","embeddable":true,"href":"https:\/\/laylascrapearts.com.br\/wp\/wp-json\/wp\/v2\/product_brand?post=15665"},{"taxonomy":"product_cat","embeddable":true,"href":"https:\/\/laylascrapearts.com.br\/wp\/wp-json\/wp\/v2\/product_cat?post=15665"},{"taxonomy":"product_tag","embeddable":true,"href":"https:\/\/laylascrapearts.com.br\/wp\/wp-json\/wp\/v2\/product_tag?post=15665"}],"curies":[{"name":"wp","href":"https:\/\/api.w.org\/{rel}","templated":true}]}}