{"id":15615,"date":"2024-03-18T21:44:38","date_gmt":"2024-03-19T00:44:38","guid":{"rendered":"https:\/\/laylascrapearts.com.br\/wp\/?post_type=product&#038;p=15615"},"modified":"2024-06-11T03:46:15","modified_gmt":"2024-06-11T06:46:15","slug":"bloco-a4-for-you-background-2","status":"publish","type":"product","link":"https:\/\/laylascrapearts.com.br\/wp\/produto\/bloco-a4-for-you-background-2\/","title":{"rendered":"Bloco A4 Mix Tape BACKGROUND"},"content":{"rendered":"<p>20 Pap\u00e9is dupla face A4 21&#215;29,7cm &#8211; 10 modelos . 2 folhas de cada\u00a0 240g<br \/>\n<strong>Op\u00e7\u00e3o Backgrounds<\/strong><br \/>\nO verso da capa tem estampa exclusiva de bonus.<br \/>\nOp\u00e7\u00e3o perfeita para quem gosta de variadas estampas para combinar com seus projetos.<\/p>\n<p>A Cole\u00e7\u00e3o MIX TAPE foi desenvolvida pela Carina Sartor em uma paleta de cores vibrantes que marcaram \u00e9poca. Com tem\u00e1tica voltada para elementos dos anos 80\u00b4s e 90\u00b4s para voc\u00ea voltar no tempo e registrar sua hist\u00f3ria com muita cor e alegria. Al\u00e9m de muitos objetos nost\u00e1lgicos, explore o tema de viagem e muita m\u00fasica, com homenagem \u00e0 saudosa Rita Lee em lettering exclusivos do artista Adriano JS feitos com muito amor.<\/p>\n","protected":false},"excerpt":{"rendered":"<p>PRODUTO: Bloco A4 240g<br \/>\nCOLE\u00c7\u00c3O: Mix Tape \u2013 Background<\/p>\n<p>Medida: 21,0CM X 29,7CM<\/p>\n<p>Bloco com 20 folhas dupla face: 10 modelos x 2fls\u00a0 de cada [&#8230;]<\/p>\n<p><a class=\"btn btn-secondary understrap-read-more-link\" href=\"https:\/\/laylascrapearts.com.br\/wp\/produto\/bloco-a4-for-you-background-2\/\">Leia mais&#8230;<\/a><\/p>\n","protected":false},"featured_media":15616,"comment_status":"closed","ping_status":"closed","template":"","meta":[],"product_brand":[],"product_cat":[100,42],"product_tag":[712,1083,1106,463,1351],"class_list":{"0":"post-15615","1":"product","2":"type-product","3":"status-publish","4":"has-post-thumbnail","6":"product_cat-carina-sartor","7":"product_cat-papeis","8":"product_tag-background","9":"product_tag-bloco-a4","10":"product_tag-bloco-de-papeis","11":"product_tag-carina-sartor","12":"product_tag-mix-tape","14":"first","15":"instock","16":"taxable","17":"shipping-taxable","18":"purchasable","19":"product-type-simple"},"_links":{"self":[{"href":"https:\/\/laylascrapearts.com.br\/wp\/wp-json\/wp\/v2\/product\/15615","targetHints":{"allow":["GET"]}}],"collection":[{"href":"https:\/\/laylascrapearts.com.br\/wp\/wp-json\/wp\/v2\/product"}],"about":[{"href":"https:\/\/laylascrapearts.com.br\/wp\/wp-json\/wp\/v2\/types\/product"}],"replies":[{"embeddable":true,"href":"https:\/\/laylascrapearts.com.br\/wp\/wp-json\/wp\/v2\/comments?post=15615"}],"wp:featuredmedia":[{"embeddable":true,"href":"https:\/\/laylascrapearts.com.br\/wp\/wp-json\/wp\/v2\/media\/15616"}],"wp:attachment":[{"href":"https:\/\/laylascrapearts.com.br\/wp\/wp-json\/wp\/v2\/media?parent=15615"}],"wp:term":[{"taxonomy":"product_brand","embeddable":true,"href":"https:\/\/laylascrapearts.com.br\/wp\/wp-json\/wp\/v2\/product_brand?post=15615"},{"taxonomy":"product_cat","embeddable":true,"href":"https:\/\/laylascrapearts.com.br\/wp\/wp-json\/wp\/v2\/product_cat?post=15615"},{"taxonomy":"product_tag","embeddable":true,"href":"https:\/\/laylascrapearts.com.br\/wp\/wp-json\/wp\/v2\/product_tag?post=15615"}],"curies":[{"name":"wp","href":"https:\/\/api.w.org\/{rel}","templated":true}]}}