{"id":1503,"date":"2019-09-10T13:05:16","date_gmt":"2019-09-10T16:05:16","guid":{"rendered":"http:\/\/laylascrapearts.com.br\/wp\/?post_type=product&#038;p=1503"},"modified":"2024-02-27T20:47:53","modified_gmt":"2024-02-27T23:47:53","slug":"cartela-de-adesivos-viajar-e-preciso","status":"publish","type":"product","link":"https:\/\/laylascrapearts.com.br\/wp\/produto\/cartela-de-adesivos-viajar-e-preciso\/","title":{"rendered":"Cartela de Adesivos VIAJAR \u00c9 PRECISO"},"content":{"rendered":"<p><span lang=\"PT-BR\" style=\"font-size: 11.5pt; font-family: 'Segoe UI',sans-serif;\">-Produto especialmente indicado para projetos de SCRAPBOOK, SCRAP DECOR e ARTES EM GERAL;<\/span><\/p>\n<p><span lang=\"PT-BR\" style=\"font-size: 11.5pt; font-family: 'Segoe UI',sans-serif;\">-Cartela de adesivos com medidas diversas;<\/span><\/p>\n","protected":false},"excerpt":{"rendered":"<p>PRODUTO: Cartela de Adesivos<br \/>\nCOLE\u00c7\u00c3O: VIAJAR \u00c9 PRECISO<br \/>\nTEMA: Viagem<br \/>\nMedida: DIVERSAS [&#8230;]<\/p>\n<p><a class=\"btn btn-secondary understrap-read-more-link\" href=\"https:\/\/laylascrapearts.com.br\/wp\/produto\/cartela-de-adesivos-viajar-e-preciso\/\">Leia mais&#8230;<\/a><\/p>\n","protected":false},"featured_media":6496,"comment_status":"open","ping_status":"closed","template":"","meta":[],"product_brand":[],"product_cat":[24,168,1140],"product_tag":[1031,215,465,501],"class_list":{"0":"post-1503","1":"product","2":"type-product","3":"status-publish","4":"has-post-thumbnail","6":"product_cat-acessorios","7":"product_cat-adesivos","8":"product_cat-outlet","9":"product_tag-ferias","10":"product_tag-studio-baunilha","11":"product_tag-viagem","12":"product_tag-viajar-e-preciso","14":"first","15":"instock","16":"sale","17":"taxable","18":"shipping-taxable","19":"purchasable","20":"product-type-simple"},"_links":{"self":[{"href":"https:\/\/laylascrapearts.com.br\/wp\/wp-json\/wp\/v2\/product\/1503","targetHints":{"allow":["GET"]}}],"collection":[{"href":"https:\/\/laylascrapearts.com.br\/wp\/wp-json\/wp\/v2\/product"}],"about":[{"href":"https:\/\/laylascrapearts.com.br\/wp\/wp-json\/wp\/v2\/types\/product"}],"replies":[{"embeddable":true,"href":"https:\/\/laylascrapearts.com.br\/wp\/wp-json\/wp\/v2\/comments?post=1503"}],"wp:featuredmedia":[{"embeddable":true,"href":"https:\/\/laylascrapearts.com.br\/wp\/wp-json\/wp\/v2\/media\/6496"}],"wp:attachment":[{"href":"https:\/\/laylascrapearts.com.br\/wp\/wp-json\/wp\/v2\/media?parent=1503"}],"wp:term":[{"taxonomy":"product_brand","embeddable":true,"href":"https:\/\/laylascrapearts.com.br\/wp\/wp-json\/wp\/v2\/product_brand?post=1503"},{"taxonomy":"product_cat","embeddable":true,"href":"https:\/\/laylascrapearts.com.br\/wp\/wp-json\/wp\/v2\/product_cat?post=1503"},{"taxonomy":"product_tag","embeddable":true,"href":"https:\/\/laylascrapearts.com.br\/wp\/wp-json\/wp\/v2\/product_tag?post=1503"}],"curies":[{"name":"wp","href":"https:\/\/api.w.org\/{rel}","templated":true}]}}