{"id":14873,"date":"2022-11-16T14:53:20","date_gmt":"2022-11-16T17:53:20","guid":{"rendered":"https:\/\/laylascrapearts.com.br\/wp\/?post_type=product&#038;p=14873"},"modified":"2024-02-27T15:44:38","modified_gmt":"2024-02-27T18:44:38","slug":"cartela-de-carimbos-jardim-secreto-com-amor","status":"publish","type":"product","link":"https:\/\/laylascrapearts.com.br\/wp\/produto\/cartela-de-carimbos-jardim-secreto-com-amor\/","title":{"rendered":"Cartela de Carimbos Jardim Secreto COM AMOR"},"content":{"rendered":"<p>-Produto especialmente indicado para projetos de SCRAPBOOK, SCRAP DECOR e ARTES EM GERAL;<\/p>\n<p>-Para um melhor resultado no uso deste produto, utilize Bases Acr\u00edlicas ou de Precis\u00e3o como Precision Press, Stamp Press e etc.<\/p>\n<p>-N\u00e3o guarde o carimbo antes de limp\u00e1-lo! Para uma maior durabilidade do produto, utilize len\u00e7o umedecido, \u00e1gua corrente ou limpa carimbos: https:\/\/laylascrapearts.com.br\/produto\/limpa-carimbos-100ml\/<\/p>\n","protected":false},"excerpt":{"rendered":"<p>PRODUTO: Cartela de Carimbos<br \/>\nCOLE\u00c7\u00c3O: JARDIM SECRETO<br \/>\nTEMA: Com Amor<br \/>\nMATERIAL: Silicone [&#8230;]<\/p>\n<p><a class=\"btn btn-secondary understrap-read-more-link\" href=\"https:\/\/laylascrapearts.com.br\/wp\/produto\/cartela-de-carimbos-jardim-secreto-com-amor\/\">Leia mais&#8230;<\/a><\/p>\n","protected":false},"featured_media":14875,"comment_status":"open","ping_status":"closed","template":"","meta":[],"product_brand":[],"product_cat":[154,155],"product_tag":[1334,354],"class_list":{"0":"post-14873","1":"product","2":"type-product","3":"status-publish","4":"has-post-thumbnail","6":"product_cat-carimbos","7":"product_cat-juju-scrapbook-carimbos","8":"product_tag-jardim-secreto","9":"product_tag-juju-scrapbook","11":"first","12":"instock","13":"taxable","14":"shipping-taxable","15":"purchasable","16":"product-type-simple"},"_links":{"self":[{"href":"https:\/\/laylascrapearts.com.br\/wp\/wp-json\/wp\/v2\/product\/14873","targetHints":{"allow":["GET"]}}],"collection":[{"href":"https:\/\/laylascrapearts.com.br\/wp\/wp-json\/wp\/v2\/product"}],"about":[{"href":"https:\/\/laylascrapearts.com.br\/wp\/wp-json\/wp\/v2\/types\/product"}],"replies":[{"embeddable":true,"href":"https:\/\/laylascrapearts.com.br\/wp\/wp-json\/wp\/v2\/comments?post=14873"}],"wp:featuredmedia":[{"embeddable":true,"href":"https:\/\/laylascrapearts.com.br\/wp\/wp-json\/wp\/v2\/media\/14875"}],"wp:attachment":[{"href":"https:\/\/laylascrapearts.com.br\/wp\/wp-json\/wp\/v2\/media?parent=14873"}],"wp:term":[{"taxonomy":"product_brand","embeddable":true,"href":"https:\/\/laylascrapearts.com.br\/wp\/wp-json\/wp\/v2\/product_brand?post=14873"},{"taxonomy":"product_cat","embeddable":true,"href":"https:\/\/laylascrapearts.com.br\/wp\/wp-json\/wp\/v2\/product_cat?post=14873"},{"taxonomy":"product_tag","embeddable":true,"href":"https:\/\/laylascrapearts.com.br\/wp\/wp-json\/wp\/v2\/product_tag?post=14873"}],"curies":[{"name":"wp","href":"https:\/\/api.w.org\/{rel}","templated":true}]}}