{"id":14599,"date":"2022-08-30T12:19:42","date_gmt":"2022-08-30T15:19:42","guid":{"rendered":"https:\/\/laylascrapearts.com.br\/wp\/?post_type=product&#038;p=14599"},"modified":"2024-02-20T08:07:12","modified_gmt":"2024-02-20T11:07:12","slug":"aplique-acrilico-preto-for-you-titulos-portugues","status":"publish","type":"product","link":"https:\/\/laylascrapearts.com.br\/wp\/produto\/aplique-acrilico-preto-for-you-titulos-portugues\/","title":{"rendered":"Aplique Acr\u00edlico Preto For You T\u00cdTULOS PORTUGU\u00caS"},"content":{"rendered":"<p>T\u00edtulos Ingl\u00eas em acr\u00edlico preto adesivados \u2013 6 pe\u00e7as \u2013 espessura: 2mm<br \/>\nPalavras: Minha, Vida, \u00danico, Mais, Que,  Palavras.<\/p>\n<p>A cole\u00e7\u00e3o FOR YOU foi desenvolvida pela Carina Sartor sobre uma paleta de cores apaixonante, com contrastes coral e rosa do rom\u00e2ntico com a for\u00e7a e presen\u00e7a dos sobre tons de preto.<br \/>\nMais uma cole\u00e7\u00e3o vers\u00e1til, com muitos elementos para recorte, que celebra TODO TIPO DE AMOR.<\/p>\n","protected":false},"excerpt":{"rendered":"<p>PRODUTO: Aplique Acr\u00edlico<br \/>\nCOLE\u00c7\u00c3O: FOR YOU<br \/>\nTEMA: T\u00edtulos Portugu\u00eas<\/p>\n<p>MATERIAL: Acr\u00edlico Preto [&#8230;]<\/p>\n<p><a class=\"btn btn-secondary understrap-read-more-link\" href=\"https:\/\/laylascrapearts.com.br\/wp\/produto\/aplique-acrilico-preto-for-you-titulos-portugues\/\">Leia mais&#8230;<\/a><\/p>\n","protected":false},"featured_media":14562,"comment_status":"open","ping_status":"closed","template":"","meta":[],"product_brand":[],"product_cat":[24,484],"product_tag":[463,1327,1036],"class_list":{"0":"post-14599","1":"product","2":"type-product","3":"status-publish","4":"has-post-thumbnail","6":"product_cat-acessorios","7":"product_cat-acrilicos","8":"product_tag-carina-sartor","9":"product_tag-for-you","10":"product_tag-titulo","12":"first","13":"instock","14":"taxable","15":"shipping-taxable","16":"purchasable","17":"product-type-simple"},"_links":{"self":[{"href":"https:\/\/laylascrapearts.com.br\/wp\/wp-json\/wp\/v2\/product\/14599","targetHints":{"allow":["GET"]}}],"collection":[{"href":"https:\/\/laylascrapearts.com.br\/wp\/wp-json\/wp\/v2\/product"}],"about":[{"href":"https:\/\/laylascrapearts.com.br\/wp\/wp-json\/wp\/v2\/types\/product"}],"replies":[{"embeddable":true,"href":"https:\/\/laylascrapearts.com.br\/wp\/wp-json\/wp\/v2\/comments?post=14599"}],"wp:featuredmedia":[{"embeddable":true,"href":"https:\/\/laylascrapearts.com.br\/wp\/wp-json\/wp\/v2\/media\/14562"}],"wp:attachment":[{"href":"https:\/\/laylascrapearts.com.br\/wp\/wp-json\/wp\/v2\/media?parent=14599"}],"wp:term":[{"taxonomy":"product_brand","embeddable":true,"href":"https:\/\/laylascrapearts.com.br\/wp\/wp-json\/wp\/v2\/product_brand?post=14599"},{"taxonomy":"product_cat","embeddable":true,"href":"https:\/\/laylascrapearts.com.br\/wp\/wp-json\/wp\/v2\/product_cat?post=14599"},{"taxonomy":"product_tag","embeddable":true,"href":"https:\/\/laylascrapearts.com.br\/wp\/wp-json\/wp\/v2\/product_tag?post=14599"}],"curies":[{"name":"wp","href":"https:\/\/api.w.org\/{rel}","templated":true}]}}