{"id":14591,"date":"2022-08-30T11:50:34","date_gmt":"2022-08-30T14:50:34","guid":{"rendered":"https:\/\/laylascrapearts.com.br\/wp\/?post_type=product&#038;p=14591"},"modified":"2024-02-19T20:50:53","modified_gmt":"2024-02-19T23:50:53","slug":"aplique-acrilico-colorido-for-you-clips","status":"publish","type":"product","link":"https:\/\/laylascrapearts.com.br\/wp\/produto\/aplique-acrilico-colorido-for-you-clips\/","title":{"rendered":"Aplique Acr\u00edlico Colorido For You CLIPS"},"content":{"rendered":"<p>Clips temas Cole\u00e7\u00e3o For You em acr\u00edlico colorido 2mm,<br \/>\nCores: Tons rosa, tons cinza, branco e preto.<br \/>\nTamanho: 2,4\u00d75,8cm \u2013 4 pe\u00e7as<\/p>\n<p>A cole\u00e7\u00e3o FOR YOU foi desenvolvida pela Carina Sartor sobre uma paleta de cores apaixonante, com contrastes coral e rosa do rom\u00e2ntico com a for\u00e7a e presen\u00e7a dos sobre tons de preto.<br \/>\nMais uma cole\u00e7\u00e3o vers\u00e1til, com muitos elementos para recorte, que celebra TODO TIPO DE AMOR.<\/p>\n","protected":false},"excerpt":{"rendered":"<p>PRODUTO: Aplique Acr\u00edlico<br \/>\nCOLE\u00c7\u00c3O: FOR YOU<br \/>\nTEMA: Clips<\/p>\n<p>MATERIAL: Acr\u00edlico Colorido [&#8230;]<\/p>\n<p><a class=\"btn btn-secondary understrap-read-more-link\" href=\"https:\/\/laylascrapearts.com.br\/wp\/produto\/aplique-acrilico-colorido-for-you-clips\/\">Leia mais&#8230;<\/a><\/p>\n","protected":false},"featured_media":14552,"comment_status":"open","ping_status":"closed","template":"","meta":[],"product_brand":[],"product_cat":[24,484,504],"product_tag":[463,1327],"class_list":{"0":"post-14591","1":"product","2":"type-product","3":"status-publish","4":"has-post-thumbnail","6":"product_cat-acessorios","7":"product_cat-acrilicos","8":"product_cat-clipes","9":"product_tag-carina-sartor","10":"product_tag-for-you","12":"first","13":"instock","14":"taxable","15":"shipping-taxable","16":"purchasable","17":"product-type-simple"},"_links":{"self":[{"href":"https:\/\/laylascrapearts.com.br\/wp\/wp-json\/wp\/v2\/product\/14591","targetHints":{"allow":["GET"]}}],"collection":[{"href":"https:\/\/laylascrapearts.com.br\/wp\/wp-json\/wp\/v2\/product"}],"about":[{"href":"https:\/\/laylascrapearts.com.br\/wp\/wp-json\/wp\/v2\/types\/product"}],"replies":[{"embeddable":true,"href":"https:\/\/laylascrapearts.com.br\/wp\/wp-json\/wp\/v2\/comments?post=14591"}],"wp:featuredmedia":[{"embeddable":true,"href":"https:\/\/laylascrapearts.com.br\/wp\/wp-json\/wp\/v2\/media\/14552"}],"wp:attachment":[{"href":"https:\/\/laylascrapearts.com.br\/wp\/wp-json\/wp\/v2\/media?parent=14591"}],"wp:term":[{"taxonomy":"product_brand","embeddable":true,"href":"https:\/\/laylascrapearts.com.br\/wp\/wp-json\/wp\/v2\/product_brand?post=14591"},{"taxonomy":"product_cat","embeddable":true,"href":"https:\/\/laylascrapearts.com.br\/wp\/wp-json\/wp\/v2\/product_cat?post=14591"},{"taxonomy":"product_tag","embeddable":true,"href":"https:\/\/laylascrapearts.com.br\/wp\/wp-json\/wp\/v2\/product_tag?post=14591"}],"curies":[{"name":"wp","href":"https:\/\/api.w.org\/{rel}","templated":true}]}}