{"id":14474,"date":"2022-08-15T17:02:47","date_gmt":"2022-08-15T20:02:47","guid":{"rendered":"https:\/\/laylascrapearts.com.br\/wp\/?post_type=product&#038;p=14474"},"modified":"2022-08-15T17:02:49","modified_gmt":"2022-08-15T20:02:49","slug":"aplique-madeirinha-doce-espera","status":"publish","type":"product","link":"https:\/\/laylascrapearts.com.br\/wp\/produto\/aplique-madeirinha-doce-espera\/","title":{"rendered":"Aplique Madeirinha DOCE ESPERA"},"content":{"rendered":"<p>-Produto indicado para projetos de SCRAPBOOK, SCRAP DECOR e ARTES EM GERAL;<\/p>\n<p>-Embalagem com 5 itens de 0,8x4cm a 3,5&#215;7<\/p>\n<p>-Recortes em Madeira;<\/p>\n","protected":false},"excerpt":{"rendered":"<p>PRODUTO: Aplique Madeirinha<br \/>\nCOLE\u00c7\u00c3O: BEB\u00ca<br \/>\nMARCA: Esta\u00e7\u00e3o do Scrap<\/p>\n<p>MATERIAL: Madeira [&#8230;]<\/p>\n<p><a class=\"btn btn-secondary understrap-read-more-link\" href=\"https:\/\/laylascrapearts.com.br\/wp\/produto\/aplique-madeirinha-doce-espera\/\">Leia mais&#8230;<\/a><\/p>\n","protected":false},"featured_media":14457,"comment_status":"open","ping_status":"closed","template":"","meta":[],"product_brand":[],"product_cat":[24,208],"product_tag":[527,724,1268,723],"class_list":{"0":"post-14474","1":"product","2":"type-product","3":"status-publish","4":"has-post-thumbnail","6":"product_cat-acessorios","7":"product_cat-madeirinha","8":"product_tag-baby","9":"product_tag-boy","10":"product_tag-estacao-do-scrap","11":"product_tag-girl","13":"first","14":"instock","15":"taxable","16":"shipping-taxable","17":"purchasable","18":"product-type-simple"},"_links":{"self":[{"href":"https:\/\/laylascrapearts.com.br\/wp\/wp-json\/wp\/v2\/product\/14474","targetHints":{"allow":["GET"]}}],"collection":[{"href":"https:\/\/laylascrapearts.com.br\/wp\/wp-json\/wp\/v2\/product"}],"about":[{"href":"https:\/\/laylascrapearts.com.br\/wp\/wp-json\/wp\/v2\/types\/product"}],"replies":[{"embeddable":true,"href":"https:\/\/laylascrapearts.com.br\/wp\/wp-json\/wp\/v2\/comments?post=14474"}],"wp:featuredmedia":[{"embeddable":true,"href":"https:\/\/laylascrapearts.com.br\/wp\/wp-json\/wp\/v2\/media\/14457"}],"wp:attachment":[{"href":"https:\/\/laylascrapearts.com.br\/wp\/wp-json\/wp\/v2\/media?parent=14474"}],"wp:term":[{"taxonomy":"product_brand","embeddable":true,"href":"https:\/\/laylascrapearts.com.br\/wp\/wp-json\/wp\/v2\/product_brand?post=14474"},{"taxonomy":"product_cat","embeddable":true,"href":"https:\/\/laylascrapearts.com.br\/wp\/wp-json\/wp\/v2\/product_cat?post=14474"},{"taxonomy":"product_tag","embeddable":true,"href":"https:\/\/laylascrapearts.com.br\/wp\/wp-json\/wp\/v2\/product_tag?post=14474"}],"curies":[{"name":"wp","href":"https:\/\/api.w.org\/{rel}","templated":true}]}}