{"id":14448,"date":"2022-08-15T15:37:06","date_gmt":"2022-08-15T18:37:06","guid":{"rendered":"https:\/\/laylascrapearts.com.br\/wp\/?post_type=product&#038;p=14448"},"modified":"2022-12-22T18:22:21","modified_gmt":"2022-12-22T21:22:21","slug":"aplique-chipboard-titulos-bebe","status":"publish","type":"product","link":"https:\/\/laylascrapearts.com.br\/wp\/produto\/aplique-chipboard-titulos-bebe\/","title":{"rendered":"Aplique Chipboard T\u00cdTULOS BEB\u00ca"},"content":{"rendered":"<p>-Produto indicado para projetos de SCRAPBOOK, SCRAP DECOR e ARTES EM GERAL;<\/p>\n<p>-Embalagem 5 itens de 4&#215;7,5cm a 3x9cm.<br \/>\n-Espessura: 1mm.<br \/>\n-Material: papel\u00e3o.<br \/>\n-Os apliques n\u00e3o s\u00e3o adesivos.<\/p>\n<p>-Recortes em Chipboard;<\/p>\n","protected":false},"excerpt":{"rendered":"<p>PRODUTO: Aplique Madeirinha<br \/>\nCOLE\u00c7\u00c3O: BEB\u00ca<br \/>\nMARCA: Esta\u00e7\u00e3o do Scrap<\/p>\n<p>MATERIAL: Chipboard [&#8230;]<\/p>\n<p><a class=\"btn btn-secondary understrap-read-more-link\" href=\"https:\/\/laylascrapearts.com.br\/wp\/produto\/aplique-chipboard-titulos-bebe\/\">Leia mais&#8230;<\/a><\/p>\n","protected":false},"featured_media":14465,"comment_status":"open","ping_status":"closed","template":"","meta":[],"product_brand":[],"product_cat":[24,165],"product_tag":[527,724,1268,1321,1036],"class_list":{"0":"post-14448","1":"product","2":"type-product","3":"status-publish","4":"has-post-thumbnail","6":"product_cat-acessorios","7":"product_cat-chipboard-apliques","8":"product_tag-baby","9":"product_tag-boy","10":"product_tag-estacao-do-scrap","11":"product_tag-gil","12":"product_tag-titulo","14":"first","15":"instock","16":"taxable","17":"shipping-taxable","18":"purchasable","19":"product-type-simple"},"_links":{"self":[{"href":"https:\/\/laylascrapearts.com.br\/wp\/wp-json\/wp\/v2\/product\/14448","targetHints":{"allow":["GET"]}}],"collection":[{"href":"https:\/\/laylascrapearts.com.br\/wp\/wp-json\/wp\/v2\/product"}],"about":[{"href":"https:\/\/laylascrapearts.com.br\/wp\/wp-json\/wp\/v2\/types\/product"}],"replies":[{"embeddable":true,"href":"https:\/\/laylascrapearts.com.br\/wp\/wp-json\/wp\/v2\/comments?post=14448"}],"wp:featuredmedia":[{"embeddable":true,"href":"https:\/\/laylascrapearts.com.br\/wp\/wp-json\/wp\/v2\/media\/14465"}],"wp:attachment":[{"href":"https:\/\/laylascrapearts.com.br\/wp\/wp-json\/wp\/v2\/media?parent=14448"}],"wp:term":[{"taxonomy":"product_brand","embeddable":true,"href":"https:\/\/laylascrapearts.com.br\/wp\/wp-json\/wp\/v2\/product_brand?post=14448"},{"taxonomy":"product_cat","embeddable":true,"href":"https:\/\/laylascrapearts.com.br\/wp\/wp-json\/wp\/v2\/product_cat?post=14448"},{"taxonomy":"product_tag","embeddable":true,"href":"https:\/\/laylascrapearts.com.br\/wp\/wp-json\/wp\/v2\/product_tag?post=14448"}],"curies":[{"name":"wp","href":"https:\/\/api.w.org\/{rel}","templated":true}]}}