{"id":14059,"date":"2022-05-10T22:40:38","date_gmt":"2022-05-11T01:40:38","guid":{"rendered":"https:\/\/laylascrapearts.com.br\/wp\/?post_type=product&#038;p=14059"},"modified":"2024-02-27T21:21:08","modified_gmt":"2024-02-28T00:21:08","slug":"cartela-de-enfeites-madeirinha-nossa-historia-mamae","status":"publish","type":"product","link":"https:\/\/laylascrapearts.com.br\/wp\/produto\/cartela-de-enfeites-madeirinha-nossa-historia-mamae\/","title":{"rendered":"Cartela de Enfeites Madeirinha Nossa Hist\u00f3ria MAM\u00c3E"},"content":{"rendered":"<p>-Produto especialmente indicado para projetos de SCRAPBOOK, SCRAP DECOR e ARTES EM GERAL;<\/p>\n<p>-Para aplica-lo ao seu projeto, utilize colas livre de \u00e1cido, costurinhas, etc;<\/p>\n","protected":false},"excerpt":{"rendered":"<p>PRODUTO: Cartela de Enfeites<br \/>\nCOLE\u00c7\u00c3O: NOSSA HIST\u00d3RIA<br \/>\nTEMA: Mam\u00e3e<br \/>\nMATERIAL: Pinus [&#8230;]<\/p>\n<p><a class=\"btn btn-secondary understrap-read-more-link\" href=\"https:\/\/laylascrapearts.com.br\/wp\/produto\/cartela-de-enfeites-madeirinha-nossa-historia-mamae\/\">Leia mais&#8230;<\/a><\/p>\n","protected":false},"featured_media":14057,"comment_status":"open","ping_status":"closed","template":"","meta":[],"product_brand":[],"product_cat":[24,208],"product_tag":[527,724,723,354,216,1036],"class_list":{"0":"post-14059","1":"product","2":"type-product","3":"status-publish","4":"has-post-thumbnail","6":"product_cat-acessorios","7":"product_cat-madeirinha","8":"product_tag-baby","9":"product_tag-boy","10":"product_tag-girl","11":"product_tag-juju-scrapbook","12":"product_tag-nossa-historia","13":"product_tag-titulo","15":"first","16":"instock","17":"taxable","18":"shipping-taxable","19":"purchasable","20":"product-type-simple"},"_links":{"self":[{"href":"https:\/\/laylascrapearts.com.br\/wp\/wp-json\/wp\/v2\/product\/14059","targetHints":{"allow":["GET"]}}],"collection":[{"href":"https:\/\/laylascrapearts.com.br\/wp\/wp-json\/wp\/v2\/product"}],"about":[{"href":"https:\/\/laylascrapearts.com.br\/wp\/wp-json\/wp\/v2\/types\/product"}],"replies":[{"embeddable":true,"href":"https:\/\/laylascrapearts.com.br\/wp\/wp-json\/wp\/v2\/comments?post=14059"}],"wp:featuredmedia":[{"embeddable":true,"href":"https:\/\/laylascrapearts.com.br\/wp\/wp-json\/wp\/v2\/media\/14057"}],"wp:attachment":[{"href":"https:\/\/laylascrapearts.com.br\/wp\/wp-json\/wp\/v2\/media?parent=14059"}],"wp:term":[{"taxonomy":"product_brand","embeddable":true,"href":"https:\/\/laylascrapearts.com.br\/wp\/wp-json\/wp\/v2\/product_brand?post=14059"},{"taxonomy":"product_cat","embeddable":true,"href":"https:\/\/laylascrapearts.com.br\/wp\/wp-json\/wp\/v2\/product_cat?post=14059"},{"taxonomy":"product_tag","embeddable":true,"href":"https:\/\/laylascrapearts.com.br\/wp\/wp-json\/wp\/v2\/product_tag?post=14059"}],"curies":[{"name":"wp","href":"https:\/\/api.w.org\/{rel}","templated":true}]}}