{"id":14012,"date":"2022-04-19T11:21:24","date_gmt":"2022-04-19T14:21:24","guid":{"rendered":"https:\/\/laylascrapearts.com.br\/wp\/?post_type=product&#038;p=14012"},"modified":"2022-04-21T13:11:56","modified_gmt":"2022-04-21T16:11:56","slug":"cartela-de-carimbos-nat-e-noel-peek-a-boo-bordinhas","status":"publish","type":"product","link":"https:\/\/laylascrapearts.com.br\/wp\/produto\/cartela-de-carimbos-nat-e-noel-peek-a-boo-bordinhas\/","title":{"rendered":"Cartela de Carimbos Nat e Noel Peek a Boo BORDINHAS"},"content":{"rendered":"<p>Clear Stamp<\/p>\n<p>Contem 01 und<\/p>\n<p>Para us\u00e1-lo, \u00e9 necess\u00e1rio retirar da pel\u00edcula transparente e aplicar em base para carimbos\u00a0<a href=\"https:\/\/laylascrapearts.com.br\/categoria-produto\/ferramentas\/bases-de-precisao\/\">https:\/\/laylascrapearts.com.br\/categoria-produto\/ferramentas\/bases-de-precisao\/<\/a><\/p>\n","protected":false},"excerpt":{"rendered":"<p>PRODUTO: Cartela de Carimbos<br \/>\nCOLE\u00c7\u00c3O: Nat e Noel Pee a Boo<br \/>\nTEMA: Bordinhas<br \/>\nMATERIAL: Silicone [&#8230;]<\/p>\n<p><a class=\"btn btn-secondary understrap-read-more-link\" href=\"https:\/\/laylascrapearts.com.br\/wp\/produto\/cartela-de-carimbos-nat-e-noel-peek-a-boo-bordinhas\/\">Leia mais&#8230;<\/a><\/p>\n","protected":false},"featured_media":13989,"comment_status":"open","ping_status":"closed","template":"","meta":[],"product_brand":[],"product_cat":[154,1117],"product_tag":[201,1312],"class_list":{"0":"post-14012","1":"product","2":"type-product","3":"status-publish","4":"has-post-thumbnail","6":"product_cat-carimbos","7":"product_cat-dany-peres-carimbos","8":"product_tag-dany-peres","9":"product_tag-nat-e-noel-peek-a-boo","11":"first","12":"instock","13":"taxable","14":"shipping-taxable","15":"purchasable","16":"product-type-simple"},"_links":{"self":[{"href":"https:\/\/laylascrapearts.com.br\/wp\/wp-json\/wp\/v2\/product\/14012","targetHints":{"allow":["GET"]}}],"collection":[{"href":"https:\/\/laylascrapearts.com.br\/wp\/wp-json\/wp\/v2\/product"}],"about":[{"href":"https:\/\/laylascrapearts.com.br\/wp\/wp-json\/wp\/v2\/types\/product"}],"replies":[{"embeddable":true,"href":"https:\/\/laylascrapearts.com.br\/wp\/wp-json\/wp\/v2\/comments?post=14012"}],"wp:featuredmedia":[{"embeddable":true,"href":"https:\/\/laylascrapearts.com.br\/wp\/wp-json\/wp\/v2\/media\/13989"}],"wp:attachment":[{"href":"https:\/\/laylascrapearts.com.br\/wp\/wp-json\/wp\/v2\/media?parent=14012"}],"wp:term":[{"taxonomy":"product_brand","embeddable":true,"href":"https:\/\/laylascrapearts.com.br\/wp\/wp-json\/wp\/v2\/product_brand?post=14012"},{"taxonomy":"product_cat","embeddable":true,"href":"https:\/\/laylascrapearts.com.br\/wp\/wp-json\/wp\/v2\/product_cat?post=14012"},{"taxonomy":"product_tag","embeddable":true,"href":"https:\/\/laylascrapearts.com.br\/wp\/wp-json\/wp\/v2\/product_tag?post=14012"}],"curies":[{"name":"wp","href":"https:\/\/api.w.org\/{rel}","templated":true}]}}