{"id":13698,"date":"2022-03-15T16:01:53","date_gmt":"2022-03-15T19:01:53","guid":{"rendered":"https:\/\/laylascrapearts.com.br\/wp\/?post_type=product&#038;p=13698"},"modified":"2024-02-25T18:30:07","modified_gmt":"2024-02-25T21:30:07","slug":"aplique-acrilico-flore-flores-floresca","status":"publish","type":"product","link":"https:\/\/laylascrapearts.com.br\/wp\/produto\/aplique-acrilico-flore-flores-floresca\/","title":{"rendered":"Aplique Acr\u00edlico Flore FLORES + FLORES\u00c7A"},"content":{"rendered":"<pre>Apliques em acr\u00edlico.\r\nIdeal para usar como enfeites, t\u00edtulos e penduricalhos.\r\nAcess\u00f3rios perfeitos para scrapbook, planners e artesanato em geral.<\/pre>\n","protected":false},"excerpt":{"rendered":"<p>PRODUTO: Aplique Acr\u00edlico<br \/>\nCOLE\u00c7\u00c3O: FLORE<br \/>\nTEMA: Flores\u00e7a<br \/>\nMATERIAL: Acr\u00edlico [&#8230;]<\/p>\n<p><a class=\"btn btn-secondary understrap-read-more-link\" href=\"https:\/\/laylascrapearts.com.br\/wp\/produto\/aplique-acrilico-flore-flores-floresca\/\">Leia mais&#8230;<\/a><\/p>\n","protected":false},"featured_media":13687,"comment_status":"open","ping_status":"closed","template":"","meta":[],"product_brand":[],"product_cat":[24,484],"product_tag":[193,1303,987,1036],"class_list":{"0":"post-13698","1":"product","2":"type-product","3":"status-publish","4":"has-post-thumbnail","6":"product_cat-acessorios","7":"product_cat-acrilicos","8":"product_tag-floral","9":"product_tag-flore","10":"product_tag-it-lov","11":"product_tag-titulo","13":"first","14":"instock","15":"taxable","16":"shipping-taxable","17":"purchasable","18":"product-type-simple"},"_links":{"self":[{"href":"https:\/\/laylascrapearts.com.br\/wp\/wp-json\/wp\/v2\/product\/13698","targetHints":{"allow":["GET"]}}],"collection":[{"href":"https:\/\/laylascrapearts.com.br\/wp\/wp-json\/wp\/v2\/product"}],"about":[{"href":"https:\/\/laylascrapearts.com.br\/wp\/wp-json\/wp\/v2\/types\/product"}],"replies":[{"embeddable":true,"href":"https:\/\/laylascrapearts.com.br\/wp\/wp-json\/wp\/v2\/comments?post=13698"}],"wp:featuredmedia":[{"embeddable":true,"href":"https:\/\/laylascrapearts.com.br\/wp\/wp-json\/wp\/v2\/media\/13687"}],"wp:attachment":[{"href":"https:\/\/laylascrapearts.com.br\/wp\/wp-json\/wp\/v2\/media?parent=13698"}],"wp:term":[{"taxonomy":"product_brand","embeddable":true,"href":"https:\/\/laylascrapearts.com.br\/wp\/wp-json\/wp\/v2\/product_brand?post=13698"},{"taxonomy":"product_cat","embeddable":true,"href":"https:\/\/laylascrapearts.com.br\/wp\/wp-json\/wp\/v2\/product_cat?post=13698"},{"taxonomy":"product_tag","embeddable":true,"href":"https:\/\/laylascrapearts.com.br\/wp\/wp-json\/wp\/v2\/product_tag?post=13698"}],"curies":[{"name":"wp","href":"https:\/\/api.w.org\/{rel}","templated":true}]}}