{"id":13564,"date":"2022-02-19T13:20:38","date_gmt":"2022-02-19T16:20:38","guid":{"rendered":"https:\/\/laylascrapearts.com.br\/wp\/?post_type=product&#038;p=13564"},"modified":"2022-12-02T10:13:46","modified_gmt":"2022-12-02T13:13:46","slug":"kit-colecao-petit-10f","status":"publish","type":"product","link":"https:\/\/laylascrapearts.com.br\/wp\/produto\/kit-colecao-petit-10f\/","title":{"rendered":"Kit Cole\u00e7\u00e3o ESSENCIAL SET VANILLA 10F"},"content":{"rendered":"<p>LIVRE DE \u00c1CIDO\/ ACID FREE<\/p>\n<p>-Produto especialmente indicado para projetos de SCRAPBOOK, SCRAP DECOR e ARTES EM GERAL;<\/p>\n<p>-Kit com 10 Folhas Dupla Face \u2013 02 DE CADA MODELO DA COLE\u00c7\u00c3O;<\/p>\n<p>Cole\u00e7\u00e3o B\u00e1sicos<\/p>\n<p>Carina Sartor<\/p>\n","protected":false},"excerpt":{"rendered":"<p>PRODUTO: Kit Cole\u00e7\u00e3o<br \/>\nCOLE\u00c7\u00c3O: ESSENCIAL SET &#8211; PETIT<br \/>\nMARCA: Carina Sartor<br \/>\nMedida: 30,5CM X 30,5CM<br \/>\nCONTEM 10 FOLHAS DUPLA FACE [&#8230;]<\/p>\n<p><a class=\"btn btn-secondary understrap-read-more-link\" href=\"https:\/\/laylascrapearts.com.br\/wp\/produto\/kit-colecao-petit-10f\/\">Leia mais&#8230;<\/a><\/p>\n","protected":false},"featured_media":13563,"comment_status":"open","ping_status":"closed","template":"","meta":[],"product_brand":[],"product_cat":[100,1279,42],"product_tag":[778,463,1100,706,1300],"class_list":{"0":"post-13564","1":"product","2":"type-product","3":"status-publish","4":"has-post-thumbnail","6":"product_cat-carina-sartor","7":"product_cat-lancamentos","8":"product_cat-papeis","9":"product_tag-basico","10":"product_tag-carina-sartor","11":"product_tag-essencial-set","12":"product_tag-kit-colecao","13":"product_tag-petit","15":"first","16":"instock","17":"taxable","18":"shipping-taxable","19":"purchasable","20":"product-type-simple"},"_links":{"self":[{"href":"https:\/\/laylascrapearts.com.br\/wp\/wp-json\/wp\/v2\/product\/13564","targetHints":{"allow":["GET"]}}],"collection":[{"href":"https:\/\/laylascrapearts.com.br\/wp\/wp-json\/wp\/v2\/product"}],"about":[{"href":"https:\/\/laylascrapearts.com.br\/wp\/wp-json\/wp\/v2\/types\/product"}],"replies":[{"embeddable":true,"href":"https:\/\/laylascrapearts.com.br\/wp\/wp-json\/wp\/v2\/comments?post=13564"}],"wp:featuredmedia":[{"embeddable":true,"href":"https:\/\/laylascrapearts.com.br\/wp\/wp-json\/wp\/v2\/media\/13563"}],"wp:attachment":[{"href":"https:\/\/laylascrapearts.com.br\/wp\/wp-json\/wp\/v2\/media?parent=13564"}],"wp:term":[{"taxonomy":"product_brand","embeddable":true,"href":"https:\/\/laylascrapearts.com.br\/wp\/wp-json\/wp\/v2\/product_brand?post=13564"},{"taxonomy":"product_cat","embeddable":true,"href":"https:\/\/laylascrapearts.com.br\/wp\/wp-json\/wp\/v2\/product_cat?post=13564"},{"taxonomy":"product_tag","embeddable":true,"href":"https:\/\/laylascrapearts.com.br\/wp\/wp-json\/wp\/v2\/product_tag?post=13564"}],"curies":[{"name":"wp","href":"https:\/\/api.w.org\/{rel}","templated":true}]}}