{"id":12933,"date":"2021-11-07T18:31:00","date_gmt":"2021-11-07T21:31:00","guid":{"rendered":"https:\/\/laylascrapearts.com.br\/wp\/?post_type=product&#038;p=12933"},"modified":"2022-11-08T14:47:27","modified_gmt":"2022-11-08T17:47:27","slug":"titulos-em-acrilico-colorido-portugues-noel-new","status":"publish","type":"product","link":"https:\/\/laylascrapearts.com.br\/wp\/produto\/titulos-em-acrilico-colorido-portugues-noel-new\/","title":{"rendered":"T\u00edtulos em Acr\u00edlico Colorido PORTUGU\u00caS NOEL NEW"},"content":{"rendered":"<p><strong>T\u00edtulos acr\u00edlico adesivado Coloridos em Ingl\u00eas \u2013\u00a0 6 pe\u00e7as.<\/strong><br \/>\nPalavra: Paz, Deus, Natal, Aproveite, Celebra\u00e7\u00e3o e 25\u00a0 \u2013 6 pe\u00e7as \u2013 Cores: Verde claro, verde escuro, vermelho, branco opaco e branco transl\u00facido. espessura: 2mm cada cor .<\/p>\n<p>A Cole\u00e7\u00e3o Noel \u00e9 a vers\u00e3o de cole\u00e7\u00f5es natalinas desenvolvidas pela Carina Sartor com tons mais alegres e vibrantes, com detalhes fofos que n\u00e3o podiam faltar. A paleta de cores foi inspirada no filme O fabuloso destino de Amelie Poulin, filme franc\u00eas incr\u00edvel, rico em detalhes, filmado em um filtro lind\u00edssimo com uma hist\u00f3ria que tem tuuuudo a ver com o m\u00e1gico mundo do Scrapbook.<\/p>\n","protected":false},"excerpt":{"rendered":"<p>PRODUTO: T\u00edtulo Acr\u00edlico<br \/>\nCOLE\u00c7\u00c3O: Noel New<br \/>\nTEMA: Portugu\u00eas<\/p>\n<p>MATERIAL: Acr\u00edlico Colorido Adesivado [&#8230;]<\/p>\n<p><a class=\"btn btn-secondary understrap-read-more-link\" href=\"https:\/\/laylascrapearts.com.br\/wp\/produto\/titulos-em-acrilico-colorido-portugues-noel-new\/\">Leia mais&#8230;<\/a><\/p>\n","protected":false},"featured_media":12922,"comment_status":"open","ping_status":"closed","template":"","meta":[],"product_brand":[],"product_cat":[24,484],"product_tag":[463,246,1290,1036],"class_list":{"0":"post-12933","1":"product","2":"type-product","3":"status-publish","4":"has-post-thumbnail","6":"product_cat-acessorios","7":"product_cat-acrilicos","8":"product_tag-carina-sartor","9":"product_tag-natal","10":"product_tag-noel-new","11":"product_tag-titulo","13":"first","14":"instock","15":"taxable","16":"shipping-taxable","17":"purchasable","18":"product-type-simple"},"_links":{"self":[{"href":"https:\/\/laylascrapearts.com.br\/wp\/wp-json\/wp\/v2\/product\/12933","targetHints":{"allow":["GET"]}}],"collection":[{"href":"https:\/\/laylascrapearts.com.br\/wp\/wp-json\/wp\/v2\/product"}],"about":[{"href":"https:\/\/laylascrapearts.com.br\/wp\/wp-json\/wp\/v2\/types\/product"}],"replies":[{"embeddable":true,"href":"https:\/\/laylascrapearts.com.br\/wp\/wp-json\/wp\/v2\/comments?post=12933"}],"wp:featuredmedia":[{"embeddable":true,"href":"https:\/\/laylascrapearts.com.br\/wp\/wp-json\/wp\/v2\/media\/12922"}],"wp:attachment":[{"href":"https:\/\/laylascrapearts.com.br\/wp\/wp-json\/wp\/v2\/media?parent=12933"}],"wp:term":[{"taxonomy":"product_brand","embeddable":true,"href":"https:\/\/laylascrapearts.com.br\/wp\/wp-json\/wp\/v2\/product_brand?post=12933"},{"taxonomy":"product_cat","embeddable":true,"href":"https:\/\/laylascrapearts.com.br\/wp\/wp-json\/wp\/v2\/product_cat?post=12933"},{"taxonomy":"product_tag","embeddable":true,"href":"https:\/\/laylascrapearts.com.br\/wp\/wp-json\/wp\/v2\/product_tag?post=12933"}],"curies":[{"name":"wp","href":"https:\/\/api.w.org\/{rel}","templated":true}]}}