{"id":12842,"date":"2021-11-06T17:03:51","date_gmt":"2021-11-06T20:03:51","guid":{"rendered":"https:\/\/laylascrapearts.com.br\/wp\/?post_type=product&#038;p=12842"},"modified":"2023-12-22T15:35:37","modified_gmt":"2023-12-22T18:35:37","slug":"bloco-a4-waiting-for-ii-elementos","status":"publish","type":"product","link":"https:\/\/laylascrapearts.com.br\/wp\/produto\/bloco-a4-waiting-for-ii-elementos\/","title":{"rendered":"Bloco A4 Waiting For II ELEMENTOS"},"content":{"rendered":"<p>27 Pap\u00e9is dupla face 21\u00d729,7cm \u2013 3 modelos\u00a0 240g \u2013\u00a0Acid free<\/p>\n<p>A Cole\u00e7\u00e3o Waiting for 2 foi desenvolvida pela Carina Sartor com a mesma paleta da primeira vers\u00e3o, agora com elementos ainda mais fofos e muita op\u00e7\u00e3o de recorte em tons de coral, turquesa e krafts. Esta cole\u00e7\u00e3o celebra momentos de espera, ansiedade e muita for\u00e7a e supera\u00e7\u00e3o.<\/p>\n","protected":false},"excerpt":{"rendered":"<p>PRODUTO: Bloco A4 240g<br \/>\nCOLE\u00c7\u00c3O: Waiting For II \u2013 Elementos<\/p>\n<p>Medida: 21,0CM X 29,7CM<\/p>\n<p>Bloco com 27 folhas dupla face: 9modelos x 3 de cada [&#8230;]<\/p>\n<p><a class=\"btn btn-secondary understrap-read-more-link\" href=\"https:\/\/laylascrapearts.com.br\/wp\/produto\/bloco-a4-waiting-for-ii-elementos\/\">Leia mais&#8230;<\/a><\/p>\n","protected":false},"featured_media":12847,"comment_status":"open","ping_status":"closed","template":"","meta":[],"product_brand":[],"product_cat":[100,42],"product_tag":[463,1289],"class_list":{"0":"post-12842","1":"product","2":"type-product","3":"status-publish","4":"has-post-thumbnail","6":"product_cat-carina-sartor","7":"product_cat-papeis","8":"product_tag-carina-sartor","9":"product_tag-waiting-for-ii","11":"first","12":"instock","13":"taxable","14":"shipping-taxable","15":"purchasable","16":"product-type-simple"},"_links":{"self":[{"href":"https:\/\/laylascrapearts.com.br\/wp\/wp-json\/wp\/v2\/product\/12842","targetHints":{"allow":["GET"]}}],"collection":[{"href":"https:\/\/laylascrapearts.com.br\/wp\/wp-json\/wp\/v2\/product"}],"about":[{"href":"https:\/\/laylascrapearts.com.br\/wp\/wp-json\/wp\/v2\/types\/product"}],"replies":[{"embeddable":true,"href":"https:\/\/laylascrapearts.com.br\/wp\/wp-json\/wp\/v2\/comments?post=12842"}],"wp:featuredmedia":[{"embeddable":true,"href":"https:\/\/laylascrapearts.com.br\/wp\/wp-json\/wp\/v2\/media\/12847"}],"wp:attachment":[{"href":"https:\/\/laylascrapearts.com.br\/wp\/wp-json\/wp\/v2\/media?parent=12842"}],"wp:term":[{"taxonomy":"product_brand","embeddable":true,"href":"https:\/\/laylascrapearts.com.br\/wp\/wp-json\/wp\/v2\/product_brand?post=12842"},{"taxonomy":"product_cat","embeddable":true,"href":"https:\/\/laylascrapearts.com.br\/wp\/wp-json\/wp\/v2\/product_cat?post=12842"},{"taxonomy":"product_tag","embeddable":true,"href":"https:\/\/laylascrapearts.com.br\/wp\/wp-json\/wp\/v2\/product_tag?post=12842"}],"curies":[{"name":"wp","href":"https:\/\/api.w.org\/{rel}","templated":true}]}}